{"id":168663,"date":"2025-12-19T20:59:10","date_gmt":"2025-12-19T17:59:10","guid":{"rendered":"https:\/\/baldumarket.lt\/product\/viva-mat-dab-wotan-bialy-nowoczesna-lawa-stolik-kawowy-z-polkami\/"},"modified":"2026-02-03T23:29:27","modified_gmt":"2026-02-03T20:29:27","slug":"viva-mat-dab-wotan-bialy-nowoczesna-lawa-stolik-kawowy-z-polkami","status":"publish","type":"product","link":"https:\/\/baldumarket.lt\/lt\/product\/viva-mat-dab-wotan-bialy-nowoczesna-lawa-stolik-kawowy-z-polkami\/","title":{"rendered":"VIVA MAT Wotan \u0105\u017euolas\/balta &#8211; MODERNUS KAVOS STALIUKAS SU LENTYNOMIS"},"content":{"rendered":"<p>Kavos staliukas pagamintas i\u0161 28 mm storio matin\u0117s med\u017eio dro\u017eli\u0173 plok\u0161t\u0117s, laminuotos i\u0161 abiej\u0173 pusi\u0173, ir 18 mm storio (lentynos). Visas staliukas apdailintas 1 mm ABS briaunomis.<br \/>\n\u012eskai\u010diuota:<br \/>\nAi\u0161kios, nuoseklios instrukcijos, tod\u0117l surinkimas labai paprastas ir trunka tik 30\u201345 minutes.<\/p>","protected":false},"excerpt":{"rendered":"<p>PLOTIS 110 cm, GYLIS 60 cm, AUK\u0160TIS 45 cm, MED\u017dIAGOS Med\u017eio dro\u017eli\u0173 plok\u0161t\u0117, PAVIR\u0160IUS Matinis, STILIUS Modernus, SVORIS SU PAKUOTE 29,5 kg<\/p>","protected":false},"featured_media":168664,"comment_status":"open","ping_status":"open","template":"","meta":[],"product_brand":[],"product_cat":[866,4109],"product_tag":[],"class_list":{"0":"post-168663","1":"product","2":"type-product","3":"status-publish","4":"has-post-thumbnail","6":"product_cat-coffee-tables","7":"product_cat-mazzoni","9":"first","10":"instock","11":"purchasable","12":"product-type-simple"},"_links":{"self":[{"href":"https:\/\/baldumarket.lt\/lt\/wp-json\/wp\/v2\/product\/168663","targetHints":{"allow":["GET"]}}],"collection":[{"href":"https:\/\/baldumarket.lt\/lt\/wp-json\/wp\/v2\/product"}],"about":[{"href":"https:\/\/baldumarket.lt\/lt\/wp-json\/wp\/v2\/types\/product"}],"replies":[{"embeddable":true,"href":"https:\/\/baldumarket.lt\/lt\/wp-json\/wp\/v2\/comments?post=168663"}],"wp:featuredmedia":[{"embeddable":true,"href":"https:\/\/baldumarket.lt\/lt\/wp-json\/wp\/v2\/media\/168664"}],"wp:attachment":[{"href":"https:\/\/baldumarket.lt\/lt\/wp-json\/wp\/v2\/media?parent=168663"}],"wp:term":[{"taxonomy":"product_brand","embeddable":true,"href":"https:\/\/baldumarket.lt\/lt\/wp-json\/wp\/v2\/product_brand?post=168663"},{"taxonomy":"product_cat","embeddable":true,"href":"https:\/\/baldumarket.lt\/lt\/wp-json\/wp\/v2\/product_cat?post=168663"},{"taxonomy":"product_tag","embeddable":true,"href":"https:\/\/baldumarket.lt\/lt\/wp-json\/wp\/v2\/product_tag?post=168663"}],"curies":[{"name":"wp","href":"https:\/\/api.w.org\/{rel}","templated":true}]}}