{"id":168641,"date":"2025-12-19T20:58:38","date_gmt":"2025-12-19T17:58:38","guid":{"rendered":"https:\/\/baldumarket.lt\/product\/barek-provenza-kd2sz11-dab-kamienny-bialy-mat-szafka-z-duza-szuflada-komoda-retro\/"},"modified":"2026-04-06T17:57:12","modified_gmt":"2026-04-06T14:57:12","slug":"barek-provenza-kd2sz11-dab-kamienny-bialy-mat-szafka-z-duza-szuflada-komoda-retro","status":"publish","type":"product","link":"https:\/\/baldumarket.lt\/lt\/product\/barek-provenza-kd2sz11-dab-kamienny-bialy-mat-szafka-z-duza-szuflada-komoda-retro\/","title":{"rendered":"PROVENZA KD2SZ1+1 Baras, akmens \u0105\u017euolo spalvos\/matin\u0117 balta &#8211; SPINTEL\u0116 SU DIDELIU STAL\u010cIU, RETRO STILIUS KOMODOS"},"content":{"rendered":"<p>Baldai pagaminti i\u0161 18 mm storio matin\u0117s med\u017eio dro\u017eli\u0173 plok\u0161t\u0117s\/MDF, laminuotos i\u0161 abiej\u0173 pusi\u0173, apdailintos 1 mm ABS kra\u0161tais.<br \/>\n\u012eskai\u010diuota:<br \/>\nAi\u0161kios, nuoseklios instrukcijos, tod\u0117l surinkimas labai paprastas ir trunka tik 45\u201360 minu\u010di\u0173.<\/p>","protected":false},"excerpt":{"rendered":"<p>PLOTIS 87,2 cm, GYLIS 43,5 cm, AUK\u0160TIS 133,2 cm, MED\u017dIAGOS MDF + med\u017eio dro\u017eli\u0173 plok\u0161t\u0117s, PAVIR\u0160IUS Matinis, STILIUS Provanso, SVORIS SU PAKUOTE 55 kg<\/p>","protected":false},"featured_media":168642,"comment_status":"open","ping_status":"open","template":"","meta":[],"product_brand":[],"product_cat":[9542,1173,4109],"product_tag":[],"class_list":{"0":"post-168641","1":"product","2":"type-product","3":"status-publish","4":"has-post-thumbnail","6":"product_cat-furniture-system-provenza-mazzoni","7":"product_cat-chests-of-drawers","8":"product_cat-mazzoni","10":"first","11":"instock","12":"purchasable","13":"product-type-simple"},"_links":{"self":[{"href":"https:\/\/baldumarket.lt\/lt\/wp-json\/wp\/v2\/product\/168641","targetHints":{"allow":["GET"]}}],"collection":[{"href":"https:\/\/baldumarket.lt\/lt\/wp-json\/wp\/v2\/product"}],"about":[{"href":"https:\/\/baldumarket.lt\/lt\/wp-json\/wp\/v2\/types\/product"}],"replies":[{"embeddable":true,"href":"https:\/\/baldumarket.lt\/lt\/wp-json\/wp\/v2\/comments?post=168641"}],"wp:featuredmedia":[{"embeddable":true,"href":"https:\/\/baldumarket.lt\/lt\/wp-json\/wp\/v2\/media\/168642"}],"wp:attachment":[{"href":"https:\/\/baldumarket.lt\/lt\/wp-json\/wp\/v2\/media?parent=168641"}],"wp:term":[{"taxonomy":"product_brand","embeddable":true,"href":"https:\/\/baldumarket.lt\/lt\/wp-json\/wp\/v2\/product_brand?post=168641"},{"taxonomy":"product_cat","embeddable":true,"href":"https:\/\/baldumarket.lt\/lt\/wp-json\/wp\/v2\/product_cat?post=168641"},{"taxonomy":"product_tag","embeddable":true,"href":"https:\/\/baldumarket.lt\/lt\/wp-json\/wp\/v2\/product_tag?post=168641"}],"curies":[{"name":"wp","href":"https:\/\/api.w.org\/{rel}","templated":true}]}}