{"id":168633,"date":"2025-12-19T20:58:28","date_gmt":"2025-12-19T17:58:28","guid":{"rendered":"https:\/\/baldumarket.lt\/product\/witryna-niska-provenza-kwnd4-dab-kamienny-bialy-mat-szafka-stojaca-4-drzwiowa-komoda-retro\/"},"modified":"2026-04-06T17:57:12","modified_gmt":"2026-04-06T14:57:12","slug":"witryna-niska-provenza-kwnd4-dab-kamienny-bialy-mat-szafka-stojaca-4-drzwiowa-komoda-retro","status":"publish","type":"product","link":"https:\/\/baldumarket.lt\/lt\/product\/witryna-niska-provenza-kwnd4-dab-kamienny-bialy-mat-szafka-stojaca-4-drzwiowa-komoda-retro\/","title":{"rendered":"PROVENZA KWND4 \u017eema vitrina, akmens \u0105\u017euolo spalvos\/matin\u0117 balta &#8211; GRINDIN\u0116 SPINTEL\u0116 SU 4 DURIMIS RETRO KOMODA"},"content":{"rendered":"<p>Baldai pagaminti i\u0161 18 mm storio matin\u0117s med\u017eio dro\u017eli\u0173 plok\u0161t\u0117s\/MDF, laminuotos i\u0161 abiej\u0173 pusi\u0173, apdailintos 1 mm ABS kra\u0161tais.<br \/>\n\u012eskai\u010diuota:<br \/>\nAi\u0161kios, nuoseklios instrukcijos, tod\u0117l surinkimas labai paprastas ir trunka tik 45\u201360 minu\u010di\u0173.<\/p>","protected":false},"excerpt":{"rendered":"<p>PLOTIS 87,2 cm, GYLIS 43,5 cm, AUK\u0160TIS 133,2 cm, MED\u017dIAGOS MDF + med\u017eio dro\u017eli\u0173 plok\u0161t\u0117s, PAVIR\u0160IUS Matinis, STILIUS Provanso, SVORIS SU PAKUOTE 52 kg<\/p>","protected":false},"featured_media":168634,"comment_status":"open","ping_status":"open","template":"","meta":[],"product_brand":[],"product_cat":[9542,4109,2006],"product_tag":[],"class_list":{"0":"post-168633","1":"product","2":"type-product","3":"status-publish","4":"has-post-thumbnail","6":"product_cat-furniture-system-provenza-mazzoni","7":"product_cat-mazzoni","8":"product_cat-vitrines","10":"first","11":"instock","12":"purchasable","13":"product-type-simple"},"_links":{"self":[{"href":"https:\/\/baldumarket.lt\/lt\/wp-json\/wp\/v2\/product\/168633","targetHints":{"allow":["GET"]}}],"collection":[{"href":"https:\/\/baldumarket.lt\/lt\/wp-json\/wp\/v2\/product"}],"about":[{"href":"https:\/\/baldumarket.lt\/lt\/wp-json\/wp\/v2\/types\/product"}],"replies":[{"embeddable":true,"href":"https:\/\/baldumarket.lt\/lt\/wp-json\/wp\/v2\/comments?post=168633"}],"wp:featuredmedia":[{"embeddable":true,"href":"https:\/\/baldumarket.lt\/lt\/wp-json\/wp\/v2\/media\/168634"}],"wp:attachment":[{"href":"https:\/\/baldumarket.lt\/lt\/wp-json\/wp\/v2\/media?parent=168633"}],"wp:term":[{"taxonomy":"product_brand","embeddable":true,"href":"https:\/\/baldumarket.lt\/lt\/wp-json\/wp\/v2\/product_brand?post=168633"},{"taxonomy":"product_cat","embeddable":true,"href":"https:\/\/baldumarket.lt\/lt\/wp-json\/wp\/v2\/product_cat?post=168633"},{"taxonomy":"product_tag","embeddable":true,"href":"https:\/\/baldumarket.lt\/lt\/wp-json\/wp\/v2\/product_tag?post=168633"}],"curies":[{"name":"wp","href":"https:\/\/api.w.org\/{rel}","templated":true}]}}