{"id":168625,"date":"2025-12-19T20:58:19","date_gmt":"2025-12-19T17:58:19","guid":{"rendered":"https:\/\/baldumarket.lt\/product\/nuo-dab-brazowy-czarny-mat-nowoczesna-lawa-z-podnoszonym-blatem\/"},"modified":"2026-02-11T12:17:46","modified_gmt":"2026-02-11T09:17:46","slug":"nuo-dab-brazowy-czarny-mat-nowoczesna-lawa-z-podnoszonym-blatem","status":"publish","type":"product","link":"https:\/\/baldumarket.lt\/lt\/product\/nuo-dab-brazowy-czarny-mat-nowoczesna-lawa-z-podnoszonym-blatem\/","title":{"rendered":"NUO rudas \u0105\u017euolas\/matin\u0117 juoda &#8211; MODERNUS KAVOS STALIUKAS SU PAKELIAMU STALVIR\u0160IU"},"content":{"rendered":"<p>Kavos staliukas pagamintas i\u0161 auk\u0161tos kokyb\u0117s matin\u0117s med\u017eio dro\u017eli\u0173 plok\u0161t\u0117s, laminuotos i\u0161 abiej\u0173 pusi\u0173, 28 ir 18 mm storio, apdailintos 1 mm ABS kra\u0161tais. Komplekte yra ai\u0161kios, nuoseklios instrukcijos, tod\u0117l surinkimas labai paprastas ir trunka ma\u017edaug 30\u201345 minutes.<br \/>\nPakuot\u0117s matmenys ir svoris:<br \/>\n119 x 74 x 6 cm (21,7 kg)<br \/>\n117 x 64,5 x 6,5 cm (19,9 kg)<\/p>","protected":false},"excerpt":{"rendered":"<p>PLOTIS 110 cm, GYLIS 65 cm, AUK\u0160TIS 50 cm \/ 62 cm, MED\u017dIAGOS Med\u017eio dro\u017eli\u0173 plok\u0161t\u0117, FUNKCIJA I\u0161traukiamas stalvir\u0161is (n\u0117ra, AUK\u0160\u010cIO reguliavimo), PAVIR\u0160IUS Matinis, STILIUS Modernus, SVORIS SU PAKUOTE 42 kg<\/p>","protected":false},"featured_media":168626,"comment_status":"open","ping_status":"open","template":"","meta":[],"product_brand":[],"product_cat":[9539,866,4109],"product_tag":[],"class_list":{"0":"post-168625","1":"product","2":"type-product","3":"status-publish","4":"has-post-thumbnail","6":"product_cat-transformer-tables-nuo-mazzoni","7":"product_cat-coffee-tables","8":"product_cat-mazzoni","10":"first","11":"instock","12":"purchasable","13":"product-type-simple"},"_links":{"self":[{"href":"https:\/\/baldumarket.lt\/lt\/wp-json\/wp\/v2\/product\/168625","targetHints":{"allow":["GET"]}}],"collection":[{"href":"https:\/\/baldumarket.lt\/lt\/wp-json\/wp\/v2\/product"}],"about":[{"href":"https:\/\/baldumarket.lt\/lt\/wp-json\/wp\/v2\/types\/product"}],"replies":[{"embeddable":true,"href":"https:\/\/baldumarket.lt\/lt\/wp-json\/wp\/v2\/comments?post=168625"}],"wp:featuredmedia":[{"embeddable":true,"href":"https:\/\/baldumarket.lt\/lt\/wp-json\/wp\/v2\/media\/168626"}],"wp:attachment":[{"href":"https:\/\/baldumarket.lt\/lt\/wp-json\/wp\/v2\/media?parent=168625"}],"wp:term":[{"taxonomy":"product_brand","embeddable":true,"href":"https:\/\/baldumarket.lt\/lt\/wp-json\/wp\/v2\/product_brand?post=168625"},{"taxonomy":"product_cat","embeddable":true,"href":"https:\/\/baldumarket.lt\/lt\/wp-json\/wp\/v2\/product_cat?post=168625"},{"taxonomy":"product_tag","embeddable":true,"href":"https:\/\/baldumarket.lt\/lt\/wp-json\/wp\/v2\/product_tag?post=168625"}],"curies":[{"name":"wp","href":"https:\/\/api.w.org\/{rel}","templated":true}]}}