{"id":168577,"date":"2025-12-19T20:57:21","date_gmt":"2025-12-19T17:57:21","guid":{"rendered":"https:\/\/baldumarket.lt\/product\/polka-wiszaca-provenza-d1-dab-kamienny-bialy-mat-szafka-scienna-retro\/"},"modified":"2026-04-06T17:57:12","modified_gmt":"2026-04-06T14:57:12","slug":"polka-wiszaca-provenza-d1-dab-kamienny-bialy-mat-szafka-scienna-retro","status":"publish","type":"product","link":"https:\/\/baldumarket.lt\/lt\/product\/polka-wiszaca-provenza-d1-dab-kamienny-bialy-mat-szafka-scienna-retro\/","title":{"rendered":"PROVENZA D1 pakabinama lentyna, akmens \u0105\u017euolo spalvos\/matin\u0117 balta &#8211; RETRO SIENIN\u0116 SPINTEL\u0116"},"content":{"rendered":"<p>Baldai pagaminti i\u0161 18 mm storio matin\u0117s med\u017eio dro\u017eli\u0173 plok\u0161t\u0117s\/MDF, laminuotos i\u0161 abiej\u0173 pusi\u0173, apdailintos 1 mm ABS kra\u0161tais.<br \/>\n\u012eskai\u010diuota:<br \/>\nAi\u0161kios, nuoseklios instrukcijos, tod\u0117l surinkimas labai paprastas ir trunka tik 20\u201330 minu\u010di\u0173.<\/p>","protected":false},"excerpt":{"rendered":"<p>PLOTIS 130,6 cm, GYLIS 32 cm, AUK\u0160TIS 42,6 cm, MED\u017dIAGOS MDF + med\u017eio dro\u017eli\u0173 plok\u0161t\u0117s, PAVIR\u0160IUS Matinis, STILIUS Provanso, SVORIS SU PAKUOTE 20 kg<\/p>","protected":false},"featured_media":168578,"comment_status":"open","ping_status":"open","template":"","meta":[],"product_brand":[],"product_cat":[9542,1174,4109],"product_tag":[],"class_list":{"0":"post-168577","1":"product","2":"type-product","3":"status-publish","4":"has-post-thumbnail","6":"product_cat-furniture-system-provenza-mazzoni","7":"product_cat-hanging-shelves","8":"product_cat-mazzoni","10":"first","11":"instock","12":"purchasable","13":"product-type-simple"},"_links":{"self":[{"href":"https:\/\/baldumarket.lt\/lt\/wp-json\/wp\/v2\/product\/168577","targetHints":{"allow":["GET"]}}],"collection":[{"href":"https:\/\/baldumarket.lt\/lt\/wp-json\/wp\/v2\/product"}],"about":[{"href":"https:\/\/baldumarket.lt\/lt\/wp-json\/wp\/v2\/types\/product"}],"replies":[{"embeddable":true,"href":"https:\/\/baldumarket.lt\/lt\/wp-json\/wp\/v2\/comments?post=168577"}],"wp:featuredmedia":[{"embeddable":true,"href":"https:\/\/baldumarket.lt\/lt\/wp-json\/wp\/v2\/media\/168578"}],"wp:attachment":[{"href":"https:\/\/baldumarket.lt\/lt\/wp-json\/wp\/v2\/media?parent=168577"}],"wp:term":[{"taxonomy":"product_brand","embeddable":true,"href":"https:\/\/baldumarket.lt\/lt\/wp-json\/wp\/v2\/product_brand?post=168577"},{"taxonomy":"product_cat","embeddable":true,"href":"https:\/\/baldumarket.lt\/lt\/wp-json\/wp\/v2\/product_cat?post=168577"},{"taxonomy":"product_tag","embeddable":true,"href":"https:\/\/baldumarket.lt\/lt\/wp-json\/wp\/v2\/product_tag?post=168577"}],"curies":[{"name":"wp","href":"https:\/\/api.w.org\/{rel}","templated":true}]}}