{"id":168513,"date":"2025-12-19T20:56:04","date_gmt":"2025-12-19T17:56:04","guid":{"rendered":"https:\/\/baldumarket.lt\/product\/finlo-dab-brazowy-uchwyty-czarny-mat-nowoczesny-wieszak-scienny-z-polka-do-przedpokoju-90-i-70-cm\/"},"modified":"2026-04-06T17:36:21","modified_gmt":"2026-04-06T14:36:21","slug":"finlo-dab-brazowy-uchwyty-czarny-mat-nowoczesny-wieszak-scienny-z-polka-do-przedpokoju-90-i-70-cm","status":"publish","type":"product","link":"https:\/\/baldumarket.lt\/lt\/product\/finlo-dab-brazowy-uchwyty-czarny-mat-nowoczesny-wieszak-scienny-z-polka-do-przedpokoju-90-i-70-cm\/","title":{"rendered":"FINLO rudo \u0105\u017euolo \/ matin\u0117s juodos spalvos ranken\u0117l\u0117s \u2013 MODERNUS SIENINIS PAKABINUKAS SU LENTYNA PRIE\u0160KORIUI 90 ir 70 cm"},"content":{"rendered":"<p>Palt\u0173 kabykla pagaminta i\u0161 18 mm storio matin\u0117s med\u017eio dro\u017eli\u0173 plok\u0161t\u0117s, laminuotos i\u0161 abiej\u0173 pusi\u0173, apdailintos 1 mm ABS kra\u0161tais.<br \/>\nMetalin\u0117s rankenos yra papildomas elementas.<br \/>\n\u012eskai\u010diuota:<br \/>\nTvirtinimo kai\u0161\u010diai su kabliukais sienai<br \/>\nAi\u0161kios, nuoseklios instrukcijos labai palengvina surinkim\u0105 ir u\u017etrunka ma\u017edaug 20\u201330 minu\u010di\u0173.<\/p>","protected":false},"excerpt":{"rendered":"<p>PLOTIS 90 arba 70 cm (priklausomai nuo pasirinkto dyd\u017eio), GYLIS 15 cm, AUK\u0160TIS 40 cm, MED\u017dIAGOS Med\u017eio dro\u017eli\u0173 plok\u0161t\u0117, PAVIR\u0160IUS Matinis, STILIUS Modernus, SVORIS SU PAKUOTE 8 kg (90 cm) \/ 6,5 kg (70 cm)<\/p>","protected":false},"featured_media":168514,"comment_status":"open","ping_status":"open","template":"","meta":[],"product_brand":[],"product_cat":[1931,4109],"product_tag":[],"class_list":{"0":"post-168513","1":"product","2":"type-product","3":"status-publish","4":"has-post-thumbnail","6":"product_cat-hangers","7":"product_cat-mazzoni","9":"first","10":"instock","11":"purchasable","12":"product-type-simple"},"_links":{"self":[{"href":"https:\/\/baldumarket.lt\/lt\/wp-json\/wp\/v2\/product\/168513","targetHints":{"allow":["GET"]}}],"collection":[{"href":"https:\/\/baldumarket.lt\/lt\/wp-json\/wp\/v2\/product"}],"about":[{"href":"https:\/\/baldumarket.lt\/lt\/wp-json\/wp\/v2\/types\/product"}],"replies":[{"embeddable":true,"href":"https:\/\/baldumarket.lt\/lt\/wp-json\/wp\/v2\/comments?post=168513"}],"wp:featuredmedia":[{"embeddable":true,"href":"https:\/\/baldumarket.lt\/lt\/wp-json\/wp\/v2\/media\/168514"}],"wp:attachment":[{"href":"https:\/\/baldumarket.lt\/lt\/wp-json\/wp\/v2\/media?parent=168513"}],"wp:term":[{"taxonomy":"product_brand","embeddable":true,"href":"https:\/\/baldumarket.lt\/lt\/wp-json\/wp\/v2\/product_brand?post=168513"},{"taxonomy":"product_cat","embeddable":true,"href":"https:\/\/baldumarket.lt\/lt\/wp-json\/wp\/v2\/product_cat?post=168513"},{"taxonomy":"product_tag","embeddable":true,"href":"https:\/\/baldumarket.lt\/lt\/wp-json\/wp\/v2\/product_tag?post=168513"}],"curies":[{"name":"wp","href":"https:\/\/api.w.org\/{rel}","templated":true}]}}