{"id":168489,"date":"2025-12-19T20:55:34","date_gmt":"2025-12-19T17:55:34","guid":{"rendered":"https:\/\/baldumarket.lt\/product\/zestaw-mebli-folk-antracyt-ciemny-szary-dab-artisan-nowoczesna-mebloscianka-do-salonu-z-mala-szafka-rtv\/"},"modified":"2026-02-11T10:53:23","modified_gmt":"2026-02-11T07:53:23","slug":"zestaw-mebli-folk-antracyt-ciemny-szary-dab-artisan-nowoczesna-mebloscianka-do-salonu-z-mala-szafka-rtv","status":"publish","type":"product","link":"https:\/\/baldumarket.lt\/lt\/product\/zestaw-mebli-folk-antracyt-ciemny-szary-dab-artisan-nowoczesna-mebloscianka-do-salonu-z-mala-szafka-rtv\/","title":{"rendered":"FOLK antracito (tamsiai pilkos) \/ amatininko \u0105\u017euolo bald\u0173 komplektas \u2013 MODERNI SVETAIN\u0116S SIENIN\u0116 SPINTEL\u0116 SU MA\u017dA TV SPINTEL\u0116LE"},"content":{"rendered":"<p>Baldai pagaminti i\u0161 matin\u0117s MDF ir med\u017eio dro\u017eli\u0173 plok\u0161t\u0117s, laminuotos i\u0161 abiej\u0173 pusi\u0173, 28 ir 18 mm storio, apdailintos 1 mm ABS briaunomis. Stalvir\u0161iai padengti matiniu poliuretano laku \u2013 gamintojas rekomenduoja naudoti pagalv\u0117les, kad pavir\u0161ius b\u016bt\u0173 apsaugotas nuo \u012fbr\u0117\u017eim\u0173 naudojimo metu.<\/p>","protected":false},"excerpt":{"rendered":"<p>MED\u017dIAGOS MDF + med\u017eio dro\u017eli\u0173 plok\u0161t\u0117, PAVIR\u0160IUS Matinis, STILIUS Modernus, SVORIS SU PAKUOTE 266 kg, KITA Gaminys skirtas savaranki\u0161kam surinkimui su pateiktomis instrukcijomis<\/p>","protected":false},"featured_media":168490,"comment_status":"open","ping_status":"open","template":"","meta":[],"product_brand":[],"product_cat":[9530,4109,2008],"product_tag":[],"class_list":{"0":"post-168489","1":"product","2":"type-product","3":"status-publish","4":"has-post-thumbnail","6":"product_cat-furniture-system-folk-mazzoni","7":"product_cat-mazzoni","8":"product_cat-wall-units","10":"first","11":"instock","12":"purchasable","13":"product-type-simple"},"_links":{"self":[{"href":"https:\/\/baldumarket.lt\/lt\/wp-json\/wp\/v2\/product\/168489","targetHints":{"allow":["GET"]}}],"collection":[{"href":"https:\/\/baldumarket.lt\/lt\/wp-json\/wp\/v2\/product"}],"about":[{"href":"https:\/\/baldumarket.lt\/lt\/wp-json\/wp\/v2\/types\/product"}],"replies":[{"embeddable":true,"href":"https:\/\/baldumarket.lt\/lt\/wp-json\/wp\/v2\/comments?post=168489"}],"wp:featuredmedia":[{"embeddable":true,"href":"https:\/\/baldumarket.lt\/lt\/wp-json\/wp\/v2\/media\/168490"}],"wp:attachment":[{"href":"https:\/\/baldumarket.lt\/lt\/wp-json\/wp\/v2\/media?parent=168489"}],"wp:term":[{"taxonomy":"product_brand","embeddable":true,"href":"https:\/\/baldumarket.lt\/lt\/wp-json\/wp\/v2\/product_brand?post=168489"},{"taxonomy":"product_cat","embeddable":true,"href":"https:\/\/baldumarket.lt\/lt\/wp-json\/wp\/v2\/product_cat?post=168489"},{"taxonomy":"product_tag","embeddable":true,"href":"https:\/\/baldumarket.lt\/lt\/wp-json\/wp\/v2\/product_tag?post=168489"}],"curies":[{"name":"wp","href":"https:\/\/api.w.org\/{rel}","templated":true}]}}