{"id":168476,"date":"2025-12-19T20:55:18","date_gmt":"2025-12-19T17:55:18","guid":{"rendered":"https:\/\/baldumarket.lt\/product\/szafka-wiszaca-z-polka-folk-swp-36-antracyt-ciemny-szary-dab-artisan-nowoczesna-do-salonu-pokoju\/"},"modified":"2026-04-06T17:51:52","modified_gmt":"2026-04-06T14:51:52","slug":"szafka-wiszaca-z-polka-folk-swp-36-antracyt-ciemny-szary-dab-artisan-nowoczesna-do-salonu-pokoju","status":"publish","type":"product","link":"https:\/\/baldumarket.lt\/lt\/product\/szafka-wiszaca-z-polka-folk-swp-36-antracyt-ciemny-szary-dab-artisan-nowoczesna-do-salonu-pokoju\/","title":{"rendered":"Sienin\u0117 spintel\u0117 su lentyna FOLK SWP-36 Antracito (tamsiai pilka)\/Artisan Oak \u2013 MODERNI SVETAINEI"},"content":{"rendered":"<p>Baldai pagaminti i\u0161 matin\u0117s MDF ir med\u017eio dro\u017eli\u0173 plok\u0161t\u0117s, laminuotos i\u0161 abiej\u0173 pusi\u0173, 28 ir 18 mm storio, apdailintos 1 mm ABS kra\u0161tais.<br \/>\n\u012eskai\u010diuota:<br \/>\nAi\u0161kios, nuoseklios instrukcijos, tod\u0117l surinkimas labai paprastas ir trunka 30\u201345 minutes.<\/p>","protected":false},"excerpt":{"rendered":"<p>PLOTIS 36 cm, GYLIS 32 cm, AUK\u0160TIS 127 cm, MED\u017dIAGOS MDF + med\u017eio dro\u017eli\u0173 plok\u0161t\u0117s, PAVIR\u0160IUS Matinis, STILIUS Modernus, SVORIS SU PAKUOTE 31,5 kg<\/p>","protected":false},"featured_media":168477,"comment_status":"open","ping_status":"open","template":"","meta":[],"product_brand":[],"product_cat":[9530,1174,4109],"product_tag":[],"class_list":{"0":"post-168476","1":"product","2":"type-product","3":"status-publish","4":"has-post-thumbnail","6":"product_cat-furniture-system-folk-mazzoni","7":"product_cat-hanging-shelves","8":"product_cat-mazzoni","10":"first","11":"instock","12":"purchasable","13":"product-type-simple"},"_links":{"self":[{"href":"https:\/\/baldumarket.lt\/lt\/wp-json\/wp\/v2\/product\/168476","targetHints":{"allow":["GET"]}}],"collection":[{"href":"https:\/\/baldumarket.lt\/lt\/wp-json\/wp\/v2\/product"}],"about":[{"href":"https:\/\/baldumarket.lt\/lt\/wp-json\/wp\/v2\/types\/product"}],"replies":[{"embeddable":true,"href":"https:\/\/baldumarket.lt\/lt\/wp-json\/wp\/v2\/comments?post=168476"}],"wp:featuredmedia":[{"embeddable":true,"href":"https:\/\/baldumarket.lt\/lt\/wp-json\/wp\/v2\/media\/168477"}],"wp:attachment":[{"href":"https:\/\/baldumarket.lt\/lt\/wp-json\/wp\/v2\/media?parent=168476"}],"wp:term":[{"taxonomy":"product_brand","embeddable":true,"href":"https:\/\/baldumarket.lt\/lt\/wp-json\/wp\/v2\/product_brand?post=168476"},{"taxonomy":"product_cat","embeddable":true,"href":"https:\/\/baldumarket.lt\/lt\/wp-json\/wp\/v2\/product_cat?post=168476"},{"taxonomy":"product_tag","embeddable":true,"href":"https:\/\/baldumarket.lt\/lt\/wp-json\/wp\/v2\/product_tag?post=168476"}],"curies":[{"name":"wp","href":"https:\/\/api.w.org\/{rel}","templated":true}]}}