{"id":168447,"date":"2025-12-19T20:54:39","date_gmt":"2025-12-19T17:54:39","guid":{"rendered":"https:\/\/baldumarket.lt\/product\/komoda-folk-k-135-antracyt-ciemny-szary-dab-artisan-nowoczesna-do-salonu-pokoju\/"},"modified":"2026-04-06T17:51:35","modified_gmt":"2026-04-06T14:51:35","slug":"komoda-folk-k-135-antracyt-ciemny-szary-dab-artisan-nowoczesna-do-salonu-pokoju","status":"publish","type":"product","link":"https:\/\/baldumarket.lt\/lt\/product\/komoda-folk-k-135-antracyt-ciemny-szary-dab-artisan-nowoczesna-do-salonu-pokoju\/","title":{"rendered":"FOLK K-135 Antracito (tamsiai pilkos) \/ Artisan \u0105\u017euolo komoda &#8211; MODERNI SVETAINEI"},"content":{"rendered":"<p>Baldai pagaminti i\u0161 matin\u0117s MDF ir med\u017eio dro\u017eli\u0173 plok\u0161t\u0117s, laminuotos i\u0161 abiej\u0173 pusi\u0173, 28 ir 18 mm storio, apdailintos 1 mm ABS kra\u0161tais. Stalvir\u0161is padengtas matiniu poliuretano laku \u2013 gamintojas rekomenduoja naudoti pagalv\u0117les, kad pavir\u0161ius b\u016bt\u0173 apsaugotas nuo \u012fbr\u0117\u017eim\u0173 naudojimo metu.<\/p>","protected":false},"excerpt":{"rendered":"<p>PLOTIS 135 cm, GYLIS 40 cm, AUK\u0160TIS 93,5 cm, MED\u017dIAGOS MDF + med\u017eio dro\u017eli\u0173 plok\u0161t\u0117, PAVIR\u0160IUS Matinis, STILIUS Modernus, SVORIS SU PAKUOTE 90 kg, KITA Gaminys skirtas savaranki\u0161kam surinkimui su pateiktomis instrukcijomis<\/p>","protected":false},"featured_media":168448,"comment_status":"open","ping_status":"open","template":"","meta":[],"product_brand":[],"product_cat":[9530,1173,4109],"product_tag":[],"class_list":{"0":"post-168447","1":"product","2":"type-product","3":"status-publish","4":"has-post-thumbnail","6":"product_cat-furniture-system-folk-mazzoni","7":"product_cat-chests-of-drawers","8":"product_cat-mazzoni","10":"first","11":"instock","12":"purchasable","13":"product-type-simple"},"_links":{"self":[{"href":"https:\/\/baldumarket.lt\/lt\/wp-json\/wp\/v2\/product\/168447","targetHints":{"allow":["GET"]}}],"collection":[{"href":"https:\/\/baldumarket.lt\/lt\/wp-json\/wp\/v2\/product"}],"about":[{"href":"https:\/\/baldumarket.lt\/lt\/wp-json\/wp\/v2\/types\/product"}],"replies":[{"embeddable":true,"href":"https:\/\/baldumarket.lt\/lt\/wp-json\/wp\/v2\/comments?post=168447"}],"wp:featuredmedia":[{"embeddable":true,"href":"https:\/\/baldumarket.lt\/lt\/wp-json\/wp\/v2\/media\/168448"}],"wp:attachment":[{"href":"https:\/\/baldumarket.lt\/lt\/wp-json\/wp\/v2\/media?parent=168447"}],"wp:term":[{"taxonomy":"product_brand","embeddable":true,"href":"https:\/\/baldumarket.lt\/lt\/wp-json\/wp\/v2\/product_brand?post=168447"},{"taxonomy":"product_cat","embeddable":true,"href":"https:\/\/baldumarket.lt\/lt\/wp-json\/wp\/v2\/product_cat?post=168447"},{"taxonomy":"product_tag","embeddable":true,"href":"https:\/\/baldumarket.lt\/lt\/wp-json\/wp\/v2\/product_tag?post=168447"}],"curies":[{"name":"wp","href":"https:\/\/api.w.org\/{rel}","templated":true}]}}