{"id":168411,"date":"2025-12-19T20:53:52","date_gmt":"2025-12-19T17:53:52","guid":{"rendered":"https:\/\/baldumarket.lt\/product\/link-dab-brazowy-czarny-nowoczesna-lawa-stolik-z-polka\/"},"modified":"2026-02-03T23:29:29","modified_gmt":"2026-02-03T20:29:29","slug":"link-dab-brazowy-czarny-nowoczesna-lawa-stolik-z-polka","status":"publish","type":"product","link":"https:\/\/baldumarket.lt\/lt\/product\/link-dab-brazowy-czarny-nowoczesna-lawa-stolik-z-polka\/","title":{"rendered":"LINK Rudas\/Juodas \u0105\u017euolas &#8211; MODERNUS KAVOS STALIUKAS SU LENTYNA"},"content":{"rendered":"<p>Stalas pagamintas i\u0161 18 mm storio matin\u0117s med\u017eio dro\u017eli\u0173 plok\u0161t\u0117s, laminuotos i\u0161 abiej\u0173 pusi\u0173, apdailintos 1 mm ABS kra\u0161tais.<br \/>\n\u012eskai\u010diuota:<br \/>\nAi\u0161kios, nuoseklios instrukcijos, tod\u0117l surinkimas labai paprastas ir trunka tik 20\u201330 minu\u010di\u0173.<\/p>","protected":false},"excerpt":{"rendered":"<p>PLOTIS 90 cm, GYLIS 50 cm, AUK\u0160TIS 40 cm, MED\u017dIAGOS Med\u017eio dro\u017eli\u0173 plok\u0161t\u0117, PAVIR\u0160IUS Matinis, STILIUS Modernus, SVORIS SU PAKUOTE 22 kg<\/p>","protected":false},"featured_media":168412,"comment_status":"open","ping_status":"open","template":"","meta":[],"product_brand":[],"product_cat":[866,4109],"product_tag":[],"class_list":{"0":"post-168411","1":"product","2":"type-product","3":"status-publish","4":"has-post-thumbnail","6":"product_cat-coffee-tables","7":"product_cat-mazzoni","9":"first","10":"instock","11":"purchasable","12":"product-type-simple"},"_links":{"self":[{"href":"https:\/\/baldumarket.lt\/lt\/wp-json\/wp\/v2\/product\/168411","targetHints":{"allow":["GET"]}}],"collection":[{"href":"https:\/\/baldumarket.lt\/lt\/wp-json\/wp\/v2\/product"}],"about":[{"href":"https:\/\/baldumarket.lt\/lt\/wp-json\/wp\/v2\/types\/product"}],"replies":[{"embeddable":true,"href":"https:\/\/baldumarket.lt\/lt\/wp-json\/wp\/v2\/comments?post=168411"}],"wp:featuredmedia":[{"embeddable":true,"href":"https:\/\/baldumarket.lt\/lt\/wp-json\/wp\/v2\/media\/168412"}],"wp:attachment":[{"href":"https:\/\/baldumarket.lt\/lt\/wp-json\/wp\/v2\/media?parent=168411"}],"wp:term":[{"taxonomy":"product_brand","embeddable":true,"href":"https:\/\/baldumarket.lt\/lt\/wp-json\/wp\/v2\/product_brand?post=168411"},{"taxonomy":"product_cat","embeddable":true,"href":"https:\/\/baldumarket.lt\/lt\/wp-json\/wp\/v2\/product_cat?post=168411"},{"taxonomy":"product_tag","embeddable":true,"href":"https:\/\/baldumarket.lt\/lt\/wp-json\/wp\/v2\/product_tag?post=168411"}],"curies":[{"name":"wp","href":"https:\/\/api.w.org\/{rel}","templated":true}]}}