{"id":168351,"date":"2025-12-19T20:52:36","date_gmt":"2025-12-19T17:52:36","guid":{"rendered":"https:\/\/baldumarket.lt\/product\/cleo-beton-millenium-bialy-mat-lawa-z-rozkladanym-i-podnoszonym-blatem-lawostol\/"},"modified":"2026-02-11T10:41:47","modified_gmt":"2026-02-11T07:41:47","slug":"cleo-beton-millenium-bialy-mat-lawa-z-rozkladanym-i-podnoszonym-blatem-lawostol","status":"publish","type":"product","link":"https:\/\/baldumarket.lt\/lt\/product\/cleo-beton-millenium-bialy-mat-lawa-z-rozkladanym-i-podnoszonym-blatem-lawostol\/","title":{"rendered":"CLEO Millenium betono\/matin\u0117s baltos spalvos &#8211; kavos staliukas su sulankstomu ir pakeliamu stalvir\u0161iu"},"content":{"rendered":"<p>Kavos staliukas pagamintas i\u0161 18 mm storio matin\u0117s med\u017eio dro\u017eli\u0173 plok\u0161t\u0117s, laminuotos i\u0161 abiej\u0173 pusi\u0173, apdailintos 1 mm ABS kra\u0161tais.<br \/>\n\u012eskai\u010diuota:<br \/>\nAi\u0161kios, nuoseklios instrukcijos, tod\u0117l surinkimas labai paprastas ir trunka ma\u017edaug 30\u201345 minutes.<\/p>","protected":false},"excerpt":{"rendered":"<p>PLOTIS 75 cm \/ 150 cm, GYLIS 75 cm, REGULIUOJAMAS AUK\u0160TIS 57\u201369 cm, MED\u017dIAGOS Med\u017eio dro\u017eli\u0173 plok\u0161t\u0117, FUNKCIJA I\u0161traukiamas stalvir\u0161is, PAVIR\u0160IUS Matinis, STILIUS Klasikinis, SVORIS SU PAKUOTE 40 kg<\/p>","protected":false},"featured_media":168352,"comment_status":"open","ping_status":"open","template":"","meta":[],"product_brand":[],"product_cat":[9528,866,4109],"product_tag":[],"class_list":{"0":"post-168351","1":"product","2":"type-product","3":"status-publish","4":"has-post-thumbnail","6":"product_cat-transformer-tables-cleo-mazzoni","7":"product_cat-coffee-tables","8":"product_cat-mazzoni","10":"first","11":"instock","12":"purchasable","13":"product-type-simple"},"_links":{"self":[{"href":"https:\/\/baldumarket.lt\/lt\/wp-json\/wp\/v2\/product\/168351","targetHints":{"allow":["GET"]}}],"collection":[{"href":"https:\/\/baldumarket.lt\/lt\/wp-json\/wp\/v2\/product"}],"about":[{"href":"https:\/\/baldumarket.lt\/lt\/wp-json\/wp\/v2\/types\/product"}],"replies":[{"embeddable":true,"href":"https:\/\/baldumarket.lt\/lt\/wp-json\/wp\/v2\/comments?post=168351"}],"wp:featuredmedia":[{"embeddable":true,"href":"https:\/\/baldumarket.lt\/lt\/wp-json\/wp\/v2\/media\/168352"}],"wp:attachment":[{"href":"https:\/\/baldumarket.lt\/lt\/wp-json\/wp\/v2\/media?parent=168351"}],"wp:term":[{"taxonomy":"product_brand","embeddable":true,"href":"https:\/\/baldumarket.lt\/lt\/wp-json\/wp\/v2\/product_brand?post=168351"},{"taxonomy":"product_cat","embeddable":true,"href":"https:\/\/baldumarket.lt\/lt\/wp-json\/wp\/v2\/product_cat?post=168351"},{"taxonomy":"product_tag","embeddable":true,"href":"https:\/\/baldumarket.lt\/lt\/wp-json\/wp\/v2\/product_tag?post=168351"}],"curies":[{"name":"wp","href":"https:\/\/api.w.org\/{rel}","templated":true}]}}