{"id":168318,"date":"2025-12-19T20:51:54","date_gmt":"2025-12-19T17:51:54","guid":{"rendered":"https:\/\/baldumarket.lt\/product\/szafka-folk-rtv-120-bialy-polysk-mat-beton-millenium-nowoczesna-do-salonu-pokoju\/"},"modified":"2026-04-06T17:51:35","modified_gmt":"2026-04-06T14:51:35","slug":"szafka-folk-rtv-120-bialy-polysk-mat-beton-millenium-nowoczesna-do-salonu-pokoju","status":"publish","type":"product","link":"https:\/\/baldumarket.lt\/lt\/product\/szafka-folk-rtv-120-bialy-polysk-mat-beton-millenium-nowoczesna-do-salonu-pokoju\/","title":{"rendered":"FOLK RTV-120 spintel\u0117, blizgi balta\/matin\u0117 + \u201eMillenium Concrete\u201c \u2013 MODERNI SVETAINEI"},"content":{"rendered":"<p>Baldai pagaminti i\u0161 matin\u0117s med\u017eio dro\u017eli\u0173 plok\u0161t\u0117s ir blizgaus MDF, laminuoto i\u0161 abiej\u0173 pusi\u0173, 28 ir 18 mm storio, apdailinti 1 mm ABS kra\u0161tais.<br \/>\nStalvir\u0161is padengtas matiniu poliuretano laku, tod\u0117l gamintojas rekomenduoja naudoti pagalv\u0117les, kad pavir\u0161ius b\u016bt\u0173 apsaugotas nuo \u012fbr\u0117\u017eim\u0173 naudojimo metu.<br \/>\n\u012eskai\u010diuota:<br \/>\nAi\u0161kios, nuoseklios instrukcijos, tod\u0117l surinkimas labai paprastas ir trunka 45\u201360 minu\u010di\u0173.<\/p>","protected":false},"excerpt":{"rendered":"<p>PLOTIS 120 cm, GYLIS 40 cm, AUK\u0160TIS 50 cm, MED\u017dIAGOS MDF + Dro\u017eli\u0173 plok\u0161t\u0117, PAVIR\u0160IUS Blizgus + Matinis, STILIUS Modernus, SVORIS SU PAKUOTE 55 kg<\/p>","protected":false},"featured_media":168319,"comment_status":"open","ping_status":"open","template":"","meta":[],"product_brand":[],"product_cat":[9530,4109,1175],"product_tag":[],"class_list":{"0":"post-168318","1":"product","2":"type-product","3":"status-publish","4":"has-post-thumbnail","6":"product_cat-furniture-system-folk-mazzoni","7":"product_cat-mazzoni","8":"product_cat-tv-stands","10":"first","11":"instock","12":"purchasable","13":"product-type-simple"},"_links":{"self":[{"href":"https:\/\/baldumarket.lt\/lt\/wp-json\/wp\/v2\/product\/168318","targetHints":{"allow":["GET"]}}],"collection":[{"href":"https:\/\/baldumarket.lt\/lt\/wp-json\/wp\/v2\/product"}],"about":[{"href":"https:\/\/baldumarket.lt\/lt\/wp-json\/wp\/v2\/types\/product"}],"replies":[{"embeddable":true,"href":"https:\/\/baldumarket.lt\/lt\/wp-json\/wp\/v2\/comments?post=168318"}],"wp:featuredmedia":[{"embeddable":true,"href":"https:\/\/baldumarket.lt\/lt\/wp-json\/wp\/v2\/media\/168319"}],"wp:attachment":[{"href":"https:\/\/baldumarket.lt\/lt\/wp-json\/wp\/v2\/media?parent=168318"}],"wp:term":[{"taxonomy":"product_brand","embeddable":true,"href":"https:\/\/baldumarket.lt\/lt\/wp-json\/wp\/v2\/product_brand?post=168318"},{"taxonomy":"product_cat","embeddable":true,"href":"https:\/\/baldumarket.lt\/lt\/wp-json\/wp\/v2\/product_cat?post=168318"},{"taxonomy":"product_tag","embeddable":true,"href":"https:\/\/baldumarket.lt\/lt\/wp-json\/wp\/v2\/product_tag?post=168318"}],"curies":[{"name":"wp","href":"https:\/\/api.w.org\/{rel}","templated":true}]}}