{"id":168264,"date":"2025-12-19T20:50:42","date_gmt":"2025-12-19T17:50:42","guid":{"rendered":"https:\/\/baldumarket.lt\/product\/folk-czarny-dab-craft-zloty-nowoczesna-lawa-stolik-z-polka\/"},"modified":"2026-02-11T10:55:50","modified_gmt":"2026-02-11T07:55:50","slug":"folk-czarny-dab-craft-zloty-nowoczesna-lawa-stolik-z-polka","status":"publish","type":"product","link":"https:\/\/baldumarket.lt\/lt\/product\/folk-czarny-dab-craft-zloty-nowoczesna-lawa-stolik-z-polka\/","title":{"rendered":"FOLK juodas\/auksinis \u0105\u017euolas &#8211; MODERNUS kavos staliukas su lentyna"},"content":{"rendered":"<p>Stalvir\u0161is pagamintas i\u0161 28 mm storio MDF plok\u0161t\u0117s. Likusios dalys \u2013 i\u0161 abiej\u0173 pusi\u0173 laminuota 28 mm storio matin\u0117 med\u017eio dro\u017eli\u0173 plok\u0161t\u0117 ir 18 mm lentyna. Visas gaminys apdailintas 1 mm storio ABS kra\u0161tais. Stalvir\u0161is padengtas matiniu poliuretano laku \u2013 gamintojas rekomenduoja naudoti pagalv\u0117les, kad pavir\u0161ius b\u016bt\u0173 apsaugotas nuo \u012fbr\u0117\u017eim\u0173 naudojimo metu.<\/p>","protected":false},"excerpt":{"rendered":"<p>PLOTIS 100 cm, GYLIS 60 cm, AUK\u0160TIS 40 cm, MED\u017dIAGOS MDF + med\u017eio dro\u017eli\u0173 plok\u0161t\u0117, PAVIR\u0160IUS Matinis, STILIUS Modernus, SVORIS SU PAKUOTE 31,5 kg, KITA Gaminys skirtas savaranki\u0161kam surinkimui su pateiktomis instrukcijomis<\/p>","protected":false},"featured_media":168265,"comment_status":"open","ping_status":"open","template":"","meta":[],"product_brand":[],"product_cat":[9531,866,4109],"product_tag":[],"class_list":{"0":"post-168264","1":"product","2":"type-product","3":"status-publish","4":"has-post-thumbnail","6":"product_cat-coffee-table-folk-mazzoni","7":"product_cat-coffee-tables","8":"product_cat-mazzoni","10":"first","11":"instock","12":"purchasable","13":"product-type-simple"},"_links":{"self":[{"href":"https:\/\/baldumarket.lt\/lt\/wp-json\/wp\/v2\/product\/168264","targetHints":{"allow":["GET"]}}],"collection":[{"href":"https:\/\/baldumarket.lt\/lt\/wp-json\/wp\/v2\/product"}],"about":[{"href":"https:\/\/baldumarket.lt\/lt\/wp-json\/wp\/v2\/types\/product"}],"replies":[{"embeddable":true,"href":"https:\/\/baldumarket.lt\/lt\/wp-json\/wp\/v2\/comments?post=168264"}],"wp:featuredmedia":[{"embeddable":true,"href":"https:\/\/baldumarket.lt\/lt\/wp-json\/wp\/v2\/media\/168265"}],"wp:attachment":[{"href":"https:\/\/baldumarket.lt\/lt\/wp-json\/wp\/v2\/media?parent=168264"}],"wp:term":[{"taxonomy":"product_brand","embeddable":true,"href":"https:\/\/baldumarket.lt\/lt\/wp-json\/wp\/v2\/product_brand?post=168264"},{"taxonomy":"product_cat","embeddable":true,"href":"https:\/\/baldumarket.lt\/lt\/wp-json\/wp\/v2\/product_cat?post=168264"},{"taxonomy":"product_tag","embeddable":true,"href":"https:\/\/baldumarket.lt\/lt\/wp-json\/wp\/v2\/product_tag?post=168264"}],"curies":[{"name":"wp","href":"https:\/\/api.w.org\/{rel}","templated":true}]}}