{"id":168138,"date":"2025-12-19T20:48:00","date_gmt":"2025-12-19T17:48:00","guid":{"rendered":"https:\/\/baldumarket.lt\/product\/royal-bialy-mat-stol-rozkladany-do-27-m\/"},"modified":"2026-02-10T10:42:13","modified_gmt":"2026-02-10T07:42:13","slug":"royal-bialy-mat-stol-rozkladany-do-27-m","status":"publish","type":"product","link":"https:\/\/baldumarket.lt\/lt\/product\/royal-bialy-mat-stol-rozkladany-do-27-m\/","title":{"rendered":"ROYAL matin\u0117s baltos spalvos \u2013 prailginamas stalas iki 2,7 m"},"content":{"rendered":"<p>Stalas pagamintas i\u0161 18 mm storio matin\u0117s med\u017eio dro\u017eli\u0173 plok\u0161t\u0117s, laminuotos i\u0161 abiej\u0173 pusi\u0173, apdailintos 1 mm ABS briaunomis. Stalvir\u0161is papildomai pastorintas iki 50 mm su 2 mm ABS briaunomis!<br \/>\nStalo kojos pagamintos i\u0161 auk\u0161tos kokyb\u0117s buko medienos (matmenys: 8 x 8 x 72 cm).<br \/>\nPrailginimo \u012fd\u0117klai yra specialioje \u201csaugykloje\u201d po stalvir\u0161iu, tod\u0117l jie visada yra pasiekiami prailginant stal\u0105 ir nereikia j\u0173 laikyti atskirai.<\/p>","protected":false},"excerpt":{"rendered":"<p>PLOTIS 120 cm \/ 170 cm \/ 220 cm \/ 270 cm, GYLIS 90 cm, AUK\u0160TIS 78 cm, \u012eD\u0116KL\u0172 SKAI\u010cIUS 3 vnt. x 50 cm (pasl\u0117pta po stalvir\u0161iu), FUNKCIJA I\u0161traukiamas stalvir\u0161is, PAVIR\u0160IUS Matinis, STILIUS Modernus, SVORIS SU PAKUOTE 80 kg<\/p>","protected":false},"featured_media":168139,"comment_status":"open","ping_status":"open","template":"","meta":[],"product_brand":[],"product_cat":[9520,4109,1934],"product_tag":[],"class_list":{"0":"post-168138","1":"product","2":"type-product","3":"status-publish","4":"has-post-thumbnail","6":"product_cat-tables-mazzoni","7":"product_cat-mazzoni","8":"product_cat-tables","10":"first","11":"instock","12":"purchasable","13":"product-type-simple"},"_links":{"self":[{"href":"https:\/\/baldumarket.lt\/lt\/wp-json\/wp\/v2\/product\/168138","targetHints":{"allow":["GET"]}}],"collection":[{"href":"https:\/\/baldumarket.lt\/lt\/wp-json\/wp\/v2\/product"}],"about":[{"href":"https:\/\/baldumarket.lt\/lt\/wp-json\/wp\/v2\/types\/product"}],"replies":[{"embeddable":true,"href":"https:\/\/baldumarket.lt\/lt\/wp-json\/wp\/v2\/comments?post=168138"}],"wp:featuredmedia":[{"embeddable":true,"href":"https:\/\/baldumarket.lt\/lt\/wp-json\/wp\/v2\/media\/168139"}],"wp:attachment":[{"href":"https:\/\/baldumarket.lt\/lt\/wp-json\/wp\/v2\/media?parent=168138"}],"wp:term":[{"taxonomy":"product_brand","embeddable":true,"href":"https:\/\/baldumarket.lt\/lt\/wp-json\/wp\/v2\/product_brand?post=168138"},{"taxonomy":"product_cat","embeddable":true,"href":"https:\/\/baldumarket.lt\/lt\/wp-json\/wp\/v2\/product_cat?post=168138"},{"taxonomy":"product_tag","embeddable":true,"href":"https:\/\/baldumarket.lt\/lt\/wp-json\/wp\/v2\/product_tag?post=168138"}],"curies":[{"name":"wp","href":"https:\/\/api.w.org\/{rel}","templated":true}]}}