{"id":168088,"date":"2025-12-19T20:46:57","date_gmt":"2025-12-19T17:46:57","guid":{"rendered":"https:\/\/baldumarket.lt\/product\/komoda-simple-kwd3sz1-dab-craft-zloty-bialy-polysk-witryna-regal-szafka-do-salonu-szklo-polysk\/"},"modified":"2026-04-06T17:57:12","modified_gmt":"2026-04-06T14:57:12","slug":"komoda-simple-kwd3sz1-dab-craft-zloty-bialy-polysk-witryna-regal-szafka-do-salonu-szklo-polysk","status":"publish","type":"product","link":"https:\/\/baldumarket.lt\/lt\/product\/komoda-simple-kwd3sz1-dab-craft-zloty-bialy-polysk-witryna-regal-szafka-do-salonu-szklo-polysk\/","title":{"rendered":"SIMPLE KWD3SZ1 Komoda \u201eCraft\u201c \u0105\u017euolo, auksin\u0117s\/baltos spalvos, blizgi \u2013 Vitrinin\u0117 lentyna, svetain\u0117s spintel\u0117, blizgus stiklas"},"content":{"rendered":"<p>Baldai pagaminti i\u0161 matin\u0117s med\u017eio dro\u017eli\u0173 plok\u0161t\u0117s ir blizgaus MDF, laminuoti i\u0161 abiej\u0173 pusi\u0173, 18 mm storio, apdailinti 1 mm ABS kra\u0161tais.<br \/>\n\u012eskai\u010diuota:<br \/>\nAi\u0161kios, nuoseklios instrukcijos, tod\u0117l surinkimas labai paprastas ir trunka tik 45\u201360 minu\u010di\u0173.<\/p>","protected":false},"excerpt":{"rendered":"<p>PLOTIS 86,7 cm, GYLIS 42,7 cm, AUK\u0160TIS 136 cm, MED\u017dIAGOS MDF + Dro\u017eli\u0173 plok\u0161t\u0117, PAVIR\u0160IUS Blizgus + Matinis, STILIUS Modernus, SVORIS SU PAKUOTE 57 kg<\/p>","protected":false},"featured_media":168089,"comment_status":"open","ping_status":"open","template":"","meta":[],"product_brand":[],"product_cat":[9524,4109,2006],"product_tag":[],"class_list":{"0":"post-168088","1":"product","2":"type-product","3":"status-publish","4":"has-post-thumbnail","6":"product_cat-furniture-system-simple-mazzoni","7":"product_cat-mazzoni","8":"product_cat-vitrines","10":"first","11":"instock","12":"purchasable","13":"product-type-simple"},"_links":{"self":[{"href":"https:\/\/baldumarket.lt\/lt\/wp-json\/wp\/v2\/product\/168088","targetHints":{"allow":["GET"]}}],"collection":[{"href":"https:\/\/baldumarket.lt\/lt\/wp-json\/wp\/v2\/product"}],"about":[{"href":"https:\/\/baldumarket.lt\/lt\/wp-json\/wp\/v2\/types\/product"}],"replies":[{"embeddable":true,"href":"https:\/\/baldumarket.lt\/lt\/wp-json\/wp\/v2\/comments?post=168088"}],"wp:featuredmedia":[{"embeddable":true,"href":"https:\/\/baldumarket.lt\/lt\/wp-json\/wp\/v2\/media\/168089"}],"wp:attachment":[{"href":"https:\/\/baldumarket.lt\/lt\/wp-json\/wp\/v2\/media?parent=168088"}],"wp:term":[{"taxonomy":"product_brand","embeddable":true,"href":"https:\/\/baldumarket.lt\/lt\/wp-json\/wp\/v2\/product_brand?post=168088"},{"taxonomy":"product_cat","embeddable":true,"href":"https:\/\/baldumarket.lt\/lt\/wp-json\/wp\/v2\/product_cat?post=168088"},{"taxonomy":"product_tag","embeddable":true,"href":"https:\/\/baldumarket.lt\/lt\/wp-json\/wp\/v2\/product_tag?post=168088"}],"curies":[{"name":"wp","href":"https:\/\/api.w.org\/{rel}","templated":true}]}}