{"id":167987,"date":"2025-12-19T20:44:43","date_gmt":"2025-12-19T17:44:43","guid":{"rendered":"https:\/\/baldumarket.lt\/product\/aston-bialy-polysk-nowoczesna-lawa-rozkladana-podnoszona-stol-lawostol\/"},"modified":"2026-02-11T10:15:32","modified_gmt":"2026-02-11T07:15:32","slug":"aston-bialy-polysk-nowoczesna-lawa-rozkladana-podnoszona-stol-lawostol","status":"publish","type":"product","link":"https:\/\/baldumarket.lt\/lt\/product\/aston-bialy-polysk-nowoczesna-lawa-rozkladana-podnoszona-stol-lawostol\/","title":{"rendered":"ASTON baltas blizgus &#8211; MODERNUS SULANKSTOMAS PAKELIAMAS STALIUKAS KAVOS STALIUKAS"},"content":{"rendered":"<p>Kavos staliukas pagamintas i\u0161 18 ir 28 mm storio, i\u0161 abiej\u0173 pusi\u0173 laminuotos, blizgios MDF plok\u0161t\u0117s, apibarstytos 1 mm ABS briaunomis. Stalvir\u0161is papildomai pastorintas iki 36 mm.<br \/>\n\u012eskai\u010diuota:<br \/>\nAi\u0161kios, nuoseklios instrukcijos, tod\u0117l surinkimas labai paprastas ir trunka ma\u017edaug 20\u201330 minu\u010di\u0173.<\/p>","protected":false},"excerpt":{"rendered":"<p>PLOTIS 120 cm \/ 160 cm \/ 200 cm, GYLIS 70 arba 80 cm (priklausomai nuo pasirinkimo) REGULIUOJAMAS, AUK\u0160TIS 56\u201374 cm, \u012eD\u0116KL\u0172 SKAI\u010cIUS 2 vnt. x 40 cm (pasl\u0117pta po stalvir\u0161iu), MED\u017dIAGOS MDF, FUNKCIJA I\u0161traukiamas stalvir\u0161is, PAVIR\u0160IUS Blizgus, STILIUS Modernus, SVORIS SU PAKUOTE 70 kg<\/p>","protected":false},"featured_media":167988,"comment_status":"open","ping_status":"open","template":"","meta":[],"product_brand":[],"product_cat":[9522,866,4109],"product_tag":[],"class_list":{"0":"post-167987","1":"product","2":"type-product","3":"status-publish","4":"has-post-thumbnail","6":"product_cat-transformer-tables-aston-mazzoni","7":"product_cat-coffee-tables","8":"product_cat-mazzoni","10":"first","11":"instock","12":"purchasable","13":"product-type-simple"},"_links":{"self":[{"href":"https:\/\/baldumarket.lt\/lt\/wp-json\/wp\/v2\/product\/167987","targetHints":{"allow":["GET"]}}],"collection":[{"href":"https:\/\/baldumarket.lt\/lt\/wp-json\/wp\/v2\/product"}],"about":[{"href":"https:\/\/baldumarket.lt\/lt\/wp-json\/wp\/v2\/types\/product"}],"replies":[{"embeddable":true,"href":"https:\/\/baldumarket.lt\/lt\/wp-json\/wp\/v2\/comments?post=167987"}],"wp:featuredmedia":[{"embeddable":true,"href":"https:\/\/baldumarket.lt\/lt\/wp-json\/wp\/v2\/media\/167988"}],"wp:attachment":[{"href":"https:\/\/baldumarket.lt\/lt\/wp-json\/wp\/v2\/media?parent=167987"}],"wp:term":[{"taxonomy":"product_brand","embeddable":true,"href":"https:\/\/baldumarket.lt\/lt\/wp-json\/wp\/v2\/product_brand?post=167987"},{"taxonomy":"product_cat","embeddable":true,"href":"https:\/\/baldumarket.lt\/lt\/wp-json\/wp\/v2\/product_cat?post=167987"},{"taxonomy":"product_tag","embeddable":true,"href":"https:\/\/baldumarket.lt\/lt\/wp-json\/wp\/v2\/product_tag?post=167987"}],"curies":[{"name":"wp","href":"https:\/\/api.w.org\/{rel}","templated":true}]}}