{"id":167806,"date":"2025-12-19T20:40:38","date_gmt":"2025-12-19T17:40:38","guid":{"rendered":"https:\/\/baldumarket.lt\/product\/plyn-do-pielegnacji-mebli-clinex-delos-shine-1l-zestaw-sciereczek\/"},"modified":"2026-02-03T23:29:35","modified_gmt":"2026-02-03T20:29:35","slug":"plyn-do-pielegnacji-mebli-clinex-delos-shine-1l-zestaw-sciereczek","status":"publish","type":"product","link":"https:\/\/baldumarket.lt\/lt\/product\/plyn-do-pielegnacji-mebli-clinex-delos-shine-1l-zestaw-sciereczek\/","title":{"rendered":"CLINEX DELOS SHINE 1 l bald\u0173 prie\u017ei\u016bros skystis + \u0161luos\u010di\u0173 rinkinys"},"content":{"rendered":"<p>Bald\u0173 valiklis ir poliravimas<br \/>\nCLINEX DELOS SHINE 1L su pur\u0161kikliu<br \/>\n\u00a0<br \/>\nParuo\u0161ta naudoti priemon\u0117, skirta medini\u0173 ir medini\u0173 bald\u0173 prie\u017ei\u016brai, valymui ir atnaujinimui. Efektyviai pa\u0161alina ne\u0161varumus, dulkes ir pir\u0161t\u0173 atspaudus, suteikdama pavir\u0161iui gaivumo. Sukuria antistatin\u012f sluoksn\u012f, kuris neleid\u017eia kauptis dulk\u0117ms. Suteikia blizgan\u010di\u0105 ir lygi\u0105 apdail\u0105 bei ilgai i\u0161liekant\u012f gaiv\u0173 kvap\u0105.<br \/>\n\u00a0<br \/>\nKaip naudoti:<br \/>\nPrie\u0161 naudojim\u0105 suplakite, u\u017etepkite priemon\u0117s tiesiai ant valomo pavir\u0161iaus arba u\u017epurk\u0161kite ant mink\u0161tos, \u0161varios \u0161luost\u0117s ir nuvalykite pavir\u0161i\u0173.<br \/>\n\u00a0<br \/>\nProfesionalus produktas \u2013 n\u0117ra prekybos centruose ir vaistin\u0117se. Rekomenduojamas m\u016bs\u0173 si\u016blomiems blizgiems baldams pri\u017ei\u016br\u0117ti.<br \/>\nUniversali\u0173 \u0161luos\u010di\u0173 rinkinys<br \/>\nAUK\u0160TOS TE\u0160LOS 30\u00d730 cm (4 vnt.)<br \/>\n\u00a0<br \/>\nAuk\u0161tos kokyb\u0117s mikropluo\u0161to valymo \u0161luost\u0117s, skirtos universaliam naudojimui. Jas galima naudoti tiek sausai, tiek \u0161lapiai. Jos veiksmingai pa\u0161alina ne\u0161varumus, valo ir d\u017eiovina pavir\u0161ius. Jos puikiai surenka dulkes ir purv\u0105 \u2013 speciali technologija u\u017etikrina maksimal\u0173 valymo efektyvum\u0105 (net ir nenaudojant plovikli\u0173). Jos puikiai pa\u0161alina d\u0117mes prakti\u0161kai nuo vis\u0173 lygi\u0173 pavir\u0161i\u0173. Storos, tankiai supintas su mikroaktyviais pluo\u0161tais, kurie sulaiko ma\u017eas ir dideles ne\u0161varum\u0173 daleles. Labai gerai sugeria dr\u0117gm\u0119.<br \/>\nSpalva: m\u0117lyna, geltona, \u017ealia, raudona<br \/>\nDydis: 30 \u00d7 30 cm<br \/>\nTankis: 220 g\/m\u00b2<br \/>\nSugeriamumas: 500%<br \/>\nSud\u0117tis: 80% poliesteris, 20% poliamidas<br \/>\nSkalbimo temperat\u016bra: iki 95 \u00b0C (be mink\u0161tikli\u0173)<\/p>","protected":false},"excerpt":{"rendered":"<p>TALPA 1 litras, NAUDOJIMO PASKIRTIS Medinis, med\u017eio imitacijos ir laminuotas, SVORIS SU PAKUOTE 1,2 kg<\/p>","protected":false},"featured_media":167807,"comment_status":"open","ping_status":"open","template":"","meta":[],"product_brand":[],"product_cat":[1043,4109],"product_tag":[],"class_list":{"0":"post-167806","1":"product","2":"type-product","3":"status-publish","4":"has-post-thumbnail","6":"product_cat-extras","7":"product_cat-mazzoni","9":"first","10":"instock","11":"purchasable","12":"product-type-simple"},"_links":{"self":[{"href":"https:\/\/baldumarket.lt\/lt\/wp-json\/wp\/v2\/product\/167806","targetHints":{"allow":["GET"]}}],"collection":[{"href":"https:\/\/baldumarket.lt\/lt\/wp-json\/wp\/v2\/product"}],"about":[{"href":"https:\/\/baldumarket.lt\/lt\/wp-json\/wp\/v2\/types\/product"}],"replies":[{"embeddable":true,"href":"https:\/\/baldumarket.lt\/lt\/wp-json\/wp\/v2\/comments?post=167806"}],"wp:featuredmedia":[{"embeddable":true,"href":"https:\/\/baldumarket.lt\/lt\/wp-json\/wp\/v2\/media\/167807"}],"wp:attachment":[{"href":"https:\/\/baldumarket.lt\/lt\/wp-json\/wp\/v2\/media?parent=167806"}],"wp:term":[{"taxonomy":"product_brand","embeddable":true,"href":"https:\/\/baldumarket.lt\/lt\/wp-json\/wp\/v2\/product_brand?post=167806"},{"taxonomy":"product_cat","embeddable":true,"href":"https:\/\/baldumarket.lt\/lt\/wp-json\/wp\/v2\/product_cat?post=167806"},{"taxonomy":"product_tag","embeddable":true,"href":"https:\/\/baldumarket.lt\/lt\/wp-json\/wp\/v2\/product_tag?post=167806"}],"curies":[{"name":"wp","href":"https:\/\/api.w.org\/{rel}","templated":true}]}}