{"id":167798,"date":"2025-12-19T20:40:29","date_gmt":"2025-12-19T17:40:29","guid":{"rendered":"https:\/\/baldumarket.lt\/product\/folk-bialy-beton-millenium-nowoczesna-lawa-stolik-z-polka\/"},"modified":"2026-02-11T10:55:50","modified_gmt":"2026-02-11T07:55:50","slug":"folk-bialy-beton-millenium-nowoczesna-lawa-stolik-z-polka","status":"publish","type":"product","link":"https:\/\/baldumarket.lt\/lt\/product\/folk-bialy-beton-millenium-nowoczesna-lawa-stolik-z-polka\/","title":{"rendered":"FOLK baltas\/betonas \u201eMillenium\u201c \u2013 MODERNUS KAVOS STALIUKAS SU LENTYNA"},"content":{"rendered":"<p>Stalvir\u0161is pagamintas i\u0161 28 mm storio MDF plok\u0161t\u0117s. Likusios dalys \u2013 i\u0161 abiej\u0173 pusi\u0173 laminuota 28 mm storio matin\u0117 med\u017eio dro\u017eli\u0173 plok\u0161t\u0117 ir 18 mm lentyna. Visa dalis apdailinta 1 mm ABS briauna.<br \/>\nStalvir\u0161is padengtas matiniu poliuretano laku, tod\u0117l gamintojas rekomenduoja naudoti matin\u012f pagalv\u0117l\u0119, kad pavir\u0161ius b\u016bt\u0173 apsaugotas nuo \u012fbr\u0117\u017eim\u0173 naudojimo metu.<\/p>","protected":false},"excerpt":{"rendered":"<p>PLOTIS 100 cm, GYLIS 60 cm, AUK\u0160TIS 40 cm, MED\u017dIAGOS MDF + med\u017eio dro\u017eli\u0173 plok\u0161t\u0117, PAVIR\u0160IUS Matinis, STILIUS Modernus, SVORIS SU PAKUOTE 31,5 kg, KITA Gaminys skirtas savaranki\u0161kam surinkimui su pateiktomis instrukcijomis<\/p>","protected":false},"featured_media":167799,"comment_status":"open","ping_status":"open","template":"","meta":[],"product_brand":[],"product_cat":[9531,866,4109],"product_tag":[],"class_list":{"0":"post-167798","1":"product","2":"type-product","3":"status-publish","4":"has-post-thumbnail","6":"product_cat-coffee-table-folk-mazzoni","7":"product_cat-coffee-tables","8":"product_cat-mazzoni","10":"first","11":"instock","12":"purchasable","13":"product-type-simple"},"_links":{"self":[{"href":"https:\/\/baldumarket.lt\/lt\/wp-json\/wp\/v2\/product\/167798","targetHints":{"allow":["GET"]}}],"collection":[{"href":"https:\/\/baldumarket.lt\/lt\/wp-json\/wp\/v2\/product"}],"about":[{"href":"https:\/\/baldumarket.lt\/lt\/wp-json\/wp\/v2\/types\/product"}],"replies":[{"embeddable":true,"href":"https:\/\/baldumarket.lt\/lt\/wp-json\/wp\/v2\/comments?post=167798"}],"wp:featuredmedia":[{"embeddable":true,"href":"https:\/\/baldumarket.lt\/lt\/wp-json\/wp\/v2\/media\/167799"}],"wp:attachment":[{"href":"https:\/\/baldumarket.lt\/lt\/wp-json\/wp\/v2\/media?parent=167798"}],"wp:term":[{"taxonomy":"product_brand","embeddable":true,"href":"https:\/\/baldumarket.lt\/lt\/wp-json\/wp\/v2\/product_brand?post=167798"},{"taxonomy":"product_cat","embeddable":true,"href":"https:\/\/baldumarket.lt\/lt\/wp-json\/wp\/v2\/product_cat?post=167798"},{"taxonomy":"product_tag","embeddable":true,"href":"https:\/\/baldumarket.lt\/lt\/wp-json\/wp\/v2\/product_tag?post=167798"}],"curies":[{"name":"wp","href":"https:\/\/api.w.org\/{rel}","templated":true}]}}