{"id":167780,"date":"2025-12-19T20:40:06","date_gmt":"2025-12-19T17:40:06","guid":{"rendered":"https:\/\/baldumarket.lt\/product\/rock-bialy-polysk-bialy-nowoczesna-lawa-stolik-z-polka\/"},"modified":"2026-02-03T23:29:36","modified_gmt":"2026-02-03T20:29:36","slug":"rock-bialy-polysk-bialy-nowoczesna-lawa-stolik-z-polka","status":"publish","type":"product","link":"https:\/\/baldumarket.lt\/lt\/product\/rock-bialy-polysk-bialy-nowoczesna-lawa-stolik-z-polka\/","title":{"rendered":"ROCK blizgi balta\/balta &#8211; MODERNUS kavos staliukas su lentyna"},"content":{"rendered":"<p>Stalvir\u0161is pagamintas i\u0161 28 mm storio MDF plok\u0161t\u0117s su blizgia apdaila. Likusios dalys \u2013 i\u0161 abiej\u0173 pusi\u0173 laminuota 28 mm storio matin\u0117 med\u017eio dro\u017eli\u0173 plok\u0161t\u0117 ir 18 mm storio lentyna. Visas baldas apdailintas 1 mm storio ABS briaunomis.<br \/>\n\u012eskai\u010diuota:<br \/>\nAi\u0161kios, nuoseklios instrukcijos, tod\u0117l surinkimas labai paprastas ir trunka tik 15\u201320 minu\u010di\u0173.<\/p>","protected":false},"excerpt":{"rendered":"<p>PLOTIS 100 cm, GYLIS 60 cm, AUK\u0160TIS 43 cm, MED\u017dIAGOS MDF + Dro\u017eli\u0173 plok\u0161t\u0117, PAVIR\u0160IUS Blizgus + Matinis, STILIUS Modernus, SVORIS SU PAKUOTE 31,5 kg<\/p>","protected":false},"featured_media":167781,"comment_status":"open","ping_status":"open","template":"","meta":[],"product_brand":[],"product_cat":[866,4109],"product_tag":[],"class_list":{"0":"post-167780","1":"product","2":"type-product","3":"status-publish","4":"has-post-thumbnail","6":"product_cat-coffee-tables","7":"product_cat-mazzoni","9":"first","10":"instock","11":"purchasable","12":"product-type-simple"},"_links":{"self":[{"href":"https:\/\/baldumarket.lt\/lt\/wp-json\/wp\/v2\/product\/167780","targetHints":{"allow":["GET"]}}],"collection":[{"href":"https:\/\/baldumarket.lt\/lt\/wp-json\/wp\/v2\/product"}],"about":[{"href":"https:\/\/baldumarket.lt\/lt\/wp-json\/wp\/v2\/types\/product"}],"replies":[{"embeddable":true,"href":"https:\/\/baldumarket.lt\/lt\/wp-json\/wp\/v2\/comments?post=167780"}],"wp:featuredmedia":[{"embeddable":true,"href":"https:\/\/baldumarket.lt\/lt\/wp-json\/wp\/v2\/media\/167781"}],"wp:attachment":[{"href":"https:\/\/baldumarket.lt\/lt\/wp-json\/wp\/v2\/media?parent=167780"}],"wp:term":[{"taxonomy":"product_brand","embeddable":true,"href":"https:\/\/baldumarket.lt\/lt\/wp-json\/wp\/v2\/product_brand?post=167780"},{"taxonomy":"product_cat","embeddable":true,"href":"https:\/\/baldumarket.lt\/lt\/wp-json\/wp\/v2\/product_cat?post=167780"},{"taxonomy":"product_tag","embeddable":true,"href":"https:\/\/baldumarket.lt\/lt\/wp-json\/wp\/v2\/product_tag?post=167780"}],"curies":[{"name":"wp","href":"https:\/\/api.w.org\/{rel}","templated":true}]}}