{"id":167756,"date":"2025-12-19T20:39:35","date_gmt":"2025-12-19T17:39:35","guid":{"rendered":"https:\/\/baldumarket.lt\/product\/fiora-ciemnoszare-tkanina-apia-458-stelaz-czarny-nowoczesne-krzeslo-tapicerowane-szenil-do-salonu-jadalni\/"},"modified":"2026-02-10T10:31:25","modified_gmt":"2026-02-10T07:31:25","slug":"fiora-ciemnoszare-tkanina-apia-458-stelaz-czarny-nowoczesne-krzeslo-tapicerowane-szenil-do-salonu-jadalni","status":"publish","type":"product","link":"https:\/\/baldumarket.lt\/lt\/product\/fiora-ciemnoszare-tkanina-apia-458-stelaz-czarny-nowoczesne-krzeslo-tapicerowane-szenil-do-salonu-jadalni\/","title":{"rendered":"FIORA tamsiai pilka (Apia 458 audinys) \/ juodas r\u0117mas &#8211; MODERNI \u0160ENILINIU APMU\u0160TA K\u0116D\u0116 SVETAINEI"},"content":{"rendered":"<p>FIORA mink\u0161tas kr\u0117slas pasi\u017eymi eleganti\u0161ku ir moderniu dizainu, kuris puikiai tiks \u012fvairiuose interjeruose. I\u0161skirtinis jo bruo\u017eas \u2013 kruop\u0161\u010diai suformuota s\u0117dyn\u0117 ir atlo\u0161as, u\u017etikrinantys i\u0161skirtin\u012f komfort\u0105. Plonas juodas r\u0117mas suteikia lengvumo, o pagamintas i\u0161 milteliniu b\u016bdu da\u017eyto plieno u\u017etikrina patvarum\u0105 ir atsparum\u0105 pa\u017eeidimams.<br \/>\nPridedamos: ai\u0161kios, nuoseklios instrukcijos, tod\u0117l surinkimas labai paprastas ir trunka tik 15\u201330 minu\u010di\u0173.<\/p>","protected":false},"excerpt":{"rendered":"<p>MED\u017dIAGOS Apia audinys \/ milteliniu b\u016bdu da\u017eytas plienas, STILIUS Modernus \/ Loftas MAKSIMALI APKROVA 110 kg<\/p>","protected":false},"featured_media":167757,"comment_status":"open","ping_status":"open","template":"","meta":[],"product_brand":[],"product_cat":[9519,1930,4109],"product_tag":[],"class_list":{"0":"post-167756","1":"product","2":"type-product","3":"status-publish","4":"has-post-thumbnail","6":"product_cat-armchairs-and-stools-mazzoni","7":"product_cat-chairs","8":"product_cat-mazzoni","10":"first","11":"instock","12":"purchasable","13":"product-type-simple"},"_links":{"self":[{"href":"https:\/\/baldumarket.lt\/lt\/wp-json\/wp\/v2\/product\/167756","targetHints":{"allow":["GET"]}}],"collection":[{"href":"https:\/\/baldumarket.lt\/lt\/wp-json\/wp\/v2\/product"}],"about":[{"href":"https:\/\/baldumarket.lt\/lt\/wp-json\/wp\/v2\/types\/product"}],"replies":[{"embeddable":true,"href":"https:\/\/baldumarket.lt\/lt\/wp-json\/wp\/v2\/comments?post=167756"}],"wp:featuredmedia":[{"embeddable":true,"href":"https:\/\/baldumarket.lt\/lt\/wp-json\/wp\/v2\/media\/167757"}],"wp:attachment":[{"href":"https:\/\/baldumarket.lt\/lt\/wp-json\/wp\/v2\/media?parent=167756"}],"wp:term":[{"taxonomy":"product_brand","embeddable":true,"href":"https:\/\/baldumarket.lt\/lt\/wp-json\/wp\/v2\/product_brand?post=167756"},{"taxonomy":"product_cat","embeddable":true,"href":"https:\/\/baldumarket.lt\/lt\/wp-json\/wp\/v2\/product_cat?post=167756"},{"taxonomy":"product_tag","embeddable":true,"href":"https:\/\/baldumarket.lt\/lt\/wp-json\/wp\/v2\/product_tag?post=167756"}],"curies":[{"name":"wp","href":"https:\/\/api.w.org\/{rel}","templated":true}]}}