{"id":167690,"date":"2025-12-19T20:38:13","date_gmt":"2025-12-19T17:38:13","guid":{"rendered":"https:\/\/baldumarket.lt\/product\/astoria-dab-sonoma-lawa-rozkladana-podnoszona-stol-lawostol-z-polka\/"},"modified":"2026-02-11T10:19:17","modified_gmt":"2026-02-11T07:19:17","slug":"astoria-dab-sonoma-lawa-rozkladana-podnoszona-stol-lawostol-z-polka","status":"publish","type":"product","link":"https:\/\/baldumarket.lt\/lt\/product\/astoria-dab-sonoma-lawa-rozkladana-podnoszona-stol-lawostol-z-polka\/","title":{"rendered":"ASTORIA Sonoma Oak &#8211; SULANKSTOMAS KAVOS STALIUKAS SU LENTYNA"},"content":{"rendered":"<p>Kavos staliukas pagamintas i\u0161 matin\u0117s med\u017eio dro\u017eli\u0173 plok\u0161t\u0117s, laminuotos i\u0161 abiej\u0173 pusi\u0173, 28 mm storio (vir\u0161us) ir 18 mm storio (kiti elementai), apdailintos 1 mm ABS kra\u0161tais.<br \/>\n\u012eskai\u010diuota:<br \/>\nAi\u0161kios, nuoseklios instrukcijos, tod\u0117l surinkimas labai paprastas ir trunka 30\u201345 minutes.<\/p>","protected":false},"excerpt":{"rendered":"<p>PLOTIS 110 cm \/ 150 cm, GYLIS 68 cm REGULIUOJAMAS, AUK\u0160TIS 59,5\u201371,5 cm, \u012eD\u0116KL\u0172 SKAI\u010cIUS 1 vnt. x 40 cm (pasl\u0117pta po stalvir\u0161iu), STALVIR\u0160IO FORMA Sta\u010diakampis, MED\u017dIAGOS Med\u017eio dro\u017eli\u0173 plok\u0161t\u0117, PAVIR\u0160IUS Matinis, STILIUS Modernus, SVORIS SU PAKUOTE 48 kg<\/p>","protected":false},"featured_media":167691,"comment_status":"open","ping_status":"open","template":"","meta":[],"product_brand":[],"product_cat":[9523,866,4109],"product_tag":[],"class_list":{"0":"post-167690","1":"product","2":"type-product","3":"status-publish","4":"has-post-thumbnail","6":"product_cat-transformer-tables-astoria-mazzoni","7":"product_cat-coffee-tables","8":"product_cat-mazzoni","10":"first","11":"instock","12":"purchasable","13":"product-type-simple"},"_links":{"self":[{"href":"https:\/\/baldumarket.lt\/lt\/wp-json\/wp\/v2\/product\/167690","targetHints":{"allow":["GET"]}}],"collection":[{"href":"https:\/\/baldumarket.lt\/lt\/wp-json\/wp\/v2\/product"}],"about":[{"href":"https:\/\/baldumarket.lt\/lt\/wp-json\/wp\/v2\/types\/product"}],"replies":[{"embeddable":true,"href":"https:\/\/baldumarket.lt\/lt\/wp-json\/wp\/v2\/comments?post=167690"}],"wp:featuredmedia":[{"embeddable":true,"href":"https:\/\/baldumarket.lt\/lt\/wp-json\/wp\/v2\/media\/167691"}],"wp:attachment":[{"href":"https:\/\/baldumarket.lt\/lt\/wp-json\/wp\/v2\/media?parent=167690"}],"wp:term":[{"taxonomy":"product_brand","embeddable":true,"href":"https:\/\/baldumarket.lt\/lt\/wp-json\/wp\/v2\/product_brand?post=167690"},{"taxonomy":"product_cat","embeddable":true,"href":"https:\/\/baldumarket.lt\/lt\/wp-json\/wp\/v2\/product_cat?post=167690"},{"taxonomy":"product_tag","embeddable":true,"href":"https:\/\/baldumarket.lt\/lt\/wp-json\/wp\/v2\/product_tag?post=167690"}],"curies":[{"name":"wp","href":"https:\/\/api.w.org\/{rel}","templated":true}]}}