{"id":167675,"date":"2025-12-19T20:37:55","date_gmt":"2025-12-19T17:37:55","guid":{"rendered":"https:\/\/baldumarket.lt\/product\/lynx-dab-craft-zloty-czarny-mat-nowoczesna-lawa-stolik-kawowy-loft\/"},"modified":"2026-02-03T23:29:37","modified_gmt":"2026-02-03T20:29:37","slug":"lynx-dab-craft-zloty-czarny-mat-nowoczesna-lawa-stolik-kawowy-loft","status":"publish","type":"product","link":"https:\/\/baldumarket.lt\/lt\/product\/lynx-dab-craft-zloty-czarny-mat-nowoczesna-lawa-stolik-kawowy-loft\/","title":{"rendered":"LYNX Craft \u0105\u017euolo aukso\/matin\u0117s juodos spalvos &#8211; MODERNUS LOFT kavos staliukas"},"content":{"rendered":"<p>Kavos staliukas pagamintas i\u0161 18 mm storio matin\u0117s med\u017eio dro\u017eli\u0173 plok\u0161t\u0117s, laminuotos i\u0161 abiej\u0173 pusi\u0173. Visas gaminys apdailintas 1 mm ABS briauna. Papildomas elementas \u2013 juodai milteliniu b\u016bdu da\u017eytas metalinis r\u0117mas.<br \/>\n\u012eskai\u010diuota:<br \/>\nAi\u0161kios, nuoseklios instrukcijos, tod\u0117l surinkimas labai paprastas ir trunka tik 30\u201345 minutes.<\/p>","protected":false},"excerpt":{"rendered":"<p>PLOTIS 100 cm, GYLIS 60 cm, AUK\u0160TIS 45 cm, MED\u017dIAGOS: Med\u017eio dro\u017eli\u0173 plok\u0161t\u0117, PAVIR\u0160IUS: Matinis, STILIUS: Loft, SVORIS SU PAKUOTE 28 kg<\/p>","protected":false},"featured_media":167676,"comment_status":"open","ping_status":"open","template":"","meta":[],"product_brand":[],"product_cat":[866,4109],"product_tag":[],"class_list":{"0":"post-167675","1":"product","2":"type-product","3":"status-publish","4":"has-post-thumbnail","6":"product_cat-coffee-tables","7":"product_cat-mazzoni","9":"first","10":"instock","11":"purchasable","12":"product-type-simple"},"_links":{"self":[{"href":"https:\/\/baldumarket.lt\/lt\/wp-json\/wp\/v2\/product\/167675","targetHints":{"allow":["GET"]}}],"collection":[{"href":"https:\/\/baldumarket.lt\/lt\/wp-json\/wp\/v2\/product"}],"about":[{"href":"https:\/\/baldumarket.lt\/lt\/wp-json\/wp\/v2\/types\/product"}],"replies":[{"embeddable":true,"href":"https:\/\/baldumarket.lt\/lt\/wp-json\/wp\/v2\/comments?post=167675"}],"wp:featuredmedia":[{"embeddable":true,"href":"https:\/\/baldumarket.lt\/lt\/wp-json\/wp\/v2\/media\/167676"}],"wp:attachment":[{"href":"https:\/\/baldumarket.lt\/lt\/wp-json\/wp\/v2\/media?parent=167675"}],"wp:term":[{"taxonomy":"product_brand","embeddable":true,"href":"https:\/\/baldumarket.lt\/lt\/wp-json\/wp\/v2\/product_brand?post=167675"},{"taxonomy":"product_cat","embeddable":true,"href":"https:\/\/baldumarket.lt\/lt\/wp-json\/wp\/v2\/product_cat?post=167675"},{"taxonomy":"product_tag","embeddable":true,"href":"https:\/\/baldumarket.lt\/lt\/wp-json\/wp\/v2\/product_tag?post=167675"}],"curies":[{"name":"wp","href":"https:\/\/api.w.org\/{rel}","templated":true}]}}