{"id":167407,"date":"2025-12-19T16:35:12","date_gmt":"2025-12-19T13:35:12","guid":{"rendered":"https:\/\/baldumarket.lt\/product\/linkastyles-2-komoda-2d3s-cashmere\/"},"modified":"2026-04-12T15:43:41","modified_gmt":"2026-04-12T12:43:41","slug":"linkastyles-2-komoda-2d3s-cashmere","status":"publish","type":"product","link":"https:\/\/baldumarket.lt\/lt\/product\/linkastyles-2-komoda-2d3s-cashmere\/","title":{"rendered":"LINKaSTYLES-2 \u2013 2D3S ka\u0161myro komoda"},"content":{"rendered":"<p>Eleganti\u0161ka komoda \u201eLINKaSTYLES-2\u201c puikiai dera su \u0161iuolaikin\u0117mis interjero dizaino tendencijomis. Sukurta \u201eJarstol\u201c prek\u0117s \u017eenklo, ji derina estetik\u0105 ir funkcionalum\u0105, tod\u0117l tampa unikaliu bet kokio interjero akcentu. Jos subtilus ka\u0161myro korpusas (\u201eEgger U702\u201c) suteikia kambariui lengvumo ir elegancijos, tod\u0117l puikiai papildo \u012fvairius dekoro stilius. 135 cm plo\u010dio, 86,5 cm auk\u0161\u010dio ir 40,6 cm gylio komoda sukurta atsi\u017evelgiant \u012f maksimal\u0173 prakti\u0161kum\u0105. Joje yra trys erdv\u016bs stal\u010diai ir dvi spintel\u0117s su lentynomis, tod\u0117l joje lengvai tilps visi svarbiausi drabu\u017eiai, aksesuarai ir net dokumentai. D\u0117l apgalvoto organizavimo kasdienis naudojimas yra ne\u012ftik\u0117tinai paprastas ir patogus. Taip pat verta pamin\u0117ti rafinuot\u0105 dizain\u0105. Matin\u0117s juodos rankenos ir metalin\u0117s kojel\u0117s suteikia baldui modernumo, tuo pa\u010diu i\u0161laikant harmonij\u0105 su kitais baldais. \u0160is spalv\u0173 ir med\u017eiag\u0173 derinys rei\u0161kia, kad baldai tiks \u012fvairiems i\u0161d\u0117stymams \u2013 nuo minimalistinio, skandinavi\u0161ko iki industrinio.<\/p>","protected":false},"excerpt":{"rendered":"<p>Plotis (cm): 135<br \/>\n\u016agis (cm): 86,5<\/p>","protected":false},"featured_media":167408,"comment_status":"open","ping_status":"open","template":"","meta":[],"product_brand":[],"product_cat":[9508,1173,4108],"product_tag":[],"class_list":{"0":"post-167407","1":"product","2":"type-product","3":"status-publish","4":"has-post-thumbnail","6":"product_cat-furniture-system-linkastyles-jarstol-meble","7":"product_cat-chests-of-drawers","8":"product_cat-jarstol","10":"first","11":"instock","12":"purchasable","13":"product-type-simple"},"_links":{"self":[{"href":"https:\/\/baldumarket.lt\/lt\/wp-json\/wp\/v2\/product\/167407","targetHints":{"allow":["GET"]}}],"collection":[{"href":"https:\/\/baldumarket.lt\/lt\/wp-json\/wp\/v2\/product"}],"about":[{"href":"https:\/\/baldumarket.lt\/lt\/wp-json\/wp\/v2\/types\/product"}],"replies":[{"embeddable":true,"href":"https:\/\/baldumarket.lt\/lt\/wp-json\/wp\/v2\/comments?post=167407"}],"wp:featuredmedia":[{"embeddable":true,"href":"https:\/\/baldumarket.lt\/lt\/wp-json\/wp\/v2\/media\/167408"}],"wp:attachment":[{"href":"https:\/\/baldumarket.lt\/lt\/wp-json\/wp\/v2\/media?parent=167407"}],"wp:term":[{"taxonomy":"product_brand","embeddable":true,"href":"https:\/\/baldumarket.lt\/lt\/wp-json\/wp\/v2\/product_brand?post=167407"},{"taxonomy":"product_cat","embeddable":true,"href":"https:\/\/baldumarket.lt\/lt\/wp-json\/wp\/v2\/product_cat?post=167407"},{"taxonomy":"product_tag","embeddable":true,"href":"https:\/\/baldumarket.lt\/lt\/wp-json\/wp\/v2\/product_tag?post=167407"}],"curies":[{"name":"wp","href":"https:\/\/api.w.org\/{rel}","templated":true}]}}