{"id":167399,"date":"2025-12-19T16:34:55","date_gmt":"2025-12-19T13:34:55","guid":{"rendered":"https:\/\/baldumarket.lt\/product\/linkastyles-2-komoda-2d3s-indigo\/"},"modified":"2026-04-12T15:43:41","modified_gmt":"2026-04-12T12:43:41","slug":"linkastyles-2-komoda-2d3s-indigo","status":"publish","type":"product","link":"https:\/\/baldumarket.lt\/lt\/product\/linkastyles-2-komoda-2d3s-indigo\/","title":{"rendered":"LINKaSTYLES-2 \u2013 2D3S Indigo spalvos komoda"},"content":{"rendered":"<p>\u2019Jarstol\u201c komoda \u201e2D3S Indigo\u201c \u2013 tobulas baldas, kuriame dera elegancija ir funkcionalumas. Indigo spalvos apdaila suteikia jai modernumo ir \u017eavesio bet kuriame interjere. D\u0117l plon\u0173, matini\u0173 juod\u0173 kojeli\u0173 ir varini\u0173 ranken\u0117li\u0173 \u0161i komoda suteikia bet kokiam kambariui stiliaus, derindama klasikin\u012f stili\u0173 su moderniu po\u017ei\u016briu \u012f dizain\u0105. Funkcionalumas yra pagrindinis \u201eIndigo\u201c komodos privalumas. Trys erdv\u016bs stal\u010diai ir dvi spintel\u0117s su lentynomis sukuria puiki\u0105 erdv\u0119 drabu\u017eiams, aksesuarams ir dokumentams laikyti. D\u0117l gerai apgalvoto dizaino tvarkos palaikymas bet kuriame kambaryje tampa vieni juokai. \u0160velnaus u\u017edarymo vyriai suteikia papildomo komforto, nes pa\u0161alina u\u017edarymo gars\u0105. Komodos \u201e2D3S Indigo\u201c populiarumas kyla ir d\u0117l jos universalumo. Galima rinktis i\u0161 trij\u0173 spalv\u0173 \u2013 ka\u0161myro, indigo ir \u017ealio akmens \u2013 tod\u0117l ji puikiai papildys \u012fvairius interjero stilius. Nesvarbu, ar dekoruojate modern\u0173 but\u0105, ar klasikin\u012f nam\u0105, \u0161i komoda suteiks bet kuriam kambariui unikalumo. Minimalistinis dizainas paver\u010dia j\u0105 subtiliu, ta\u010diau i\u0161rai\u0161kingu dekoratyviniu elementu.<\/p>","protected":false},"excerpt":{"rendered":"<p>Plotis (cm): 135<br \/>\n\u016agis (cm): 86,5<br \/>\nGylis (cm): 40,6<\/p>","protected":false},"featured_media":167400,"comment_status":"open","ping_status":"open","template":"","meta":[],"product_brand":[],"product_cat":[9508,1173,4108],"product_tag":[],"class_list":{"0":"post-167399","1":"product","2":"type-product","3":"status-publish","4":"has-post-thumbnail","6":"product_cat-furniture-system-linkastyles-jarstol-meble","7":"product_cat-chests-of-drawers","8":"product_cat-jarstol","10":"first","11":"instock","12":"purchasable","13":"product-type-simple"},"_links":{"self":[{"href":"https:\/\/baldumarket.lt\/lt\/wp-json\/wp\/v2\/product\/167399","targetHints":{"allow":["GET"]}}],"collection":[{"href":"https:\/\/baldumarket.lt\/lt\/wp-json\/wp\/v2\/product"}],"about":[{"href":"https:\/\/baldumarket.lt\/lt\/wp-json\/wp\/v2\/types\/product"}],"replies":[{"embeddable":true,"href":"https:\/\/baldumarket.lt\/lt\/wp-json\/wp\/v2\/comments?post=167399"}],"wp:featuredmedia":[{"embeddable":true,"href":"https:\/\/baldumarket.lt\/lt\/wp-json\/wp\/v2\/media\/167400"}],"wp:attachment":[{"href":"https:\/\/baldumarket.lt\/lt\/wp-json\/wp\/v2\/media?parent=167399"}],"wp:term":[{"taxonomy":"product_brand","embeddable":true,"href":"https:\/\/baldumarket.lt\/lt\/wp-json\/wp\/v2\/product_brand?post=167399"},{"taxonomy":"product_cat","embeddable":true,"href":"https:\/\/baldumarket.lt\/lt\/wp-json\/wp\/v2\/product_cat?post=167399"},{"taxonomy":"product_tag","embeddable":true,"href":"https:\/\/baldumarket.lt\/lt\/wp-json\/wp\/v2\/product_tag?post=167399"}],"curies":[{"name":"wp","href":"https:\/\/api.w.org\/{rel}","templated":true}]}}