{"id":167393,"date":"2025-12-19T16:34:43","date_gmt":"2025-12-19T13:34:43","guid":{"rendered":"https:\/\/baldumarket.lt\/product\/antica-8-lustro-wiszace-kraft-zloty\/"},"modified":"2026-02-09T11:10:30","modified_gmt":"2026-02-09T08:10:30","slug":"antica-8-lustro-wiszace-kraft-zloty","status":"publish","type":"product","link":"https:\/\/baldumarket.lt\/lt\/product\/antica-8-lustro-wiszace-kraft-zloty\/","title":{"rendered":"ANTICA-8 \u2013 Kraft auksinis pakabinamas veidrodis"},"content":{"rendered":"<p>\u201eKraft Gold\u201c pakabinamas veidrodis i\u0161 \u201eAntica\u201c kolekcijos \u2013 puikus pasirinkimas visiems, norintiems savo interjerui suteikti unikalaus stiliaus ir elegancijos. Modernus, kaimi\u0161kas dizainas puikiai tinka tiek klasikiniam, tiek moderniam interjerui. Auksin\u0117 apdaila suteikia jam prabangos \u012fsp\u016bd\u012f, kuris ne tik vizualiai d\u017eiugina, bet ir paver\u010dia j\u012f bet kurio kambario traukos centru. \u0160is 126,4 cm plo\u010dio ir 77 cm auk\u0161\u010dio veidrodis puikiai tinka erdv\u0117ms, kurioms reikia vizualiai padidinti erdv\u0119 ir papildomos \u0161viesos. Eleganti\u0161kas laminuotas r\u0117mas kartu su veidrod\u017eiu sukuria harmoning\u0105 visum\u0105, suteikian\u010di\u0105 interjerui \u0161ilumos ir jaukumo. Jis idealiai tinka koridoriams, miegamiesiems ar svetain\u0117ms, suteikdamas joms unikalaus \u017eavesio. Dar vienas \u0161io veidrod\u017eio privalumas \u2013 paprastas montavimas. J\u012f gali lengvai surinkti kiekvienas, tod\u0117l tai greitas ir paprastas b\u016bdas atnaujinti interjer\u0105. Jums nereikia r\u016bpintis sud\u0117tingomis instrukcijomis \u2013 d\u0117l gerai apgalvoto dizaino \u201eAntica\u201c kolekcijos veidrod\u012f lengva sumontuoti, tod\u0117l gal\u0117site greitai m\u0117gautis jo estetika.<\/p>","protected":false},"excerpt":{"rendered":"<p>Plotis (cm): 126,4<br \/>\n\u016agis (cm): 77<br \/>\nGylis (cm): 40,6<\/p>","protected":false},"featured_media":167394,"comment_status":"open","ping_status":"open","template":"","meta":[],"product_brand":[],"product_cat":[9502,4108,1108],"product_tag":[],"class_list":{"0":"post-167393","1":"product","2":"type-product","3":"status-publish","4":"has-post-thumbnail","6":"product_cat-furniture-system-antica-jarstol-meble","7":"product_cat-jarstol","8":"product_cat-mirrors","10":"first","11":"instock","12":"purchasable","13":"product-type-simple"},"_links":{"self":[{"href":"https:\/\/baldumarket.lt\/lt\/wp-json\/wp\/v2\/product\/167393","targetHints":{"allow":["GET"]}}],"collection":[{"href":"https:\/\/baldumarket.lt\/lt\/wp-json\/wp\/v2\/product"}],"about":[{"href":"https:\/\/baldumarket.lt\/lt\/wp-json\/wp\/v2\/types\/product"}],"replies":[{"embeddable":true,"href":"https:\/\/baldumarket.lt\/lt\/wp-json\/wp\/v2\/comments?post=167393"}],"wp:featuredmedia":[{"embeddable":true,"href":"https:\/\/baldumarket.lt\/lt\/wp-json\/wp\/v2\/media\/167394"}],"wp:attachment":[{"href":"https:\/\/baldumarket.lt\/lt\/wp-json\/wp\/v2\/media?parent=167393"}],"wp:term":[{"taxonomy":"product_brand","embeddable":true,"href":"https:\/\/baldumarket.lt\/lt\/wp-json\/wp\/v2\/product_brand?post=167393"},{"taxonomy":"product_cat","embeddable":true,"href":"https:\/\/baldumarket.lt\/lt\/wp-json\/wp\/v2\/product_cat?post=167393"},{"taxonomy":"product_tag","embeddable":true,"href":"https:\/\/baldumarket.lt\/lt\/wp-json\/wp\/v2\/product_tag?post=167393"}],"curies":[{"name":"wp","href":"https:\/\/api.w.org\/{rel}","templated":true}]}}