{"id":167386,"date":"2025-12-19T16:34:28","date_gmt":"2025-12-19T13:34:28","guid":{"rendered":"https:\/\/baldumarket.lt\/product\/indianapolis-3-witryna-4-drzwiowa-jesion-ciemny\/"},"modified":"2026-02-09T12:28:24","modified_gmt":"2026-02-09T09:28:24","slug":"indianapolis-3-witryna-4-drzwiowa-jesion-ciemny","status":"publish","type":"product","link":"https:\/\/baldumarket.lt\/lt\/product\/indianapolis-3-witryna-4-drzwiowa-jesion-ciemny\/","title":{"rendered":"INDIANAPOLIS-3 \u2013 4 dur\u0173 vitrina, tamsaus uosio spalvos"},"content":{"rendered":"<p>Keturi\u0173 dur\u0173 vitrina \u201eIndianapolis-3\u201c suteikia elegancijos ir funkcionalumo bet kokiam interjerui. Tamsi pelen\u0173 spalva suteikia kambariui unikal\u0173 charakter\u012f, o kruop\u0161\u010diai apgalvotos detal\u0117s paver\u010dia j\u0105 ne tik baldu, bet ir tikra puo\u0161mena. Ji puikiai dera su \u012fvairiais interjero stiliais \u2013 nuo modernaus iki klasikinio, sukurdama harmoning\u0105 visum\u0105 su kitais baldais. Spintel\u0117s apgalvotas dizainas apima ne tik estetik\u0105, bet ir prakti\u0161kum\u0105. \u012erengtos stiklin\u0117s lentynos ir erdvi spintel\u0117, ji puikiai tinka laikyti ir eksponuoti m\u0117gstamus daiktus. Viduje galite lengvai laikyti drabu\u017eius, knygas ir vertingus suvenyrus, u\u017etikrindami, kad jie b\u016bt\u0173 gerai i\u0161d\u0117styti. Pasirink\u0119 stiklin\u012f arba vientis\u0105 fasad\u0105, galite lengvai pritaikyti j\u0105 pagal savo individualius poreikius. Vitrinoje \u201eIndianapolis-3\u201c taip pat galima \u012frengti LED ap\u0161vietim\u0105, kuris padidins j\u016bs\u0173 eksponat\u0173 \u017eaves\u012f. Ap\u0161vietimas galimas kaip papildoma \u012franga, \u012fsigyjama atskirai. \u012esivaizduokite, kaip vakaro \u0161viesa subtiliai ap\u0161vie\u010dia j\u016bs\u0173 m\u0117gstamiausius aksesuarus, sukurdama unikali\u0105 atmosfer\u0105 j\u016bs\u0173 interjere. Tai baldas, kuris traukia ak\u012f ir pagerina erdv\u0119, padarydamas j\u0105 dar jaukesn\u0119 ir stilingesn\u0119.<\/p>","protected":false},"excerpt":{"rendered":"<p>Plotis (cm): 96<br \/>\n\u016agis (cm): 192<br \/>\nGylis (cm): 5,5<\/p>","protected":false},"featured_media":167387,"comment_status":"open","ping_status":"open","template":"","meta":[],"product_brand":[],"product_cat":[9507,4108,2006],"product_tag":[],"class_list":{"0":"post-167386","1":"product","2":"type-product","3":"status-publish","4":"has-post-thumbnail","6":"product_cat-furniture-system-indianapolis-jarstol-meble","7":"product_cat-jarstol","8":"product_cat-vitrines","10":"first","11":"instock","12":"purchasable","13":"product-type-simple"},"_links":{"self":[{"href":"https:\/\/baldumarket.lt\/lt\/wp-json\/wp\/v2\/product\/167386","targetHints":{"allow":["GET"]}}],"collection":[{"href":"https:\/\/baldumarket.lt\/lt\/wp-json\/wp\/v2\/product"}],"about":[{"href":"https:\/\/baldumarket.lt\/lt\/wp-json\/wp\/v2\/types\/product"}],"replies":[{"embeddable":true,"href":"https:\/\/baldumarket.lt\/lt\/wp-json\/wp\/v2\/comments?post=167386"}],"wp:featuredmedia":[{"embeddable":true,"href":"https:\/\/baldumarket.lt\/lt\/wp-json\/wp\/v2\/media\/167387"}],"wp:attachment":[{"href":"https:\/\/baldumarket.lt\/lt\/wp-json\/wp\/v2\/media?parent=167386"}],"wp:term":[{"taxonomy":"product_brand","embeddable":true,"href":"https:\/\/baldumarket.lt\/lt\/wp-json\/wp\/v2\/product_brand?post=167386"},{"taxonomy":"product_cat","embeddable":true,"href":"https:\/\/baldumarket.lt\/lt\/wp-json\/wp\/v2\/product_cat?post=167386"},{"taxonomy":"product_tag","embeddable":true,"href":"https:\/\/baldumarket.lt\/lt\/wp-json\/wp\/v2\/product_tag?post=167386"}],"curies":[{"name":"wp","href":"https:\/\/api.w.org\/{rel}","templated":true}]}}