{"id":167374,"date":"2025-12-19T16:34:03","date_gmt":"2025-12-19T13:34:03","guid":{"rendered":"https:\/\/baldumarket.lt\/product\/indianapolis-3-witryna-4-drzwiowa-kraft-bialy\/"},"modified":"2026-02-09T12:28:24","modified_gmt":"2026-02-09T09:28:24","slug":"indianapolis-3-witryna-4-drzwiowa-kraft-bialy","status":"publish","type":"product","link":"https:\/\/baldumarket.lt\/lt\/product\/indianapolis-3-witryna-4-drzwiowa-kraft-bialy\/","title":{"rendered":"INDIANAPOLIS-3 \u2013 4 dur\u0173 balta Kraft popieriaus vitrina"},"content":{"rendered":"<p>Garsaus \u201eJarstol\u201c prek\u0117s \u017eenklo vitrina INDIANAPOLIS-3 yra eleganti\u0161kas ir funkcionalus bet kokio interjero papildymas, \u017eavintis subtilia forma ir moderniu stiliumi. Harmoningas balto korpuso ir Kraft spalvos fasado derinys sukuria maloni\u0105 atmosfer\u0105 svetain\u0117je, miegamajame ar biure. 96 cm plo\u010dio, 192 cm auk\u0161\u010dio ir 42 cm gylio auk\u0161ta vitrina puikiai tinka ma\u017eesn\u0117ms erdv\u0117ms ir suteikia daug vietos daiktams susid\u0117ti. Vienas svarbiausi\u0173 \u0161ios vitrinos bruo\u017e\u0173 \u2013 esteti\u0161kos stiklin\u0117s lentynos, leid\u017eian\u010dios efektyviai eksponuoti ornamentus, porcelian\u0105 ir suvenyrus. Galimyb\u0117 rinktis stiklin\u012f arba vientis\u0105 fasad\u0105 suteikia plat\u0173 dizaino pasirinkim\u0105 tiems, kurie m\u0117gsta \u012fvairius interjero stilius. Papildomas LED ap\u0161vietimas vir\u0161uje ir lentynose yra puikus papildymas, ne tik pagerinantis funkcionalum\u0105, bet ir unikaliai i\u0161ry\u0161kinantis laikom\u0173 daikt\u0173 gro\u017e\u012f. Ap\u0161vietimas galimas kaip papildomas priedas, \u012fsigyjamas atskirai. D\u0117l i\u0161manaus dizaino apatin\u0117je vitrinos dalyje yra eleganti\u0161ka spintel\u0117 su lentyna, kurioje galima laikyti drabu\u017eius, aksesuarus ar dokumentus, padedant palaikyti tvark\u0105 viduje. INDIANAPOLIS-3 vitrina apjungia prakti\u0161kum\u0105 ir modern\u0173 dizain\u0105 \u2013 idealiai tinka kasdieniam naudojimui, ji patenkins net ir reikliausi\u0173 vartotoj\u0173 l\u016bkes\u010dius.<\/p>","protected":false},"excerpt":{"rendered":"<p>Plotis (cm): 96<br \/>\n\u016agis (cm): 192<br \/>\nGylis (cm): 42<\/p>","protected":false},"featured_media":167375,"comment_status":"open","ping_status":"open","template":"","meta":[],"product_brand":[],"product_cat":[9507,4108,2006],"product_tag":[],"class_list":{"0":"post-167374","1":"product","2":"type-product","3":"status-publish","4":"has-post-thumbnail","6":"product_cat-furniture-system-indianapolis-jarstol-meble","7":"product_cat-jarstol","8":"product_cat-vitrines","10":"first","11":"instock","12":"purchasable","13":"product-type-simple"},"_links":{"self":[{"href":"https:\/\/baldumarket.lt\/lt\/wp-json\/wp\/v2\/product\/167374","targetHints":{"allow":["GET"]}}],"collection":[{"href":"https:\/\/baldumarket.lt\/lt\/wp-json\/wp\/v2\/product"}],"about":[{"href":"https:\/\/baldumarket.lt\/lt\/wp-json\/wp\/v2\/types\/product"}],"replies":[{"embeddable":true,"href":"https:\/\/baldumarket.lt\/lt\/wp-json\/wp\/v2\/comments?post=167374"}],"wp:featuredmedia":[{"embeddable":true,"href":"https:\/\/baldumarket.lt\/lt\/wp-json\/wp\/v2\/media\/167375"}],"wp:attachment":[{"href":"https:\/\/baldumarket.lt\/lt\/wp-json\/wp\/v2\/media?parent=167374"}],"wp:term":[{"taxonomy":"product_brand","embeddable":true,"href":"https:\/\/baldumarket.lt\/lt\/wp-json\/wp\/v2\/product_brand?post=167374"},{"taxonomy":"product_cat","embeddable":true,"href":"https:\/\/baldumarket.lt\/lt\/wp-json\/wp\/v2\/product_cat?post=167374"},{"taxonomy":"product_tag","embeddable":true,"href":"https:\/\/baldumarket.lt\/lt\/wp-json\/wp\/v2\/product_tag?post=167374"}],"curies":[{"name":"wp","href":"https:\/\/api.w.org\/{rel}","templated":true}]}}