{"id":167368,"date":"2025-12-19T16:33:50","date_gmt":"2025-12-19T13:33:50","guid":{"rendered":"https:\/\/baldumarket.lt\/product\/indianapolis-9-komoda-rtv-2-szuflady-jesion-ciemny\/"},"modified":"2026-02-09T12:28:24","modified_gmt":"2026-02-09T09:28:24","slug":"indianapolis-9-komoda-rtv-2-szuflady-jesion-ciemny","status":"publish","type":"product","link":"https:\/\/baldumarket.lt\/lt\/product\/indianapolis-9-komoda-rtv-2-szuflady-jesion-ciemny\/","title":{"rendered":"INDIANAPOLIS-9 \u2013 2 stal\u010di\u0173 TV spintel\u0117, tamsaus uosio spalvos"},"content":{"rendered":"<p>Kalbant apie baldus, kurie derina stili\u0173 ir funkcionalum\u0105, \u201eJarstol\u201c INDIANAPOLIS-9 televizoriaus staliukas i\u0161siskiria kaip puikus modernaus dizaino pavyzdys. Nat\u016brali tamsi pelen\u0173 spalva suteikia interjerui elegancijos, o minimalistinis po\u017ei\u016bris puikiai tinka \u012fvairiems svetain\u0117s, miegamojo ar sve\u010di\u0173 kambario i\u0161d\u0117stymams. \u0160is staliukas yra ne tik baldas, bet ir dekoratyvinis akcentas, kuris sustiprins j\u016bs\u0173 erdv\u0117s charakter\u012f. Svarbus INDIANAPOLIS-9 privalumas \u2013 gerai apgalvotas dizainas, kuriame estetika derinama su kasdieniu prakti\u0161kumu. Du erdv\u016bs stal\u010diai ir lentyna leid\u017eia susitvarkyti ne tik televizoriaus \u012frang\u0105, bet ir knygas, dokumentus bei kitus smulkius daiktus, kurie paprastai u\u017eima viet\u0105 svetain\u0117je. Tai sutaupys laiko ie\u0161kant m\u0117gstam\u0173 knyg\u0173 ar svarbi\u0173 u\u017era\u0161\u0173 \u2013 viskas bus vienoje vietoje. Estetin\u0117s detal\u0117s, tokios kaip kruop\u0161\u010diai parinktos metalin\u0117s rankenos, pabr\u0117\u017eia \u0161io baldo kokyb\u0119. Taip pat verta pamin\u0117ti galimyb\u0119 \u012fmontuoti LED ap\u0161vietim\u0105 ant komodos vir\u0161aus, kuris suteiks unikali\u0105 atmosfer\u0105 ir sukurs jauki\u0105 atmosfer\u0105 j\u016bs\u0173 namuose. Ap\u0161vietimas \u012fsigyjamas atskirai kaip papildoma \u012franga. Unikalus dizainas ir paprastas naudojimas daro j\u012f idealiu pasirinkimu visiems, vertinantiems stilingus sprendimus.<\/p>","protected":false},"excerpt":{"rendered":"<p>Plotis (cm): 137<br \/>\n\u016agis (cm): 53<br \/>\nGylis (cm): 42<\/p>","protected":false},"featured_media":167369,"comment_status":"open","ping_status":"open","template":"","meta":[],"product_brand":[],"product_cat":[9507,4108,1175],"product_tag":[],"class_list":{"0":"post-167368","1":"product","2":"type-product","3":"status-publish","4":"has-post-thumbnail","6":"product_cat-furniture-system-indianapolis-jarstol-meble","7":"product_cat-jarstol","8":"product_cat-tv-stands","10":"first","11":"instock","12":"purchasable","13":"product-type-simple"},"_links":{"self":[{"href":"https:\/\/baldumarket.lt\/lt\/wp-json\/wp\/v2\/product\/167368","targetHints":{"allow":["GET"]}}],"collection":[{"href":"https:\/\/baldumarket.lt\/lt\/wp-json\/wp\/v2\/product"}],"about":[{"href":"https:\/\/baldumarket.lt\/lt\/wp-json\/wp\/v2\/types\/product"}],"replies":[{"embeddable":true,"href":"https:\/\/baldumarket.lt\/lt\/wp-json\/wp\/v2\/comments?post=167368"}],"wp:featuredmedia":[{"embeddable":true,"href":"https:\/\/baldumarket.lt\/lt\/wp-json\/wp\/v2\/media\/167369"}],"wp:attachment":[{"href":"https:\/\/baldumarket.lt\/lt\/wp-json\/wp\/v2\/media?parent=167368"}],"wp:term":[{"taxonomy":"product_brand","embeddable":true,"href":"https:\/\/baldumarket.lt\/lt\/wp-json\/wp\/v2\/product_brand?post=167368"},{"taxonomy":"product_cat","embeddable":true,"href":"https:\/\/baldumarket.lt\/lt\/wp-json\/wp\/v2\/product_cat?post=167368"},{"taxonomy":"product_tag","embeddable":true,"href":"https:\/\/baldumarket.lt\/lt\/wp-json\/wp\/v2\/product_tag?post=167368"}],"curies":[{"name":"wp","href":"https:\/\/api.w.org\/{rel}","templated":true}]}}