{"id":167358,"date":"2025-12-19T16:33:29","date_gmt":"2025-12-19T13:33:29","guid":{"rendered":"https:\/\/baldumarket.lt\/product\/indianapolis-9-komoda-rtv-2-szuflady-kraft-bialy\/"},"modified":"2026-02-09T12:28:24","modified_gmt":"2026-02-09T09:28:24","slug":"indianapolis-9-komoda-rtv-2-szuflady-kraft-bialy","status":"publish","type":"product","link":"https:\/\/baldumarket.lt\/lt\/product\/indianapolis-9-komoda-rtv-2-szuflady-kraft-bialy\/","title":{"rendered":"INDIANAPOLIS-9 \u2013 TV spintel\u0117 su 2 stal\u010diais, balta, kraft ra\u0161to"},"content":{"rendered":"<p>Su \u201eIndianapolis-9\u201c televizoriaus staliuku suteikite savo interjerui elegancijos ir paprastumo. Minimalistinis dizainas puikiai tinka \u012fvairioms erdv\u0117ms \u2013 nuo moderni\u0173 iki klasikini\u0173. Pagamintas i\u0161 baltos spalvos laminuotos plok\u0161t\u0117s, jis spinduliuoja gaivumu ir stiliumi, patraukdamas kiekvieno sve\u010dio ak\u012f. Sidabrin\u0117s metalin\u0117s ranken\u0117l\u0117s suteikia subtilaus rafinuotumo. \u0160is prakti\u0161kas televizoriaus staliukas buvo kruop\u0161\u010diai sukurtas siekiant maksimalaus funkcionalumo. Erdv\u0173 jo vid\u0173 sudaro viena lentyna ir dvi \u0161onin\u0117s spintel\u0117s, kuriose tilps ne tik elektroniniai prietaisai, bet ir knygos, dokumentai bei kiti b\u016btini aksesuarai. Tai leid\u017eia lengvai sutvarkyti svetain\u0119, paver\u010diant j\u0105 jaukesne ir organizuotesne erdve. Papildomas stovo privalumas \u2013 galimyb\u0117 vir\u0161uje \u012frengti LED ap\u0161vietim\u0105, suteikiant\u012f j\u016bs\u0173 interjerui unikali\u0105 atmosfer\u0105. \u012esivaizduokite, kaip aplinkos \u0161viesa i\u0161ry\u0161kina j\u016bs\u0173 m\u0117gstamiausias dekoracijas ar nuotrauk\u0173 r\u0117melius, sukurdama tobul\u0105 fon\u0105 vakaro susib\u016brimams su \u0161eima ir draugais. Ap\u0161vietimas galimas kaip papildomas priedas, \u012fsigyjamas atskirai. \u201eIndianapolis-9\u201c televizoriaus staliukas yra daugiau nei baldas \u2013 tai elementas, kuris pagyvins j\u016bs\u0173 interjer\u0105 ir padarys j\u012f tikrai unikal\u0173.<\/p>","protected":false},"excerpt":{"rendered":"<p>Plotis (cm): 137<br \/>\n\u016agis (cm): 53<br \/>\nGylis (cm): 42<\/p>","protected":false},"featured_media":167359,"comment_status":"open","ping_status":"open","template":"","meta":[],"product_brand":[],"product_cat":[9507,4108,1175],"product_tag":[],"class_list":{"0":"post-167358","1":"product","2":"type-product","3":"status-publish","4":"has-post-thumbnail","6":"product_cat-furniture-system-indianapolis-jarstol-meble","7":"product_cat-jarstol","8":"product_cat-tv-stands","10":"first","11":"instock","12":"purchasable","13":"product-type-simple"},"_links":{"self":[{"href":"https:\/\/baldumarket.lt\/lt\/wp-json\/wp\/v2\/product\/167358","targetHints":{"allow":["GET"]}}],"collection":[{"href":"https:\/\/baldumarket.lt\/lt\/wp-json\/wp\/v2\/product"}],"about":[{"href":"https:\/\/baldumarket.lt\/lt\/wp-json\/wp\/v2\/types\/product"}],"replies":[{"embeddable":true,"href":"https:\/\/baldumarket.lt\/lt\/wp-json\/wp\/v2\/comments?post=167358"}],"wp:featuredmedia":[{"embeddable":true,"href":"https:\/\/baldumarket.lt\/lt\/wp-json\/wp\/v2\/media\/167359"}],"wp:attachment":[{"href":"https:\/\/baldumarket.lt\/lt\/wp-json\/wp\/v2\/media?parent=167358"}],"wp:term":[{"taxonomy":"product_brand","embeddable":true,"href":"https:\/\/baldumarket.lt\/lt\/wp-json\/wp\/v2\/product_brand?post=167358"},{"taxonomy":"product_cat","embeddable":true,"href":"https:\/\/baldumarket.lt\/lt\/wp-json\/wp\/v2\/product_cat?post=167358"},{"taxonomy":"product_tag","embeddable":true,"href":"https:\/\/baldumarket.lt\/lt\/wp-json\/wp\/v2\/product_tag?post=167358"}],"curies":[{"name":"wp","href":"https:\/\/api.w.org\/{rel}","templated":true}]}}