{"id":167351,"date":"2025-12-19T16:33:13","date_gmt":"2025-12-19T13:33:13","guid":{"rendered":"https:\/\/baldumarket.lt\/product\/linkastyles-1-komoda-4d2s-cashmere\/"},"modified":"2026-04-12T15:43:41","modified_gmt":"2026-04-12T12:43:41","slug":"linkastyles-1-komoda-4d2s-cashmere","status":"publish","type":"product","link":"https:\/\/baldumarket.lt\/lt\/product\/linkastyles-1-komoda-4d2s-cashmere\/","title":{"rendered":"LINKaSTYLES-1 \u2013 4D2S ka\u0161myro komoda"},"content":{"rendered":"<p>Atraskite dizainerio sukurt\u0105 LINKaSTYLES-1 komod\u0105, kuri j\u016bs\u0173 interjerui suteiks modernumo ir elegancijos. Sukurta galvojant apie i\u0161skirtin\u0119 estetik\u0105, \u0161i ka\u0161myro spalvos komoda puikiai papildys bet kur\u012f svetain\u0119, valgom\u0105j\u012f, darbo kambar\u012f ar biur\u0105. Minimalistin\u0117, ta\u010diau stilinga jos i\u0161vaizda traukia d\u0117mes\u012f, o subtilios detal\u0117s, tokios kaip matin\u0117s juodos ranken\u0117l\u0117s ir kojel\u0117s, puikiai papildo bendr\u0105 dizain\u0105. Komoda buvo sukurta atsi\u017evelgiant \u012f prakti\u0161kum\u0105 ir funkcionalum\u0105. Vir\u0161utin\u0117je dalyje yra du erdv\u016bs stal\u010diai, kuriuose galite lengvai laikyti drabu\u017eius, aksesuarus ir dokumentus. D\u0117l nesenstan\u010dio dizaino ji lengvai integruosis \u012f esam\u0105 interjer\u0105, o estetika paver\u010dia j\u0105 ne tik baldu, bet ir tikru j\u016bs\u0173 interjero akcentu. Komodoje taip pat yra dvi erdvios lentynos, kurios leid\u017eia efektyviai valdyti erdv\u0119. Joje galite laikyti visk\u0105 \u2013 nuo knyg\u0173 ir dekoracij\u0173 iki biuro reikmen\u0173. \u0160is sprendimas leid\u017eia lengviau nei bet kada sutvarkyti erdv\u0119, o j\u016bs m\u0117gausit\u0117s tvarkingumu ir aplinka.<\/p>","protected":false},"excerpt":{"rendered":"<p>Plotis (cm): 165,3<br \/>\n\u016agis (cm): 86,5<br \/>\nGylis (cm): 42<\/p>","protected":false},"featured_media":167352,"comment_status":"open","ping_status":"open","template":"","meta":[],"product_brand":[],"product_cat":[9508,1173,4108],"product_tag":[],"class_list":{"0":"post-167351","1":"product","2":"type-product","3":"status-publish","4":"has-post-thumbnail","6":"product_cat-furniture-system-linkastyles-jarstol-meble","7":"product_cat-chests-of-drawers","8":"product_cat-jarstol","10":"first","11":"instock","12":"purchasable","13":"product-type-simple"},"_links":{"self":[{"href":"https:\/\/baldumarket.lt\/lt\/wp-json\/wp\/v2\/product\/167351","targetHints":{"allow":["GET"]}}],"collection":[{"href":"https:\/\/baldumarket.lt\/lt\/wp-json\/wp\/v2\/product"}],"about":[{"href":"https:\/\/baldumarket.lt\/lt\/wp-json\/wp\/v2\/types\/product"}],"replies":[{"embeddable":true,"href":"https:\/\/baldumarket.lt\/lt\/wp-json\/wp\/v2\/comments?post=167351"}],"wp:featuredmedia":[{"embeddable":true,"href":"https:\/\/baldumarket.lt\/lt\/wp-json\/wp\/v2\/media\/167352"}],"wp:attachment":[{"href":"https:\/\/baldumarket.lt\/lt\/wp-json\/wp\/v2\/media?parent=167351"}],"wp:term":[{"taxonomy":"product_brand","embeddable":true,"href":"https:\/\/baldumarket.lt\/lt\/wp-json\/wp\/v2\/product_brand?post=167351"},{"taxonomy":"product_cat","embeddable":true,"href":"https:\/\/baldumarket.lt\/lt\/wp-json\/wp\/v2\/product_cat?post=167351"},{"taxonomy":"product_tag","embeddable":true,"href":"https:\/\/baldumarket.lt\/lt\/wp-json\/wp\/v2\/product_tag?post=167351"}],"curies":[{"name":"wp","href":"https:\/\/api.w.org\/{rel}","templated":true}]}}