{"id":167343,"date":"2025-12-19T16:32:56","date_gmt":"2025-12-19T13:32:56","guid":{"rendered":"https:\/\/baldumarket.lt\/product\/linkastyles-1-komoda-4d2s-indigo\/"},"modified":"2026-04-12T15:43:33","modified_gmt":"2026-04-12T12:43:33","slug":"linkastyles-1-komoda-4d2s-indigo","status":"publish","type":"product","link":"https:\/\/baldumarket.lt\/lt\/product\/linkastyles-1-komoda-4d2s-indigo\/","title":{"rendered":"LINKaSTYLES-1 \u2013 4D2S Indigo spalvos komoda"},"content":{"rendered":"<p>Atraskite \u2019Jarstol\u201c komod\u0105 \u201eLINKaSTYLES-1\u201c, kuri j\u016bs\u0173 interjerui suteiks elegancijos ir prabangos. Jos modernus indigo dizainas traukia ak\u012f ir sukuria harmoning\u0105 atmosfer\u0105 bet kuriame kambaryje \u2013 nuo svetain\u0117s iki biuro. Subtilios varin\u0117s ranken\u0117l\u0117s suteikia blizgesio, o eleganti\u0161kos juodos kojel\u0117s stabilizuoja vis\u0105 konstrukcij\u0105, suteikdamos jai lengvumo ir modernumo. \u201eLINKaSTYLES-1\u201c komodos funkcionalumas daro j\u0105 idealiu pasirinkimu tiems, kurie vertina ir estetik\u0105, ir prakti\u0161kum\u0105. Vir\u0161utin\u0117je dalyje yra du erdv\u016bs stal\u010diai, puikiai tinkantys drabu\u017eiams, aksesuarams ar dokumentams laikyti. Tai leid\u017eia itin lengvai ir maloniai sutvarkyti namus. Komodos viduje yra dvi didel\u0117s lentynos, kurios si\u016blo daugyb\u0119 i\u0161d\u0117stymo variant\u0173. Jose galite laikyti knygas, dekoracijas ar \u012fr\u0117mintas nuotraukas, taip sukurdami unikal\u0173 stili\u0173. Tai paver\u010dia \u0161\u012f bald\u0105 ne tik prakti\u0161ku elementu, bet ir stilinga dekoracija, kuri papuo\u0161 j\u016bs\u0173 interjer\u0105.<\/p>","protected":false},"excerpt":{"rendered":"<p>Plotis (cm): 165,3<br \/>\n\u016agis (cm): 86,5<br \/>\nGylis (cm): 40,6<\/p>","protected":false},"featured_media":167344,"comment_status":"open","ping_status":"open","template":"","meta":[],"product_brand":[],"product_cat":[9508,1173,4108],"product_tag":[],"class_list":{"0":"post-167343","1":"product","2":"type-product","3":"status-publish","4":"has-post-thumbnail","6":"product_cat-furniture-system-linkastyles-jarstol-meble","7":"product_cat-chests-of-drawers","8":"product_cat-jarstol","10":"first","11":"instock","12":"purchasable","13":"product-type-simple"},"_links":{"self":[{"href":"https:\/\/baldumarket.lt\/lt\/wp-json\/wp\/v2\/product\/167343","targetHints":{"allow":["GET"]}}],"collection":[{"href":"https:\/\/baldumarket.lt\/lt\/wp-json\/wp\/v2\/product"}],"about":[{"href":"https:\/\/baldumarket.lt\/lt\/wp-json\/wp\/v2\/types\/product"}],"replies":[{"embeddable":true,"href":"https:\/\/baldumarket.lt\/lt\/wp-json\/wp\/v2\/comments?post=167343"}],"wp:featuredmedia":[{"embeddable":true,"href":"https:\/\/baldumarket.lt\/lt\/wp-json\/wp\/v2\/media\/167344"}],"wp:attachment":[{"href":"https:\/\/baldumarket.lt\/lt\/wp-json\/wp\/v2\/media?parent=167343"}],"wp:term":[{"taxonomy":"product_brand","embeddable":true,"href":"https:\/\/baldumarket.lt\/lt\/wp-json\/wp\/v2\/product_brand?post=167343"},{"taxonomy":"product_cat","embeddable":true,"href":"https:\/\/baldumarket.lt\/lt\/wp-json\/wp\/v2\/product_cat?post=167343"},{"taxonomy":"product_tag","embeddable":true,"href":"https:\/\/baldumarket.lt\/lt\/wp-json\/wp\/v2\/product_tag?post=167343"}],"curies":[{"name":"wp","href":"https:\/\/api.w.org\/{rel}","templated":true}]}}