{"id":167335,"date":"2025-12-19T16:32:38","date_gmt":"2025-12-19T13:32:38","guid":{"rendered":"https:\/\/baldumarket.lt\/product\/cali-15-szafa-2d-drzwi-przesuwne-artisan\/"},"modified":"2026-02-09T11:16:03","modified_gmt":"2026-02-09T08:16:03","slug":"cali-15-szafa-2d-drzwi-przesuwne-artisan","status":"publish","type":"product","link":"https:\/\/baldumarket.lt\/lt\/product\/cali-15-szafa-2d-drzwi-przesuwne-artisan\/","title":{"rendered":"CALI-15 \u2013 2D spinta su stumdomomis durimis, \u201eArtisan\u201c"},"content":{"rendered":"<p>Ie\u0161kote tobulos spintos, kurioje der\u0117t\u0173 modernumas ir funkcionalumas? \u201eJarstol\u201c 2D \u201eCali-15\u201c spinta su stumdomomis durimis \u2013 puikus sprendimas visiems, norintiems pagyvinti savo interjer\u0105 unikalaus dizaino baldu. Gaivus \u201eArtisan\u201c apdailos estetinis efektas paver\u010dia \u0161i\u0105 spint\u0105 tikru bet kurio kambario centriniu akcentu. Ak\u012f traukiantys juodi akcentai ir ry\u0161kios lentjuost\u0117s suteikia bendram dizainui charakterio, harmoningai derindamos lofto stili\u0173 su kasdieniu prakti\u0161kumu. Vienas did\u017eiausi\u0173 \u201eCali-15\u201c spintos privalum\u0173 \u2013 veidrodinis priekis, kuris ne tik vizualiai padidina erdv\u0119, bet ir sukuria didesnio kambario iliuzij\u0105. Tai puikus pasirinkimas miegamajam ar prie\u0161kambariui, kur galite greitai atsipalaiduoti prie\u0161 eidami \u012f lauk\u0105. D\u0117l didelio veidrod\u017eio ir apgalvoto erdv\u0117s organizavimo kiekvienas gal\u0117s patogiai susid\u0117ti savo drabu\u017eius, aksesuarus ir kitus asmeninius daiktus. D\u0117l gerai apgalvoto dizaino ir plataus matmen\u0173 pasirinkimo \u201eCali-15\u201c puikiai tiks tiek ma\u017euose, tiek dideliuose interjeruose. Dyd\u017ei\u0173 pasirinkimas \u2013 179 arba 199 cm \u2013 leid\u017eia puikiai pritaikyti spint\u0105 j\u016bs\u0173 erdvei. Auk\u0161tos kokyb\u0117s med\u017eiagos, i\u0161 kuri\u0173 jis pagamintas, u\u017etikrina ilgaam\u017ei\u0161kum\u0105 ir ilgaam\u017ei\u0161kum\u0105, tod\u0117l tai yra investicija, kuri atlaikys laiko i\u0161bandym\u0105.<\/p>","protected":false},"excerpt":{"rendered":"<p>Plotis (cm): 199<br \/>\n\u016agis (cm): 217<br \/>\nGylis (cm): 40,6<\/p>","protected":false},"featured_media":167336,"comment_status":"open","ping_status":"open","template":"","meta":[],"product_brand":[],"product_cat":[9503,4108,1177],"product_tag":[],"class_list":{"0":"post-167335","1":"product","2":"type-product","3":"status-publish","4":"has-post-thumbnail","6":"product_cat-furniture-system-cali-jarstol-meble","7":"product_cat-jarstol","8":"product_cat-wardrobes","10":"first","11":"instock","12":"purchasable","13":"product-type-simple"},"_links":{"self":[{"href":"https:\/\/baldumarket.lt\/lt\/wp-json\/wp\/v2\/product\/167335","targetHints":{"allow":["GET"]}}],"collection":[{"href":"https:\/\/baldumarket.lt\/lt\/wp-json\/wp\/v2\/product"}],"about":[{"href":"https:\/\/baldumarket.lt\/lt\/wp-json\/wp\/v2\/types\/product"}],"replies":[{"embeddable":true,"href":"https:\/\/baldumarket.lt\/lt\/wp-json\/wp\/v2\/comments?post=167335"}],"wp:featuredmedia":[{"embeddable":true,"href":"https:\/\/baldumarket.lt\/lt\/wp-json\/wp\/v2\/media\/167336"}],"wp:attachment":[{"href":"https:\/\/baldumarket.lt\/lt\/wp-json\/wp\/v2\/media?parent=167335"}],"wp:term":[{"taxonomy":"product_brand","embeddable":true,"href":"https:\/\/baldumarket.lt\/lt\/wp-json\/wp\/v2\/product_brand?post=167335"},{"taxonomy":"product_cat","embeddable":true,"href":"https:\/\/baldumarket.lt\/lt\/wp-json\/wp\/v2\/product_cat?post=167335"},{"taxonomy":"product_tag","embeddable":true,"href":"https:\/\/baldumarket.lt\/lt\/wp-json\/wp\/v2\/product_tag?post=167335"}],"curies":[{"name":"wp","href":"https:\/\/api.w.org\/{rel}","templated":true}]}}