{"id":167329,"date":"2025-12-19T16:32:26","date_gmt":"2025-12-19T13:32:26","guid":{"rendered":"https:\/\/baldumarket.lt\/product\/indianapolis-1-szafa-2-drzwiowa-jesion-ciemny\/"},"modified":"2026-02-09T12:28:24","modified_gmt":"2026-02-09T09:28:24","slug":"indianapolis-1-szafa-2-drzwiowa-jesion-ciemny","status":"publish","type":"product","link":"https:\/\/baldumarket.lt\/lt\/product\/indianapolis-1-szafa-2-drzwiowa-jesion-ciemny\/","title":{"rendered":"INDIANAPOLIS-1 \u2013 Dviej\u0173 dur\u0173 spinta, tamsaus uosio spalvos"},"content":{"rendered":"<p>Dviej\u0173 dur\u0173 spinta INDIANAPOLIS-1 \u2013 puikus sprendimas tiems, kurie savo interjere ie\u0161ko elegancijos ir funkcionalumo. Pagaminta i\u0161 tamsaus uosio medienos pagal \u201eKronospan 5692\u201c spalv\u0105, \u0161i spinta spinduliuoja prabanga ir moderniu stiliumi, kuris skland\u017eiai dera prie \u012fvairi\u0173 interjer\u0173. Minimalistinis dizainas kartu su klasikin\u0117mis detal\u0117mis paver\u010dia j\u0105 ne tik prakti\u0161ku baldu, bet ir stilingu akcentu j\u016bs\u0173 namuose. \u0160ios spintos funkcionalumas yra negin\u010dijamas jos privalumas. Su giliu 58 cm stal\u010diumi ir 92 cm ilgio pakaba, ji suteikia puiki\u0105 viet\u0105 drabu\u017eiams, vir\u0161utiniams drabu\u017eiams ir aksesuarams susid\u0117ti. D\u0117l rakinam\u0173 dureli\u0173 galite m\u0117gautis tvarka ir harmonija savo erdv\u0117je, o spalv\u0173 \u012fvairov\u0117 leid\u017eia lengvai priderinti j\u0105 prie esamo interjero. INDIANAPOLIS-1 taip pat puikiai tinka susitvarkyti kampel\u012f miegamajame ar prie\u0161kambaryje. 192 cm auk\u0161tis ir 96 cm plotis rei\u0161kia, kad nepaisant didel\u0117s talpos, spinta neu\u017eima daug vietos. Dabar su ja galite sukurti \u012fdomi\u0173 i\u0161d\u0117stym\u0173, suteikdami savo interjerui elegancijos, kuri tikrai pritrauks j\u016bs\u0173 sve\u010di\u0173 d\u0117mes\u012f.<\/p>","protected":false},"excerpt":{"rendered":"<p>Plotis (cm): 96<br \/>\n\u016agis (cm): 192<br \/>\nGylis (cm): 60,2<\/p>","protected":false},"featured_media":167330,"comment_status":"open","ping_status":"open","template":"","meta":[],"product_brand":[],"product_cat":[9507,4108,1177],"product_tag":[],"class_list":{"0":"post-167329","1":"product","2":"type-product","3":"status-publish","4":"has-post-thumbnail","6":"product_cat-furniture-system-indianapolis-jarstol-meble","7":"product_cat-jarstol","8":"product_cat-wardrobes","10":"first","11":"instock","12":"purchasable","13":"product-type-simple"},"_links":{"self":[{"href":"https:\/\/baldumarket.lt\/lt\/wp-json\/wp\/v2\/product\/167329","targetHints":{"allow":["GET"]}}],"collection":[{"href":"https:\/\/baldumarket.lt\/lt\/wp-json\/wp\/v2\/product"}],"about":[{"href":"https:\/\/baldumarket.lt\/lt\/wp-json\/wp\/v2\/types\/product"}],"replies":[{"embeddable":true,"href":"https:\/\/baldumarket.lt\/lt\/wp-json\/wp\/v2\/comments?post=167329"}],"wp:featuredmedia":[{"embeddable":true,"href":"https:\/\/baldumarket.lt\/lt\/wp-json\/wp\/v2\/media\/167330"}],"wp:attachment":[{"href":"https:\/\/baldumarket.lt\/lt\/wp-json\/wp\/v2\/media?parent=167329"}],"wp:term":[{"taxonomy":"product_brand","embeddable":true,"href":"https:\/\/baldumarket.lt\/lt\/wp-json\/wp\/v2\/product_brand?post=167329"},{"taxonomy":"product_cat","embeddable":true,"href":"https:\/\/baldumarket.lt\/lt\/wp-json\/wp\/v2\/product_cat?post=167329"},{"taxonomy":"product_tag","embeddable":true,"href":"https:\/\/baldumarket.lt\/lt\/wp-json\/wp\/v2\/product_tag?post=167329"}],"curies":[{"name":"wp","href":"https:\/\/api.w.org\/{rel}","templated":true}]}}