{"id":167319,"date":"2025-12-19T16:32:05","date_gmt":"2025-12-19T13:32:05","guid":{"rendered":"https:\/\/baldumarket.lt\/product\/indianapolis-1-szafa-2d1s-kraft-bialy\/"},"modified":"2026-02-09T12:28:32","modified_gmt":"2026-02-09T09:28:32","slug":"indianapolis-1-szafa-2d1s-kraft-bialy","status":"publish","type":"product","link":"https:\/\/baldumarket.lt\/lt\/product\/indianapolis-1-szafa-2d1s-kraft-bialy\/","title":{"rendered":"INDIANAPOLIS-1 \u2013 Drabu\u017ein\u0117 2D1S Kraft White"},"content":{"rendered":"<p>Skoninga ir funkcionali \u2013 \u201eJarstol\u201c spinta \u201e2D1S Kraft White\u201c \u2013 puikus sprendimas bet kokiam interjerui, kuriam svarbus ir estetika, ir prakti\u0161kumas. 96 cm plo\u010dio, 192 cm auk\u0161\u010dio ir 58 cm gylio \u0161i spinta puikiai suderina kuklius matmenis ir plat\u0173 funkcionalum\u0105. Minimalistinis \u201eKraft White\u201c dizainas leid\u017eia jai der\u0117ti prie bet kokio interjero stiliaus \u2013 nuo modernaus iki klasikinio. Spinta pasi\u017eymi i\u0161skirtin\u0117mis metalin\u0117mis rankenomis, kurios suteikia jai elegancijos ir elegancijos. Gerai apgalvotas vidinis i\u0161d\u0117stymas, \u012fskaitant gil\u0173 stal\u010di\u0173 ir drabu\u017ei\u0173 pakab\u0105, leid\u017eia lengvai susitvarkyti daiktus. Joje galite lengvai laikyti tiek kasdienius drabu\u017eius, tiek eleganti\u0161kus drabu\u017eius ypatingoms progoms, tod\u0117l tai idealus sprendimas miegamajam, prie\u0161kambariui ar jaunimo kambariui. Vienas did\u017eiausi\u0173 \u201e2D1S Kraft White\u201c spintos privalum\u0173 yra tai, kad j\u0105 galima \u012fdomiai i\u0161d\u0117styti. Paprastas, bet efektyvus dizainas leid\u017eia j\u0105 derinti su \u012fvairiais baldais, sukuriant harmoning\u0105 erdv\u0119. Tai daro j\u0105 ne tik funkcionaliu baldu, bet ir dekoratyviniu elementu j\u016bs\u0173 namuose, nustebinan\u010diu sve\u010dius unikaliu dizainu.<\/p>","protected":false},"excerpt":{"rendered":"<p>Plotis (cm): 96<br \/>\n\u016agis (cm): 192<br \/>\nGylis (cm): 58<\/p>","protected":false},"featured_media":167320,"comment_status":"open","ping_status":"open","template":"","meta":[],"product_brand":[],"product_cat":[9507,4108,1177],"product_tag":[],"class_list":{"0":"post-167319","1":"product","2":"type-product","3":"status-publish","4":"has-post-thumbnail","6":"product_cat-furniture-system-indianapolis-jarstol-meble","7":"product_cat-jarstol","8":"product_cat-wardrobes","10":"first","11":"instock","12":"purchasable","13":"product-type-simple"},"_links":{"self":[{"href":"https:\/\/baldumarket.lt\/lt\/wp-json\/wp\/v2\/product\/167319","targetHints":{"allow":["GET"]}}],"collection":[{"href":"https:\/\/baldumarket.lt\/lt\/wp-json\/wp\/v2\/product"}],"about":[{"href":"https:\/\/baldumarket.lt\/lt\/wp-json\/wp\/v2\/types\/product"}],"replies":[{"embeddable":true,"href":"https:\/\/baldumarket.lt\/lt\/wp-json\/wp\/v2\/comments?post=167319"}],"wp:featuredmedia":[{"embeddable":true,"href":"https:\/\/baldumarket.lt\/lt\/wp-json\/wp\/v2\/media\/167320"}],"wp:attachment":[{"href":"https:\/\/baldumarket.lt\/lt\/wp-json\/wp\/v2\/media?parent=167319"}],"wp:term":[{"taxonomy":"product_brand","embeddable":true,"href":"https:\/\/baldumarket.lt\/lt\/wp-json\/wp\/v2\/product_brand?post=167319"},{"taxonomy":"product_cat","embeddable":true,"href":"https:\/\/baldumarket.lt\/lt\/wp-json\/wp\/v2\/product_cat?post=167319"},{"taxonomy":"product_tag","embeddable":true,"href":"https:\/\/baldumarket.lt\/lt\/wp-json\/wp\/v2\/product_tag?post=167319"}],"curies":[{"name":"wp","href":"https:\/\/api.w.org\/{rel}","templated":true}]}}