{"id":167311,"date":"2025-12-19T16:31:47","date_gmt":"2025-12-19T13:31:47","guid":{"rendered":"https:\/\/baldumarket.lt\/product\/antica-1-komoda-2d4s-kraft-zloty\/"},"modified":"2026-02-09T11:10:30","modified_gmt":"2026-02-09T08:10:30","slug":"antica-1-komoda-2d4s-kraft-zloty","status":"publish","type":"product","link":"https:\/\/baldumarket.lt\/lt\/product\/antica-1-komoda-2d4s-kraft-zloty\/","title":{"rendered":"ANTICA-1 \u2013 Komoda 2D4S Kraft aukso spalvos"},"content":{"rendered":"<p>Komoda \u201eAntica-1\u201c \u2013 tai unikalus baldas, puikiai papildantis bet kok\u012f interjer\u0105. Eleganti\u0161ka \u201eKraft Gold\u201c apdaila patraukia d\u0117mes\u012f ir tampa bet kurio kambario traukos centru. Minimalistinis, ta\u010diau modernus dizainas harmoningai dera su \u012fvairiais interjerais \u2013 nuo klasikinio iki modernesnio, si\u016blydamas ne tik funkcionalum\u0105, bet ir estetik\u0105, kurios kiekvienas trok\u0161ta savo namuose. Kas daro komod\u0105 \u201eAntica-1\u201c toki\u0105 unikali\u0105? Jos apgalvotas dizainas su keturiais erdviais stal\u010diais ir dviem spintel\u0117mis su lentynomis sukuria tobul\u0105 daikt\u0173 laikymo viet\u0105. Nesvarbu, ar norite susitvarkyti drabu\u017eius, dokumentus ar \u012fvairius aksesuarus, \u0161i komoda pateisins j\u016bs\u0173 l\u016bkes\u010dius. Erdvumas leid\u017eia i\u0161naudoti erdv\u0119 prakti\u0161kai ir esteti\u0161kai. Papildomas \u0161ios komodos privalumas \u2013 metalin\u0117s ranken\u0117l\u0117s, kurios suteikia elegancijos ir patogumo. \u0160velnaus u\u017edarymo funkcija spintel\u0117ms suteikia papildomo patogumo kasdieniam naudojimui. D\u0117l jos naudotis \u0161ia komoda tampa dar maloniau \u2013 galite b\u016bti tikri, kad eleganti\u0161kas u\u017edarymo garsas bus malonus akcentas j\u016bs\u0173 interjere.<\/p>","protected":false},"excerpt":{"rendered":"<p>Plotis (cm): 142<br \/>\n\u016agis (cm): 95,5<br \/>\nGylis (cm): 58<\/p>","protected":false},"featured_media":167312,"comment_status":"open","ping_status":"open","template":"","meta":[],"product_brand":[],"product_cat":[9502,1173,4108],"product_tag":[],"class_list":{"0":"post-167311","1":"product","2":"type-product","3":"status-publish","4":"has-post-thumbnail","6":"product_cat-furniture-system-antica-jarstol-meble","7":"product_cat-chests-of-drawers","8":"product_cat-jarstol","10":"first","11":"instock","12":"purchasable","13":"product-type-simple"},"_links":{"self":[{"href":"https:\/\/baldumarket.lt\/lt\/wp-json\/wp\/v2\/product\/167311","targetHints":{"allow":["GET"]}}],"collection":[{"href":"https:\/\/baldumarket.lt\/lt\/wp-json\/wp\/v2\/product"}],"about":[{"href":"https:\/\/baldumarket.lt\/lt\/wp-json\/wp\/v2\/types\/product"}],"replies":[{"embeddable":true,"href":"https:\/\/baldumarket.lt\/lt\/wp-json\/wp\/v2\/comments?post=167311"}],"wp:featuredmedia":[{"embeddable":true,"href":"https:\/\/baldumarket.lt\/lt\/wp-json\/wp\/v2\/media\/167312"}],"wp:attachment":[{"href":"https:\/\/baldumarket.lt\/lt\/wp-json\/wp\/v2\/media?parent=167311"}],"wp:term":[{"taxonomy":"product_brand","embeddable":true,"href":"https:\/\/baldumarket.lt\/lt\/wp-json\/wp\/v2\/product_brand?post=167311"},{"taxonomy":"product_cat","embeddable":true,"href":"https:\/\/baldumarket.lt\/lt\/wp-json\/wp\/v2\/product_cat?post=167311"},{"taxonomy":"product_tag","embeddable":true,"href":"https:\/\/baldumarket.lt\/lt\/wp-json\/wp\/v2\/product_tag?post=167311"}],"curies":[{"name":"wp","href":"https:\/\/api.w.org\/{rel}","templated":true}]}}