{"id":167303,"date":"2025-12-19T16:31:30","date_gmt":"2025-12-19T13:31:30","guid":{"rendered":"https:\/\/baldumarket.lt\/product\/dallas-21-szafa-narozna-2d-dab-sonoma\/"},"modified":"2026-02-09T12:12:47","modified_gmt":"2026-02-09T09:12:47","slug":"dallas-21-szafa-narozna-2d-dab-sonoma","status":"publish","type":"product","link":"https:\/\/baldumarket.lt\/lt\/product\/dallas-21-szafa-narozna-2d-dab-sonoma\/","title":{"rendered":"DALLAS-21 \u2013 2D kampin\u0117 spinta, Sonoma \u0105\u017euolas"},"content":{"rendered":"<p>Pristatome DALLAS-21 kampin\u0119 spint\u0105 i\u0161 Sonoma Oak medienos, kuri unikaliai derina funkcionalum\u0105 ir elegancij\u0105. Kompakti\u0161ki matmenys leid\u017eia jai puikiai \u012fsilieti \u012f bet kur\u012f j\u016bs\u0173 buto, biuro ar darbo kambario kampel\u012f. Modernus dizainas ir subtili spalva paver\u010dia j\u0105 ne tik prakti\u0161ku baldu, bet ir stilingu akcentu j\u016bs\u0173 erdv\u0117je. Spinta pasi\u017eymi dviej\u0173 dur\u0173 konstrukcija, u\u017etikrinan\u010dia lengv\u0105 prieig\u0105 prie vidaus. Vidus kruop\u0161\u010diai suplanuotas atsi\u017evelgiant \u012f j\u016bs\u0173 poreikius daiktams laikyti. Ji leid\u017eia patogiai pakabinti drabu\u017eius ant strypo, o papildoma lentyna vir\u0161 jos puikiai tinka aksesuarams ar ma\u017eesniems daiktams laikyti. Kitoje pus\u0117je yra prakti\u0161ka erdv\u0117 su keturiomis lentynomis, leid\u017eian\u010diomis tvarkingai susid\u0117ti knygas, dokumentus ir kasdienius daiktus. Pabr\u0117\u017edama modern\u0173 stili\u0173, DALLAS-21 spinta taip pat \u017eavi savo detal\u0117mis. Juodos metalin\u0117s rankenos dera su visa konstrukcija, o juodos dekoratyvin\u0117s juostel\u0117s suteikia elegancijos. \u0160is derinys neabejotinai suteiks j\u016bs\u0173 interjerui unikal\u0173 charakter\u012f ir taps erdve, kuria nor\u0117site pasigirti savo sve\u010diams.<\/p>","protected":false},"excerpt":{"rendered":"<p>Plotis (cm): 100<br \/>\n\u016agis (cm): 192<br \/>\nGylis (cm): 42<\/p>","protected":false},"featured_media":167304,"comment_status":"open","ping_status":"open","template":"","meta":[],"product_brand":[],"product_cat":[9504,4108,1177],"product_tag":[],"class_list":{"0":"post-167303","1":"product","2":"type-product","3":"status-publish","4":"has-post-thumbnail","6":"product_cat-furniture-system-dallas-jarstol-meble","7":"product_cat-jarstol","8":"product_cat-wardrobes","10":"first","11":"instock","12":"purchasable","13":"product-type-simple"},"_links":{"self":[{"href":"https:\/\/baldumarket.lt\/lt\/wp-json\/wp\/v2\/product\/167303","targetHints":{"allow":["GET"]}}],"collection":[{"href":"https:\/\/baldumarket.lt\/lt\/wp-json\/wp\/v2\/product"}],"about":[{"href":"https:\/\/baldumarket.lt\/lt\/wp-json\/wp\/v2\/types\/product"}],"replies":[{"embeddable":true,"href":"https:\/\/baldumarket.lt\/lt\/wp-json\/wp\/v2\/comments?post=167303"}],"wp:featuredmedia":[{"embeddable":true,"href":"https:\/\/baldumarket.lt\/lt\/wp-json\/wp\/v2\/media\/167304"}],"wp:attachment":[{"href":"https:\/\/baldumarket.lt\/lt\/wp-json\/wp\/v2\/media?parent=167303"}],"wp:term":[{"taxonomy":"product_brand","embeddable":true,"href":"https:\/\/baldumarket.lt\/lt\/wp-json\/wp\/v2\/product_brand?post=167303"},{"taxonomy":"product_cat","embeddable":true,"href":"https:\/\/baldumarket.lt\/lt\/wp-json\/wp\/v2\/product_cat?post=167303"},{"taxonomy":"product_tag","embeddable":true,"href":"https:\/\/baldumarket.lt\/lt\/wp-json\/wp\/v2\/product_tag?post=167303"}],"curies":[{"name":"wp","href":"https:\/\/api.w.org\/{rel}","templated":true}]}}