{"id":167289,"date":"2025-12-19T16:30:59","date_gmt":"2025-12-19T13:30:59","guid":{"rendered":"https:\/\/baldumarket.lt\/product\/antica-2-komoda-1d4s-kraft-zloty\/"},"modified":"2026-02-09T11:10:30","modified_gmt":"2026-02-09T08:10:30","slug":"antica-2-komoda-1d4s-kraft-zloty","status":"publish","type":"product","link":"https:\/\/baldumarket.lt\/lt\/product\/antica-2-komoda-1d4s-kraft-zloty\/","title":{"rendered":"ANTICA-2 \u2013 Komoda 1D4S Kraft aukso spalvos"},"content":{"rendered":"<p>Atraskite elegancij\u0105 ir funkcionalum\u0105 su \u201eJarstol\u201c komoda ANTICA-2 \u2013 puikiu bet kokio interjero papildymu. Unikali \u201eKraft Gold\u201c spalva i\u0161 \u201eKronospan K003\u201c kolekcijos suteikia baldui prabangaus charakterio, \u012fne\u0161dama \u0161ilumos ir stiliaus \u012f j\u016bs\u0173 namus. D\u0117l harmoning\u0173 linij\u0173 ir estetini\u0173 detali\u0173 \u0161i komoda ne tik d\u017eiugina ak\u012f, bet ir sukuria maloni\u0105 atmosfer\u0105 j\u016bs\u0173 svetain\u0117je, miegamajame ar valgomajame. Funkcionalumas yra pagrindinis ANTICA-2 privalumas. Tur\u0117dami keturis erdvius 59,6 cm plo\u010dio stal\u010dius ir prakti\u0161k\u0105 spintel\u0119 su viena lentyna, galite lengvai susitvarkyti savo drabu\u017eius, aksesuarus ar dokumentus. \u0160i komoda, sukurta atsi\u017evelgiant \u012f kasdienius poreikius, yra puikus daikt\u0173 laikymo sprendimas. Nesvarbu, ar norite laikyti smulkius daiktus, ar eksponuoti m\u0117gstamus daiktus, \u0161i komoda pateisins j\u016bs\u0173 l\u016bkes\u010dius. Svarbiausia, kas yra ANTICA-2 komoda, yra ne tik jos i\u0161vaizda, bet ir patogumas naudoti. Metalin\u0117s rankenos puikiai papildo bendr\u0105 dizain\u0105, o novatori\u0161kas \u0161velnaus u\u017edarymo mechanizmas paver\u010dia spinteli\u0173 naudojim\u0105 malonumu. Tokios detal\u0117s \u017eenkliai pagerina kasdienio gyvenimo komfort\u0105, pa\u0161alina triuk\u0161m\u0105 ir suteikia ramyb\u0117s jausm\u0105. Be to, d\u0117l tvirt\u0173 rutulini\u0173 guoli\u0173 b\u0117geli\u0173 su \u0161velnaus u\u017edarymo mechanizmu galite b\u016bti tikri, kad kiekvienas stal\u010dius atsidaro skland\u017eiai ir be vargo.<\/p>","protected":false},"excerpt":{"rendered":"<p>Plotis (cm): 114<br \/>\n\u016agis (cm): 95,5<br \/>\nGylis (cm): 114<\/p>","protected":false},"featured_media":167290,"comment_status":"open","ping_status":"open","template":"","meta":[],"product_brand":[],"product_cat":[9502,1173,4108],"product_tag":[],"class_list":{"0":"post-167289","1":"product","2":"type-product","3":"status-publish","4":"has-post-thumbnail","6":"product_cat-furniture-system-antica-jarstol-meble","7":"product_cat-chests-of-drawers","8":"product_cat-jarstol","10":"first","11":"instock","12":"purchasable","13":"product-type-simple"},"_links":{"self":[{"href":"https:\/\/baldumarket.lt\/lt\/wp-json\/wp\/v2\/product\/167289","targetHints":{"allow":["GET"]}}],"collection":[{"href":"https:\/\/baldumarket.lt\/lt\/wp-json\/wp\/v2\/product"}],"about":[{"href":"https:\/\/baldumarket.lt\/lt\/wp-json\/wp\/v2\/types\/product"}],"replies":[{"embeddable":true,"href":"https:\/\/baldumarket.lt\/lt\/wp-json\/wp\/v2\/comments?post=167289"}],"wp:featuredmedia":[{"embeddable":true,"href":"https:\/\/baldumarket.lt\/lt\/wp-json\/wp\/v2\/media\/167290"}],"wp:attachment":[{"href":"https:\/\/baldumarket.lt\/lt\/wp-json\/wp\/v2\/media?parent=167289"}],"wp:term":[{"taxonomy":"product_brand","embeddable":true,"href":"https:\/\/baldumarket.lt\/lt\/wp-json\/wp\/v2\/product_brand?post=167289"},{"taxonomy":"product_cat","embeddable":true,"href":"https:\/\/baldumarket.lt\/lt\/wp-json\/wp\/v2\/product_cat?post=167289"},{"taxonomy":"product_tag","embeddable":true,"href":"https:\/\/baldumarket.lt\/lt\/wp-json\/wp\/v2\/product_tag?post=167289"}],"curies":[{"name":"wp","href":"https:\/\/api.w.org\/{rel}","templated":true}]}}