{"id":167281,"date":"2025-12-19T16:30:41","date_gmt":"2025-12-19T13:30:41","guid":{"rendered":"https:\/\/baldumarket.lt\/product\/antica-3-komoda-2d2s-kraft-zloty\/"},"modified":"2026-02-09T11:10:30","modified_gmt":"2026-02-09T08:10:30","slug":"antica-3-komoda-2d2s-kraft-zloty","status":"publish","type":"product","link":"https:\/\/baldumarket.lt\/lt\/product\/antica-3-komoda-2d2s-kraft-zloty\/","title":{"rendered":"ANTICA-3 \u2013 Komoda su 2 stal\u010diai, 2 stal\u010diai, auksin\u0117, kraft ra\u0161to"},"content":{"rendered":"<p>ANTICA-3 Kraft Gold indauja pasi\u017eymi subtiliu blizgesiu, kuris bet kokiam interjerui suteiks prabangos. D\u0117l plono dizaino ji puikiai tinka ma\u017eesn\u0117ms erdv\u0117ms, kur net ir ma\u017eas baldas gali padaryti stebuklus, suteikdamas dizainui i\u0161skirtinumo. \u0160i funkcionali indauja buvo sukurta atsi\u017evelgiant \u012f j\u016bs\u0173 patogum\u0105. Du erdv\u016bs stal\u010diai pad\u0117s susitvarkyti visus svarbiausius aksesuarus ar dokumentus, o apatin\u0117 dalis, padalinta \u012f dvi lentynas, leis laikyti didesnius daiktus. Tai rei\u0161kia, kad visada tur\u0117site visk\u0105 po ranka, o tvarkos palaikymas namuose taps savaime suprantamu dalyku. Sidabrin\u0117s metalin\u0117s ranken\u0117l\u0117s puikiai papildo bendr\u0105 dizain\u0105, suteikdamos indaujai modernumo. Kiekvienas elementas buvo kruop\u0161\u010diai apgalvotas, tod\u0117l ji yra ne tik stilinga, bet ir prakti\u0161ka kasdieniam naudojimui. ANTICA-3 indauja tarnauja ne tik kaip daikt\u0173 laikymo vieta, bet ir kaip patrauklus dekoratyvinis elementas.<\/p>","protected":false},"excerpt":{"rendered":"<p>Plotis (cm): 82<br \/>\n\u016agis (cm): 127<br \/>\nGylis (cm): 42<\/p>","protected":false},"featured_media":167282,"comment_status":"open","ping_status":"open","template":"","meta":[],"product_brand":[],"product_cat":[9502,1173,4108],"product_tag":[],"class_list":{"0":"post-167281","1":"product","2":"type-product","3":"status-publish","4":"has-post-thumbnail","6":"product_cat-furniture-system-antica-jarstol-meble","7":"product_cat-chests-of-drawers","8":"product_cat-jarstol","10":"first","11":"instock","12":"purchasable","13":"product-type-simple"},"_links":{"self":[{"href":"https:\/\/baldumarket.lt\/lt\/wp-json\/wp\/v2\/product\/167281","targetHints":{"allow":["GET"]}}],"collection":[{"href":"https:\/\/baldumarket.lt\/lt\/wp-json\/wp\/v2\/product"}],"about":[{"href":"https:\/\/baldumarket.lt\/lt\/wp-json\/wp\/v2\/types\/product"}],"replies":[{"embeddable":true,"href":"https:\/\/baldumarket.lt\/lt\/wp-json\/wp\/v2\/comments?post=167281"}],"wp:featuredmedia":[{"embeddable":true,"href":"https:\/\/baldumarket.lt\/lt\/wp-json\/wp\/v2\/media\/167282"}],"wp:attachment":[{"href":"https:\/\/baldumarket.lt\/lt\/wp-json\/wp\/v2\/media?parent=167281"}],"wp:term":[{"taxonomy":"product_brand","embeddable":true,"href":"https:\/\/baldumarket.lt\/lt\/wp-json\/wp\/v2\/product_brand?post=167281"},{"taxonomy":"product_cat","embeddable":true,"href":"https:\/\/baldumarket.lt\/lt\/wp-json\/wp\/v2\/product_cat?post=167281"},{"taxonomy":"product_tag","embeddable":true,"href":"https:\/\/baldumarket.lt\/lt\/wp-json\/wp\/v2\/product_tag?post=167281"}],"curies":[{"name":"wp","href":"https:\/\/api.w.org\/{rel}","templated":true}]}}