{"id":167273,"date":"2025-12-19T16:30:24","date_gmt":"2025-12-19T13:30:24","guid":{"rendered":"https:\/\/baldumarket.lt\/product\/antica-4-komoda-rtv-2-drzwiowa-kraft-zloty\/"},"modified":"2026-02-09T11:10:30","modified_gmt":"2026-02-09T08:10:30","slug":"antica-4-komoda-rtv-2-drzwiowa-kraft-zloty","status":"publish","type":"product","link":"https:\/\/baldumarket.lt\/lt\/product\/antica-4-komoda-rtv-2-drzwiowa-kraft-zloty\/","title":{"rendered":"ANTICA-4 \u2013 2 dur\u0173 TV spinta Kraft Gold"},"content":{"rendered":"<p>Atraskite \u201eAntica-4\u201c televizoriaus spintel\u0119, sukurt\u0105 galvojant apie eleganti\u0161k\u0105 ir modern\u0173 interjer\u0105. Unikalus dizainas derina funkcionalum\u0105 ir estetik\u0105, tod\u0117l tai idealus sprendimas tiek svetainei, tiek miegamajam. D\u0117l kruop\u0161\u010diai parinkt\u0173 spalv\u0173 ir med\u017eiag\u0173 spintel\u0117 der\u0117s prie bet kokios aplinkos, suteikdama jai unikalumo. \u0160ios spintel\u0117s centrinis elementas \u2013 erdvi lentyna, puikiai tinkanti m\u0117gstamiems daiktams ir dekoracijoms eksponuoti. Tai puiki vieta televizoriui ar dekoderiui, kuris puikiai papildys bendr\u0105 dizain\u0105. Spintel\u0117s \u0161onuose yra prakti\u0161kos spintel\u0117s su lentynomis, kurios suteikia papildomos vietos daiktams susid\u0117ti ir leid\u017eia pilnai i\u0161naudoti turim\u0105 erdv\u0119. \u201eAntica-4\u201c i\u0161skiria ne tik dizainas, bet ir detal\u0117s. Metalin\u0117s rankenos suteikia modernumo, o \u0161velniai u\u017esidaran\u010dios spintel\u0117s \u2013 elegancijos ir komforto. Jums nebereik\u0117s jaudintis d\u0117l triuk\u0161mo u\u017edarant dureles \u2013 kiekviena s\u0105veika su spintele bus sklandi ir maloni.<\/p>","protected":false},"excerpt":{"rendered":"<p>Plotis (cm): 142<br \/>\n\u016agis (cm): 50<br \/>\nGylis (cm): 42<\/p>","protected":false},"featured_media":167274,"comment_status":"open","ping_status":"open","template":"","meta":[],"product_brand":[],"product_cat":[9502,4108,1175],"product_tag":[],"class_list":{"0":"post-167273","1":"product","2":"type-product","3":"status-publish","4":"has-post-thumbnail","6":"product_cat-furniture-system-antica-jarstol-meble","7":"product_cat-jarstol","8":"product_cat-tv-stands","10":"first","11":"instock","12":"purchasable","13":"product-type-simple"},"_links":{"self":[{"href":"https:\/\/baldumarket.lt\/lt\/wp-json\/wp\/v2\/product\/167273","targetHints":{"allow":["GET"]}}],"collection":[{"href":"https:\/\/baldumarket.lt\/lt\/wp-json\/wp\/v2\/product"}],"about":[{"href":"https:\/\/baldumarket.lt\/lt\/wp-json\/wp\/v2\/types\/product"}],"replies":[{"embeddable":true,"href":"https:\/\/baldumarket.lt\/lt\/wp-json\/wp\/v2\/comments?post=167273"}],"wp:featuredmedia":[{"embeddable":true,"href":"https:\/\/baldumarket.lt\/lt\/wp-json\/wp\/v2\/media\/167274"}],"wp:attachment":[{"href":"https:\/\/baldumarket.lt\/lt\/wp-json\/wp\/v2\/media?parent=167273"}],"wp:term":[{"taxonomy":"product_brand","embeddable":true,"href":"https:\/\/baldumarket.lt\/lt\/wp-json\/wp\/v2\/product_brand?post=167273"},{"taxonomy":"product_cat","embeddable":true,"href":"https:\/\/baldumarket.lt\/lt\/wp-json\/wp\/v2\/product_cat?post=167273"},{"taxonomy":"product_tag","embeddable":true,"href":"https:\/\/baldumarket.lt\/lt\/wp-json\/wp\/v2\/product_tag?post=167273"}],"curies":[{"name":"wp","href":"https:\/\/api.w.org\/{rel}","templated":true}]}}