{"id":167267,"date":"2025-12-19T16:30:10","date_gmt":"2025-12-19T13:30:10","guid":{"rendered":"https:\/\/baldumarket.lt\/product\/antica-5-lozko-160x200-cm-kraft-zloty\/"},"modified":"2026-02-09T11:10:30","modified_gmt":"2026-02-09T08:10:30","slug":"antica-5-lozko-160x200-cm-kraft-zloty","status":"publish","type":"product","link":"https:\/\/baldumarket.lt\/lt\/product\/antica-5-lozko-160x200-cm-kraft-zloty\/","title":{"rendered":"ANTICA-5 \u2013 Lova 160\u00d7200 cm, auksin\u0117, ruda"},"content":{"rendered":"<p>Atraskite nepaprast\u0105 \u201eAntica-5\u201c lov\u0105, kuri taps j\u016bs\u0173 miegamojo traukos centru. Eleganti\u0161kas \u201eKraft Gold\u201c spalvos dizainas puikiai dera su \u0161iuolaikin\u0117mis tendencijomis, suteikdamas interjerui prabangos ir unikalaus stiliaus. Pagaminta i\u0161 auk\u0161tos kokyb\u0117s laminuotos plok\u0161t\u0117s, \u0161i lova derina estetik\u0105 su patvarumu, garantuodama ilgalaik\u012f naudojim\u0105 ir pasitenkinim\u0105. Rafinuotos detal\u0117s ir tvirta konstrukcija paver\u010dia tai baldu, kuris tikrai pritrauks kiekvieno j\u016bs\u0173 erdv\u0117je apsilankan\u010diojo d\u0117mes\u012f. Ne tik i\u0161vaizda, bet ir funkcionalumas daro \u0161i\u0105 lov\u0105 puikiu pasirinkimu j\u016bs\u0173 miegamajam. Erdv\u016bs 160 \u00d7 200 cm matmenys u\u017etikrina patog\u0173 mieg\u0105 dviem. Taip pat pridedamas r\u0117mas, kad b\u016bt\u0173 lengva surinkti ir i\u0161 karto m\u0117gautis nauju baldu. Nors \u010diu\u017einys ne\u012ftrauktas, \u0161i parinktis leid\u017eia pritaikyti pasirinkim\u0105 pagal individualius pageidavimus, tod\u0117l lova taps dar asmeni\u0161kesn\u0117 ir unikalesn\u0117. Pasirinkdami \u201eAntica-5\u201c lov\u0105, investuojate \u012f stili\u0173 ir komfort\u0105, kurie tarnaus ilgus metus. Minimalistinis dizainas leid\u017eia lengvai integruotis \u012f \u012fvairius interjerus \u2013 nuo klasikinio iki modernaus. Ji suteikia miegamajam harmoning\u0105 spalv\u0173 gam\u0105 ir eleganti\u0161k\u0105 i\u0161vaizd\u0105, tod\u0117l u\u017emigti ir pabusti yra vienas malonumas.<\/p>","protected":false},"excerpt":{"rendered":"<p>Plotis (cm): 176<br \/>\n\u016agis (cm): 100<br \/>\nGylis (cm): 42<\/p>","protected":false},"featured_media":167268,"comment_status":"open","ping_status":"open","template":"","meta":[],"product_brand":[],"product_cat":[9502,505,1971,4108],"product_tag":[],"class_list":{"0":"post-167267","1":"product","2":"type-product","3":"status-publish","4":"has-post-thumbnail","6":"product_cat-furniture-system-antica-jarstol-meble","7":"product_cat-bedroom-beds","8":"product_cat-beds-160x200","9":"product_cat-jarstol","11":"first","12":"instock","13":"purchasable","14":"product-type-simple"},"_links":{"self":[{"href":"https:\/\/baldumarket.lt\/lt\/wp-json\/wp\/v2\/product\/167267","targetHints":{"allow":["GET"]}}],"collection":[{"href":"https:\/\/baldumarket.lt\/lt\/wp-json\/wp\/v2\/product"}],"about":[{"href":"https:\/\/baldumarket.lt\/lt\/wp-json\/wp\/v2\/types\/product"}],"replies":[{"embeddable":true,"href":"https:\/\/baldumarket.lt\/lt\/wp-json\/wp\/v2\/comments?post=167267"}],"wp:featuredmedia":[{"embeddable":true,"href":"https:\/\/baldumarket.lt\/lt\/wp-json\/wp\/v2\/media\/167268"}],"wp:attachment":[{"href":"https:\/\/baldumarket.lt\/lt\/wp-json\/wp\/v2\/media?parent=167267"}],"wp:term":[{"taxonomy":"product_brand","embeddable":true,"href":"https:\/\/baldumarket.lt\/lt\/wp-json\/wp\/v2\/product_brand?post=167267"},{"taxonomy":"product_cat","embeddable":true,"href":"https:\/\/baldumarket.lt\/lt\/wp-json\/wp\/v2\/product_cat?post=167267"},{"taxonomy":"product_tag","embeddable":true,"href":"https:\/\/baldumarket.lt\/lt\/wp-json\/wp\/v2\/product_tag?post=167267"}],"curies":[{"name":"wp","href":"https:\/\/api.w.org\/{rel}","templated":true}]}}