{"id":167261,"date":"2025-12-19T16:29:56","date_gmt":"2025-12-19T13:29:56","guid":{"rendered":"https:\/\/baldumarket.lt\/product\/antica-6-szuflada-do-lozka-antica-5-pojemnik-na-posciel-kraft-zloty\/"},"modified":"2026-02-09T11:10:30","modified_gmt":"2026-02-09T08:10:30","slug":"antica-6-szuflada-do-lozka-antica-5-pojemnik-na-posciel-kraft-zloty","status":"publish","type":"product","link":"https:\/\/baldumarket.lt\/lt\/product\/antica-6-szuflada-do-lozka-antica-5-pojemnik-na-posciel-kraft-zloty\/","title":{"rendered":"ANTICA-6 \u2013 Lovos stal\u010dius ANTICA-5 patalyn\u0117s d\u0117\u017e\u0117 su stal\u010diumi, auksin\u0117s spalvos, kraft spalvos"},"content":{"rendered":"<p>Atraskite elegancij\u0105 ir funkcionalum\u0105; \u0161is stal\u010dius ne tik puikiai dera su dviem stiliais \u2013 moderniu ir klasikiniu, \u2013 bet ir suteikia j\u016bs\u0173 interjerui prabangos. Gra\u017ei apdaila pagerins j\u016bs\u0173 miegamojo atmosfer\u0105. Erdvumas yra pagrindinis \u0161io stal\u010diaus privalumas. 150 cm plo\u010dio ir 48 cm gylio stal\u010diuje rasite vietos viskam, ko reikia kasdieniam naudojimui. Nuo patalyn\u0117s, antklod\u017ei\u0173, pagalvi\u0173 ir kit\u0173 aksesuar\u0173. Su ANTICA-6 posakis \u201ctvarka svarbiausia\u201d taps ne tik \u0161\u016bkiu, bet ir prakti\u0161ka kasdiene realybe. M\u0117gaukit\u0117s lengvu pri\u0117jimu prie savo daikt\u0173, nes organizavimas dar niekada nebuvo toks paprastas. Sidabrin\u0117s metalin\u0117s ranken\u0117l\u0117s suteikia stal\u010diui charakterio, o j\u0173 patvarumas garantuoja ilgalaik\u012f tarnavim\u0105. \u010cia susijungia estetika ir funkcionalumas, sukuriant gamin\u012f, kuris ne tik gerai atrodo, bet ir nepriekai\u0161tingai veikia. ANTICA-6 stal\u010dius yra puikus sprendimas tiems, kurie vertina stiliaus ir prakti\u0161kumo derin\u012f.<\/p>","protected":false},"excerpt":{"rendered":"<p>Plotis (cm): 150<br \/>\n\u016agis (cm): 19,5<br \/>\nGylis (cm): 205<\/p>","protected":false},"featured_media":167262,"comment_status":"open","ping_status":"open","template":"","meta":[],"product_brand":[],"product_cat":[9502,9251,4108],"product_tag":[],"class_list":{"0":"post-167261","1":"product","2":"type-product","3":"status-publish","4":"has-post-thumbnail","6":"product_cat-furniture-system-antica-jarstol-meble","7":"product_cat-musor","8":"product_cat-jarstol","10":"first","11":"instock","12":"purchasable","13":"product-type-simple"},"_links":{"self":[{"href":"https:\/\/baldumarket.lt\/lt\/wp-json\/wp\/v2\/product\/167261","targetHints":{"allow":["GET"]}}],"collection":[{"href":"https:\/\/baldumarket.lt\/lt\/wp-json\/wp\/v2\/product"}],"about":[{"href":"https:\/\/baldumarket.lt\/lt\/wp-json\/wp\/v2\/types\/product"}],"replies":[{"embeddable":true,"href":"https:\/\/baldumarket.lt\/lt\/wp-json\/wp\/v2\/comments?post=167261"}],"wp:featuredmedia":[{"embeddable":true,"href":"https:\/\/baldumarket.lt\/lt\/wp-json\/wp\/v2\/media\/167262"}],"wp:attachment":[{"href":"https:\/\/baldumarket.lt\/lt\/wp-json\/wp\/v2\/media?parent=167261"}],"wp:term":[{"taxonomy":"product_brand","embeddable":true,"href":"https:\/\/baldumarket.lt\/lt\/wp-json\/wp\/v2\/product_brand?post=167261"},{"taxonomy":"product_cat","embeddable":true,"href":"https:\/\/baldumarket.lt\/lt\/wp-json\/wp\/v2\/product_cat?post=167261"},{"taxonomy":"product_tag","embeddable":true,"href":"https:\/\/baldumarket.lt\/lt\/wp-json\/wp\/v2\/product_tag?post=167261"}],"curies":[{"name":"wp","href":"https:\/\/api.w.org\/{rel}","templated":true}]}}