{"id":167253,"date":"2025-12-19T16:29:39","date_gmt":"2025-12-19T13:29:39","guid":{"rendered":"https:\/\/baldumarket.lt\/product\/antica-7-szafka-nocna-1-drzwiowa-kraft-zloty\/"},"modified":"2026-02-09T11:10:30","modified_gmt":"2026-02-09T08:10:30","slug":"antica-7-szafka-nocna-1-drzwiowa-kraft-zloty","status":"publish","type":"product","link":"https:\/\/baldumarket.lt\/lt\/product\/antica-7-szafka-nocna-1-drzwiowa-kraft-zloty\/","title":{"rendered":"ANTICA-7 \u2013 Vien\u0173 dur\u0173 Kraft aukso spalvos naktinis staliukas"},"content":{"rendered":"<p>ANTICA-7 \u2013 \u201eKraft Gold\u201c vieneri\u0173 dur\u0173 naktinis staliukas derina prakti\u0161kum\u0105 ir elegancij\u0105, puikiai papildydamas modern\u0173 interjer\u0105. Pagamintas i\u0161 auk\u0161tos kokyb\u0117s laminuotos plok\u0161t\u0117s, ry\u0161kios \u201eKraft Gold\u201c spalvos, jis yra ne tik funkcionalus, bet ir stilingas bet kurio miegamojo papildymas. Subtili estetika tikrai patrauks ak\u012f ir suteiks bet kuriam kambariui rafinuotumo. \u0160is naktinis staliukas, kurio plotis \u2013 42 cm, auk\u0161tis \u2013 50 cm, o gylis \u2013 38,5 cm, buvo sukurtas atsi\u017evelgiant \u012f maksimal\u0173 prakti\u0161kum\u0105. D\u0117l dideli\u0173 matmen\u0173 jis puikiai tinka net ma\u017eesn\u0117ms erdv\u0117ms, tod\u0117l galite efektyviai i\u0161naudoti erdv\u0119 aplink lov\u0105. Tai u\u017etikrina, kad visada tur\u0117site po ranka b\u016btiniausius aksesuarus, tokius kaip stiklin\u0117 vandens, \u017eadintuvas ar m\u0117gstama knyga. Ak\u012f traukianti metalin\u0117 rankena ir \u0161velniai u\u017esidaran\u010dios durel\u0117s \u2013 tai detal\u0117s, suteikian\u010dios \u0161iam baldui rafinuotumo. \u0160is modernus dizainas leid\u017eia naudotis naktiniu staliuku ne tik patogiai, bet ir tyliai bei diskreti\u0161kai, sukuriant rami\u0105 atmosfer\u0105 j\u016bs\u0173 miegamajame. Kiekvienas atidarymas ir u\u017edarymas tampa malonumu, o ne vargais.<\/p>","protected":false},"excerpt":{"rendered":"<p>Plotis (cm): 42<br \/>\n\u016agis (cm): 50<br \/>\nGylis (cm): 48<\/p>","protected":false},"featured_media":167254,"comment_status":"open","ping_status":"open","template":"","meta":[],"product_brand":[],"product_cat":[9502,1176,4108],"product_tag":[],"class_list":{"0":"post-167253","1":"product","2":"type-product","3":"status-publish","4":"has-post-thumbnail","6":"product_cat-furniture-system-antica-jarstol-meble","7":"product_cat-bedside-tables","8":"product_cat-jarstol","10":"first","11":"instock","12":"purchasable","13":"product-type-simple"},"_links":{"self":[{"href":"https:\/\/baldumarket.lt\/lt\/wp-json\/wp\/v2\/product\/167253","targetHints":{"allow":["GET"]}}],"collection":[{"href":"https:\/\/baldumarket.lt\/lt\/wp-json\/wp\/v2\/product"}],"about":[{"href":"https:\/\/baldumarket.lt\/lt\/wp-json\/wp\/v2\/types\/product"}],"replies":[{"embeddable":true,"href":"https:\/\/baldumarket.lt\/lt\/wp-json\/wp\/v2\/comments?post=167253"}],"wp:featuredmedia":[{"embeddable":true,"href":"https:\/\/baldumarket.lt\/lt\/wp-json\/wp\/v2\/media\/167254"}],"wp:attachment":[{"href":"https:\/\/baldumarket.lt\/lt\/wp-json\/wp\/v2\/media?parent=167253"}],"wp:term":[{"taxonomy":"product_brand","embeddable":true,"href":"https:\/\/baldumarket.lt\/lt\/wp-json\/wp\/v2\/product_brand?post=167253"},{"taxonomy":"product_cat","embeddable":true,"href":"https:\/\/baldumarket.lt\/lt\/wp-json\/wp\/v2\/product_cat?post=167253"},{"taxonomy":"product_tag","embeddable":true,"href":"https:\/\/baldumarket.lt\/lt\/wp-json\/wp\/v2\/product_tag?post=167253"}],"curies":[{"name":"wp","href":"https:\/\/api.w.org\/{rel}","templated":true}]}}