{"id":167245,"date":"2025-12-19T16:29:23","date_gmt":"2025-12-19T13:29:23","guid":{"rendered":"https:\/\/baldumarket.lt\/product\/antica-10-witryna-2-drzwiowa-kraft-zloty\/"},"modified":"2026-02-09T11:10:38","modified_gmt":"2026-02-09T08:10:38","slug":"antica-10-witryna-2-drzwiowa-kraft-zloty","status":"publish","type":"product","link":"https:\/\/baldumarket.lt\/lt\/product\/antica-10-witryna-2-drzwiowa-kraft-zloty\/","title":{"rendered":"ANTICA-10 \u2013 Dviej\u0173 dur\u0173 auksin\u0117 Kraft popieriaus vitrina"},"content":{"rendered":"<p>Garsaus \u201eJarstol\u201c prek\u0117s \u017eenklo \u201eAntica-10\u201c dviej\u0173 dur\u0173 vitrina \u2013 tai unikalus baldas, kuriame dera elegancija ir funkcionalumas. \u0160is stilingas interjero elementas, apdailintas \u201eKraft Gold\u201c spalva, \u017eavi savo unikaliu dizainu, kuris traukia ak\u012f ir suteikia erdvei savit\u0105 charakter\u012f. Subtilios linijos ir kruop\u0161\u010diai parinkta spalva puikiai tinka \u012fvairiems interjero stiliams \u2013 nuo modernaus iki klasikinio. \u201eAntica-10\u201c pasi\u017eymi ne tik estetika, bet ir apgalvotu funkcionalumu. Tur\u0117damas tris spinteles \u2013 dvi tvirtas ir vien\u0105 su gr\u016bdintu stiklu \u2013 \u0161is baldas si\u016blo neribotas daikt\u0173 laikymo galimybes. Septynios lentynos leid\u017eia lengvai sutvarkyti daiktus, eleganti\u0161kai laikyti visus savo dekoracijas, aksesuarus ir drabu\u017eius. Vitrina taps puikia vieta eksponuoti m\u0117gstamiausius daiktus, kurie papuo\u0161 j\u016bs\u0173 namus. Verta pamin\u0117ti, kad \u201eAntica-10\u201c vitrina turi metalines rankenas, kurios suteikia elegancijos ir funkcionalumo. J\u0173 subtilus blizgesys gra\u017eiai kontrastuoja su \u0161iltu korpuso atspalviu, traukia ak\u012f ir daro bald\u0105 dar patrauklesn\u012f. Papildomas privalumas \u2013 \u0161velnaus u\u017edarymo sistema, kuri \u017eymiai pagerina komfort\u0105, pa\u0161alindama nemalonius garsus u\u017edarant duris.<\/p>","protected":false},"excerpt":{"rendered":"<p>Plotis (cm): 97<br \/>\n\u016agis (cm): 198<br \/>\nGylis (cm): 38,5<\/p>","protected":false},"featured_media":167246,"comment_status":"open","ping_status":"open","template":"","meta":[],"product_brand":[],"product_cat":[9502,4108,2006],"product_tag":[],"class_list":{"0":"post-167245","1":"product","2":"type-product","3":"status-publish","4":"has-post-thumbnail","6":"product_cat-furniture-system-antica-jarstol-meble","7":"product_cat-jarstol","8":"product_cat-vitrines","10":"first","11":"instock","12":"purchasable","13":"product-type-simple"},"_links":{"self":[{"href":"https:\/\/baldumarket.lt\/lt\/wp-json\/wp\/v2\/product\/167245","targetHints":{"allow":["GET"]}}],"collection":[{"href":"https:\/\/baldumarket.lt\/lt\/wp-json\/wp\/v2\/product"}],"about":[{"href":"https:\/\/baldumarket.lt\/lt\/wp-json\/wp\/v2\/types\/product"}],"replies":[{"embeddable":true,"href":"https:\/\/baldumarket.lt\/lt\/wp-json\/wp\/v2\/comments?post=167245"}],"wp:featuredmedia":[{"embeddable":true,"href":"https:\/\/baldumarket.lt\/lt\/wp-json\/wp\/v2\/media\/167246"}],"wp:attachment":[{"href":"https:\/\/baldumarket.lt\/lt\/wp-json\/wp\/v2\/media?parent=167245"}],"wp:term":[{"taxonomy":"product_brand","embeddable":true,"href":"https:\/\/baldumarket.lt\/lt\/wp-json\/wp\/v2\/product_brand?post=167245"},{"taxonomy":"product_cat","embeddable":true,"href":"https:\/\/baldumarket.lt\/lt\/wp-json\/wp\/v2\/product_cat?post=167245"},{"taxonomy":"product_tag","embeddable":true,"href":"https:\/\/baldumarket.lt\/lt\/wp-json\/wp\/v2\/product_tag?post=167245"}],"curies":[{"name":"wp","href":"https:\/\/api.w.org\/{rel}","templated":true}]}}