{"id":167237,"date":"2025-12-19T16:29:07","date_gmt":"2025-12-19T13:29:07","guid":{"rendered":"https:\/\/baldumarket.lt\/product\/antica-11-witryna-1-drzwiowa-kraft-zloty\/"},"modified":"2026-02-09T11:10:38","modified_gmt":"2026-02-09T08:10:38","slug":"antica-11-witryna-1-drzwiowa-kraft-zloty","status":"publish","type":"product","link":"https:\/\/baldumarket.lt\/lt\/product\/antica-11-witryna-1-drzwiowa-kraft-zloty\/","title":{"rendered":"ANTICA-11 \u2013 Vien\u0173 dur\u0173 auksin\u0117 Kraft popieriaus vitrina"},"content":{"rendered":"<p>Atraskite unikal\u0173 \u201eAntica\u201c kolekcijos stili\u0173, kurio centre \u2013 eleganti\u0161ka \u201eKraft Gold\u201c vien\u0173 dureli\u0173 vitrina. Tai puikus baldas visiems, ie\u0161kantiems estetikos ir funkcionalumo derinio. 198 cm auk\u0161\u010dio ir 67 cm plo\u010dio spintel\u0117 puikiai tinka \u012fvairiems interjerams, suteikdama elegancijos ir klas\u0117s. Pagaminta i\u0161 auk\u0161tos kokyb\u0117s laminuotos \u201eKraft Gold\u201c spalvos plok\u0161t\u0117s, vitrina j\u016bs\u0173 interjerui suteiks \u0161ilumos ir jaukumo. \u201eAntica\u201c vitrina yra ne tik vizualinis akcentas, bet ir erdvus baldas, kuriame tilps j\u016bs\u0173 m\u0117gstamiausi daiktai. Vienoje i\u0161 spinteli\u0173 su tvirtu priekiu yra lentyna, o kitoje, su gr\u016bdinto stiklo priekiu, yra dvi papildomos lentynos, skirtos gra\u017eiems aksesuarams, knygoms ar eleganti\u0161kiems stalo \u012frankiams eksponuoti. Tai leid\u017eia sukurti unikal\u0173 i\u0161d\u0117stym\u0105, kuris pritrauks kiekvieno sve\u010dio d\u0117mes\u012f. Matin\u0117s tekst\u016bros ir skaidraus stiklo derinys sukuria stulbinant\u012f \u012fsp\u016bd\u012f! I\u0161skirtin\u0117s metalin\u0117s ranken\u0117l\u0117s puikiai papildo vis\u0105 dizain\u0105, suteikdamos vitrinai modernumo. J\u0173 sidabrin\u0117 spalva subtiliai kontrastuoja su dominuojan\u010dia auksine spalva, traukia ak\u012f ir suteikia rafinuotumo. Be to, \u0161velniai u\u017esidaran\u010dios durel\u0117s leid\u017eia \u0161i\u0105 vitrin\u0105 patogiai ir komforti\u0161kai naudoti kasdien.<\/p>","protected":false},"excerpt":{"rendered":"<p>Plotis (cm): 67<br \/>\n\u016agis (cm): 198<br \/>\nGylis (cm): 42<\/p>","protected":false},"featured_media":167238,"comment_status":"open","ping_status":"open","template":"","meta":[],"product_brand":[],"product_cat":[9502,4108,2006],"product_tag":[],"class_list":{"0":"post-167237","1":"product","2":"type-product","3":"status-publish","4":"has-post-thumbnail","6":"product_cat-furniture-system-antica-jarstol-meble","7":"product_cat-jarstol","8":"product_cat-vitrines","10":"first","11":"instock","12":"purchasable","13":"product-type-simple"},"_links":{"self":[{"href":"https:\/\/baldumarket.lt\/lt\/wp-json\/wp\/v2\/product\/167237","targetHints":{"allow":["GET"]}}],"collection":[{"href":"https:\/\/baldumarket.lt\/lt\/wp-json\/wp\/v2\/product"}],"about":[{"href":"https:\/\/baldumarket.lt\/lt\/wp-json\/wp\/v2\/types\/product"}],"replies":[{"embeddable":true,"href":"https:\/\/baldumarket.lt\/lt\/wp-json\/wp\/v2\/comments?post=167237"}],"wp:featuredmedia":[{"embeddable":true,"href":"https:\/\/baldumarket.lt\/lt\/wp-json\/wp\/v2\/media\/167238"}],"wp:attachment":[{"href":"https:\/\/baldumarket.lt\/lt\/wp-json\/wp\/v2\/media?parent=167237"}],"wp:term":[{"taxonomy":"product_brand","embeddable":true,"href":"https:\/\/baldumarket.lt\/lt\/wp-json\/wp\/v2\/product_brand?post=167237"},{"taxonomy":"product_cat","embeddable":true,"href":"https:\/\/baldumarket.lt\/lt\/wp-json\/wp\/v2\/product_cat?post=167237"},{"taxonomy":"product_tag","embeddable":true,"href":"https:\/\/baldumarket.lt\/lt\/wp-json\/wp\/v2\/product_tag?post=167237"}],"curies":[{"name":"wp","href":"https:\/\/api.w.org\/{rel}","templated":true}]}}