{"id":167229,"date":"2025-12-19T16:28:49","date_gmt":"2025-12-19T13:28:49","guid":{"rendered":"https:\/\/baldumarket.lt\/product\/antica-12-witryna-2-drzwiowa-kraft-zloty\/"},"modified":"2026-02-09T11:10:38","modified_gmt":"2026-02-09T08:10:38","slug":"antica-12-witryna-2-drzwiowa-kraft-zloty","status":"publish","type":"product","link":"https:\/\/baldumarket.lt\/lt\/product\/antica-12-witryna-2-drzwiowa-kraft-zloty\/","title":{"rendered":"ANTICA-12 \u2013 Dviej\u0173 dur\u0173 auksin\u0117 Kraft popieriaus vitrina"},"content":{"rendered":"<p>\u2019Antica-12\u201c vitrina pasi\u017eymi minimalistin\u0117mis linijomis ir klasikin\u0117mis spalvomis, tod\u0117l puikiai tinka tiek moderniam, tiek tradiciniam interjerui. \u201eKraft Gold\u201c spalv\u0173 gama sukuria presti\u017e\u0105 ir prabang\u0105, o sidabro atspalvio metalin\u0117s ranken\u0117l\u0117s subtiliai pabr\u0117\u017eia \u0161\u012f efekt\u0105. \u0160is baldas bus ne tik funkcionalus, bet ir ry\u0161kus dekoratyvinis elementas j\u016bs\u0173 svetain\u0117je ar valgomajame. Spintel\u0117s viduje yra dvejos durys \u2013 vienos tvirtos, kitos su eleganti\u0161ku gr\u016bdinto stiklo priekiu. Tai leid\u017eia stilingai eksponuoti m\u0117gstamus aksesuarus ir dekoracijas, kurios tikrai pritrauks sve\u010di\u0173 d\u0117mes\u012f. \u0160is sprendimas ne tik pagerina estetik\u0105, bet ir sukuria harmoning\u0105 pusiausvyr\u0105 tarp atvir\u0173 ir u\u017edar\u0173 detali\u0173. \u201eAntica-12\u201c vitrina taip pat yra ne\u012ftik\u0117tinai prakti\u0161ka \u2013 dvi lentynos viduje leid\u017eia susitvarkyti \u012fvairius daiktus \u2013 nuo knyg\u0173 iki stiklini\u0173, tod\u0117l spintel\u0117 yra ne tik gra\u017eus priedas, bet ir funkcionalus sprendimas kasdieniame gyvenime. Be to, \u0161velniai u\u017esidaran\u010dios durel\u0117s garantuoja komfort\u0105, pa\u0161alindamos nemalon\u0173 u\u017edarymo girg\u017ed\u0117jim\u0105. Tai paver\u010dia dureli\u0173 naudojim\u0105 tikru malonumu.<\/p>","protected":false},"excerpt":{"rendered":"<p>Plotis (cm): 97<br \/>\n\u016agis (cm): 140,5<br \/>\nGylis (cm): 42<\/p>","protected":false},"featured_media":167230,"comment_status":"open","ping_status":"open","template":"","meta":[],"product_brand":[],"product_cat":[9502,4108,2006],"product_tag":[],"class_list":{"0":"post-167229","1":"product","2":"type-product","3":"status-publish","4":"has-post-thumbnail","6":"product_cat-furniture-system-antica-jarstol-meble","7":"product_cat-jarstol","8":"product_cat-vitrines","10":"first","11":"instock","12":"purchasable","13":"product-type-simple"},"_links":{"self":[{"href":"https:\/\/baldumarket.lt\/lt\/wp-json\/wp\/v2\/product\/167229","targetHints":{"allow":["GET"]}}],"collection":[{"href":"https:\/\/baldumarket.lt\/lt\/wp-json\/wp\/v2\/product"}],"about":[{"href":"https:\/\/baldumarket.lt\/lt\/wp-json\/wp\/v2\/types\/product"}],"replies":[{"embeddable":true,"href":"https:\/\/baldumarket.lt\/lt\/wp-json\/wp\/v2\/comments?post=167229"}],"wp:featuredmedia":[{"embeddable":true,"href":"https:\/\/baldumarket.lt\/lt\/wp-json\/wp\/v2\/media\/167230"}],"wp:attachment":[{"href":"https:\/\/baldumarket.lt\/lt\/wp-json\/wp\/v2\/media?parent=167229"}],"wp:term":[{"taxonomy":"product_brand","embeddable":true,"href":"https:\/\/baldumarket.lt\/lt\/wp-json\/wp\/v2\/product_brand?post=167229"},{"taxonomy":"product_cat","embeddable":true,"href":"https:\/\/baldumarket.lt\/lt\/wp-json\/wp\/v2\/product_cat?post=167229"},{"taxonomy":"product_tag","embeddable":true,"href":"https:\/\/baldumarket.lt\/lt\/wp-json\/wp\/v2\/product_tag?post=167229"}],"curies":[{"name":"wp","href":"https:\/\/api.w.org\/{rel}","templated":true}]}}