{"id":167221,"date":"2025-12-19T16:28:32","date_gmt":"2025-12-19T13:28:32","guid":{"rendered":"https:\/\/baldumarket.lt\/product\/antica-13-stolik-kawowy-lawa-kraft-zloty\/"},"modified":"2026-02-09T11:10:38","modified_gmt":"2026-02-09T08:10:38","slug":"antica-13-stolik-kawowy-lawa-kraft-zloty","status":"publish","type":"product","link":"https:\/\/baldumarket.lt\/lt\/product\/antica-13-stolik-kawowy-lawa-kraft-zloty\/","title":{"rendered":"ANTICA-13 \u2013 Kavos staliukas, auksinis, kraft ra\u0161to"},"content":{"rendered":"<p>\u201eAntica-13\u201c kavos staliukas, pagamintas i\u0161 kraft aukso spalvos, suteikia interjerui modernumo ir tuo pa\u010diu yra nesenstantis baldas, papildantis \u012fvairius interjero dizaino stilius. 120 cm plo\u010dio, 59 cm auk\u0161\u010dio ir 60 cm gylio, jis yra pakankamai erdvus, kad tapt\u0173 nam\u0173 susib\u016brim\u0173 prie kavos ar arbatos pagrindiniu elementu. Pagamintas i\u0161 auk\u0161\u010diausios kokyb\u0117s laminuotos plok\u0161t\u0117s, \u201eAntica-13\u201c kavos staliukas yra ne tik itin patvarus, bet ir lengvai valomas. Lygus stalvir\u0161io pavir\u0161ius ne tik \u017eavi estetiniu patrauklumu, bet ir kiekvien\u0105 pokalb\u012f prie m\u0117gstamo g\u0117rimo puodelio paver\u010dia dar malonesniu. D\u0117l savo konstrukcijos staliukas yra stabilus, u\u017etikrinantis komfort\u0105 tiek kasdien naudojant, tiek didesniuose susib\u016brimuose su \u0161eima ar draugais. Vienas i\u0161 pagrindini\u0173 \u201eAntica-13\u201c i\u0161skirtini\u0173 bruo\u017e\u0173 yra prakti\u0161ka lentyna, puikiai tinkanti laikyti \u012fvairius smulkius daiktus, tokius kaip \u017eurnalai, nuotolinio valdymo pulteliai ar vertingi dokumentai. Tai u\u017etikrina, kad kiekvienas daiktas visada b\u016bt\u0173 pasiekiamas, ta\u010diau esteti\u0161kai pasl\u0117ptas. Tai puikus sprendimas, derinantis stili\u0173 su maksimaliu funkcionalumu, atitinkantis \u0161iuolaikini\u0173 \u0161eim\u0173 poreikius.<\/p>","protected":false},"excerpt":{"rendered":"<p>Plotis (cm): 120<br \/>\n\u016agis (cm): 59<br \/>\nGylis (cm): 42<\/p>","protected":false},"featured_media":167222,"comment_status":"open","ping_status":"open","template":"","meta":[],"product_brand":[],"product_cat":[9502,866,4108],"product_tag":[],"class_list":{"0":"post-167221","1":"product","2":"type-product","3":"status-publish","4":"has-post-thumbnail","6":"product_cat-furniture-system-antica-jarstol-meble","7":"product_cat-coffee-tables","8":"product_cat-jarstol","10":"first","11":"instock","12":"purchasable","13":"product-type-simple"},"_links":{"self":[{"href":"https:\/\/baldumarket.lt\/lt\/wp-json\/wp\/v2\/product\/167221","targetHints":{"allow":["GET"]}}],"collection":[{"href":"https:\/\/baldumarket.lt\/lt\/wp-json\/wp\/v2\/product"}],"about":[{"href":"https:\/\/baldumarket.lt\/lt\/wp-json\/wp\/v2\/types\/product"}],"replies":[{"embeddable":true,"href":"https:\/\/baldumarket.lt\/lt\/wp-json\/wp\/v2\/comments?post=167221"}],"wp:featuredmedia":[{"embeddable":true,"href":"https:\/\/baldumarket.lt\/lt\/wp-json\/wp\/v2\/media\/167222"}],"wp:attachment":[{"href":"https:\/\/baldumarket.lt\/lt\/wp-json\/wp\/v2\/media?parent=167221"}],"wp:term":[{"taxonomy":"product_brand","embeddable":true,"href":"https:\/\/baldumarket.lt\/lt\/wp-json\/wp\/v2\/product_brand?post=167221"},{"taxonomy":"product_cat","embeddable":true,"href":"https:\/\/baldumarket.lt\/lt\/wp-json\/wp\/v2\/product_cat?post=167221"},{"taxonomy":"product_tag","embeddable":true,"href":"https:\/\/baldumarket.lt\/lt\/wp-json\/wp\/v2\/product_tag?post=167221"}],"curies":[{"name":"wp","href":"https:\/\/api.w.org\/{rel}","templated":true}]}}