{"id":167216,"date":"2025-12-19T16:28:22","date_gmt":"2025-12-19T13:28:22","guid":{"rendered":"https:\/\/baldumarket.lt\/product\/antica-14-stolik-kawowy-kraft-zloty\/"},"modified":"2026-02-09T11:10:38","modified_gmt":"2026-02-09T08:10:38","slug":"antica-14-stolik-kawowy-kraft-zloty","status":"publish","type":"product","link":"https:\/\/baldumarket.lt\/lt\/product\/antica-14-stolik-kawowy-kraft-zloty\/","title":{"rendered":"ANTICA-14 \u2013 Kraft auksinis kavos staliukas"},"content":{"rendered":"<p>Atraskite \u201eAntica-14\u201c kavos staliuk\u0105, kuris derina elegancij\u0105 ir funkcionalum\u0105. Jo kraft aukso spalva suteikia jam unikal\u0173 charakter\u012f, tod\u0117l jis puikiai papildys bet kok\u012f interjer\u0105. Sukurtas tiems, kurie vertina estetik\u0105, \u201eAntica-14\u201c suteiks j\u016bs\u0173 svetainei nauj\u0105 dimensij\u0105. Jis tikrai pritrauks j\u016bs\u0173 sve\u010di\u0173 d\u0117mes\u012f, tapdamas kambario dekoro pagrindiniu elementu. \u0160is ma\u017eas, bet erdvus staliukas lengvai dera prie \u012fvairi\u0173 i\u0161d\u0117stym\u0173. Jis puikiai tiks ma\u017eose erdv\u0117se, bet taip pat suteiks \u017eavesio vaiko kambariui, tapdamas prakti\u0161ku elementu knygoms, \u017eaislams ar g\u0117rimams pad\u0117ti. Subtili forma leid\u017eia jam tinka tiek moderniam, tiek klasikiniam interjerui, skland\u017eiai dera su \u012fvairiais stiliais. Jis ne tik \u017eavi savo dizainu, bet ir yra funkcionalus sprendimas kasdieniam naudojimui. Laminuotos plok\u0161t\u0117s naudojimas u\u017etikrina patvarum\u0105 ir lengv\u0105 valym\u0105, tod\u0117l tai idealus pasirinkimas \u0161eimoms su vaikais. Jame galite lengvai laikyti nuotolinio valdymo pultelius, \u017eurnalus ar m\u0117gstamo g\u0117rimo puodelius, m\u0117gaudamiesi jo prakti\u0161kumu neprarandant elegancijos.<\/p>","protected":false},"excerpt":{"rendered":"<p>Plotis (cm): 90<br \/>\n\u016agis (cm): 59<br \/>\nGylis (cm): 60<\/p>","protected":false},"featured_media":167217,"comment_status":"open","ping_status":"open","template":"","meta":[],"product_brand":[],"product_cat":[9502,866,4108],"product_tag":[],"class_list":{"0":"post-167216","1":"product","2":"type-product","3":"status-publish","4":"has-post-thumbnail","6":"product_cat-furniture-system-antica-jarstol-meble","7":"product_cat-coffee-tables","8":"product_cat-jarstol","10":"first","11":"instock","12":"purchasable","13":"product-type-simple"},"_links":{"self":[{"href":"https:\/\/baldumarket.lt\/lt\/wp-json\/wp\/v2\/product\/167216","targetHints":{"allow":["GET"]}}],"collection":[{"href":"https:\/\/baldumarket.lt\/lt\/wp-json\/wp\/v2\/product"}],"about":[{"href":"https:\/\/baldumarket.lt\/lt\/wp-json\/wp\/v2\/types\/product"}],"replies":[{"embeddable":true,"href":"https:\/\/baldumarket.lt\/lt\/wp-json\/wp\/v2\/comments?post=167216"}],"wp:featuredmedia":[{"embeddable":true,"href":"https:\/\/baldumarket.lt\/lt\/wp-json\/wp\/v2\/media\/167217"}],"wp:attachment":[{"href":"https:\/\/baldumarket.lt\/lt\/wp-json\/wp\/v2\/media?parent=167216"}],"wp:term":[{"taxonomy":"product_brand","embeddable":true,"href":"https:\/\/baldumarket.lt\/lt\/wp-json\/wp\/v2\/product_brand?post=167216"},{"taxonomy":"product_cat","embeddable":true,"href":"https:\/\/baldumarket.lt\/lt\/wp-json\/wp\/v2\/product_cat?post=167216"},{"taxonomy":"product_tag","embeddable":true,"href":"https:\/\/baldumarket.lt\/lt\/wp-json\/wp\/v2\/product_tag?post=167216"}],"curies":[{"name":"wp","href":"https:\/\/api.w.org\/{rel}","templated":true}]}}