{"id":167208,"date":"2025-12-19T16:28:04","date_gmt":"2025-12-19T13:28:04","guid":{"rendered":"https:\/\/baldumarket.lt\/product\/antica-15-komoda-rtv-2-drzwiowa-kraft-zloty\/"},"modified":"2026-02-09T11:10:38","modified_gmt":"2026-02-09T08:10:38","slug":"antica-15-komoda-rtv-2-drzwiowa-kraft-zloty","status":"publish","type":"product","link":"https:\/\/baldumarket.lt\/lt\/product\/antica-15-komoda-rtv-2-drzwiowa-kraft-zloty\/","title":{"rendered":"ANTICA-15 \u2013 2 dur\u0173 TV spinta Kraft Gold"},"content":{"rendered":"<p>Su \u201eJarstol\u201c ANTICA-15 televizoriaus spintele suteikite savo svetainei prabangos ir elegancijos. Gra\u017eios \u201eKraft Gold\u201c apdailos spintel\u0117 ne tik \u017eavi savo i\u0161vaizda, bet ir tampa bet kurio interjero traukos centru. D\u0117l ry\u0161kaus dizaino ji tinka tiek moderniam, tiek klasikiniam interjerui, suteikdama jai unikalumo. \u0160i spintel\u0117 yra ne tik ry\u0161kus dekoratyvinis elementas, bet ir funkcionalus baldas, puikiai tinkantis kasdieniam naudojimui. 162 cm plo\u010dio spintel\u0117 lengvai talpina televizori\u0173, grotuv\u0105 ir \u012fvairius televizoriaus priedus. Dvi erdvios \u0161onin\u0117s spintel\u0117s puikiai tinka daugybei daikt\u0173 laikyti, o atvira lentyna centre puikiai tinka suvenyrams ar m\u0117gstamiems porcelianiniams indams eksponuoti. Taip pat verta pamin\u0117ti novatori\u0161k\u0105 \u0161velnaus u\u017edarymo funkcij\u0105, kuri suteikia elegancijos ir \u0161velnumo kiekvienam dureli\u0173 atidarymui ar u\u017edarymui. \u0160i detal\u0117 leid\u017eia naudotis spintele ne tik patogiai, bet ir tyliai, o tai b\u016btina kasdieniame gyvenime. Kai atvyksta sve\u010diai, galite b\u016bti tikri, kad net ir ma\u017eiausi judesiai yra grak\u0161t\u016bs.<\/p>","protected":false},"excerpt":{"rendered":"<p>Plotis (cm): 162<br \/>\n\u016agis (cm): 50<br \/>\nGylis (cm): 60<\/p>","protected":false},"featured_media":167209,"comment_status":"open","ping_status":"open","template":"","meta":[],"product_brand":[],"product_cat":[9502,4108,1175],"product_tag":[],"class_list":{"0":"post-167208","1":"product","2":"type-product","3":"status-publish","4":"has-post-thumbnail","6":"product_cat-furniture-system-antica-jarstol-meble","7":"product_cat-jarstol","8":"product_cat-tv-stands","10":"first","11":"instock","12":"purchasable","13":"product-type-simple"},"_links":{"self":[{"href":"https:\/\/baldumarket.lt\/lt\/wp-json\/wp\/v2\/product\/167208","targetHints":{"allow":["GET"]}}],"collection":[{"href":"https:\/\/baldumarket.lt\/lt\/wp-json\/wp\/v2\/product"}],"about":[{"href":"https:\/\/baldumarket.lt\/lt\/wp-json\/wp\/v2\/types\/product"}],"replies":[{"embeddable":true,"href":"https:\/\/baldumarket.lt\/lt\/wp-json\/wp\/v2\/comments?post=167208"}],"wp:featuredmedia":[{"embeddable":true,"href":"https:\/\/baldumarket.lt\/lt\/wp-json\/wp\/v2\/media\/167209"}],"wp:attachment":[{"href":"https:\/\/baldumarket.lt\/lt\/wp-json\/wp\/v2\/media?parent=167208"}],"wp:term":[{"taxonomy":"product_brand","embeddable":true,"href":"https:\/\/baldumarket.lt\/lt\/wp-json\/wp\/v2\/product_brand?post=167208"},{"taxonomy":"product_cat","embeddable":true,"href":"https:\/\/baldumarket.lt\/lt\/wp-json\/wp\/v2\/product_cat?post=167208"},{"taxonomy":"product_tag","embeddable":true,"href":"https:\/\/baldumarket.lt\/lt\/wp-json\/wp\/v2\/product_tag?post=167208"}],"curies":[{"name":"wp","href":"https:\/\/api.w.org\/{rel}","templated":true}]}}