{"id":167200,"date":"2025-12-19T16:27:46","date_gmt":"2025-12-19T13:27:46","guid":{"rendered":"https:\/\/baldumarket.lt\/product\/antica-16-szafa-2-drzwiowa-kraft-zloty\/"},"modified":"2026-02-09T11:10:38","modified_gmt":"2026-02-09T08:10:38","slug":"antica-16-szafa-2-drzwiowa-kraft-zloty","status":"publish","type":"product","link":"https:\/\/baldumarket.lt\/lt\/product\/antica-16-szafa-2-drzwiowa-kraft-zloty\/","title":{"rendered":"ANTICA-16 \u2013 2 dur\u0173 spinta Kraft Gold"},"content":{"rendered":"<p>\u2019Antica-16\u201c \u2013 eleganti\u0161ka dviej\u0173 dur\u0173 spinta, puikiai derinanti funkcionalum\u0105 ir modern\u0173 stili\u0173. Unikalus \u201eKraft Gold\u201c spalvos korpusas ir priekin\u0117 dalis traukia ak\u012f ir suteikia bet kokiam interjerui unikali\u0105 atmosfer\u0105. 107 cm plo\u010dio, 198 cm auk\u0161\u010dio ir 58 cm gylio spinta idealiai tinka \u012fvairioms erdv\u0117ms \u2013 nuo miegam\u0173j\u0173 iki koridori\u0173. Minimalistinis dizainas dera prie bet kokio interjero stiliaus \u2013 nuo skandinavi\u0161ko iki klasikinio. \u201eAntica-16\u201c pasi\u017eymi apgalvotais sprendimais, leid\u017eian\u010diais puikiai sutvarkyti visus j\u016bs\u0173 drabu\u017eius ir aksesuarus. Erdvios lentynos ir drabu\u017ei\u0173 kabykla \u2013 puiki vieta drabu\u017eiams laikyti, neleid\u017eiant jiems susiglam\u017eyti. Lengvas pri\u0117jimas prie m\u0117gstamiausi\u0173 drabu\u017ei\u0173 paver\u010dia j\u016bs\u0173 kasdienyb\u0119 malonumu. Spinta su \u0161velnaus u\u017edarymo sistema u\u017etikrina, kad durys u\u017esidaryt\u0173 \u0161velniai, sukurdamos ramyb\u0117s ir harmonijos atmosfer\u0105 j\u016bs\u0173 aplinkoje. \u201eAntica-16\u201c s\u0117km\u0117 taip pat slypi auk\u0161tos kokyb\u0117s med\u017eiagose. Pagaminta i\u0161 laminuotos plok\u0161t\u0117s, spinta i\u0161laiko savo elegancij\u0105 ir patvarum\u0105, o sidabrin\u0117s metalin\u0117s ranken\u0117l\u0117s gra\u017eiai kontrastuoja su \u0161iltu med\u017eio atspalviu, suteikdamos visai konstrukcijai modernumo. D\u0117l \u0161i\u0173 kruop\u0161\u010diai parinkt\u0173 detali\u0173 spinta tampa ne tik baldu, bet ir stilingu dekoratyviniu elementu bet kuriame interjere.<\/p>","protected":false},"excerpt":{"rendered":"<p>Plotis (cm): 107<br \/>\n\u016agis (cm): 198<br \/>\nGylis (cm): 42<\/p>","protected":false},"featured_media":167201,"comment_status":"open","ping_status":"open","template":"","meta":[],"product_brand":[],"product_cat":[9502,4108,1177],"product_tag":[],"class_list":{"0":"post-167200","1":"product","2":"type-product","3":"status-publish","4":"has-post-thumbnail","6":"product_cat-furniture-system-antica-jarstol-meble","7":"product_cat-jarstol","8":"product_cat-wardrobes","10":"first","11":"instock","12":"purchasable","13":"product-type-simple"},"_links":{"self":[{"href":"https:\/\/baldumarket.lt\/lt\/wp-json\/wp\/v2\/product\/167200","targetHints":{"allow":["GET"]}}],"collection":[{"href":"https:\/\/baldumarket.lt\/lt\/wp-json\/wp\/v2\/product"}],"about":[{"href":"https:\/\/baldumarket.lt\/lt\/wp-json\/wp\/v2\/types\/product"}],"replies":[{"embeddable":true,"href":"https:\/\/baldumarket.lt\/lt\/wp-json\/wp\/v2\/comments?post=167200"}],"wp:featuredmedia":[{"embeddable":true,"href":"https:\/\/baldumarket.lt\/lt\/wp-json\/wp\/v2\/media\/167201"}],"wp:attachment":[{"href":"https:\/\/baldumarket.lt\/lt\/wp-json\/wp\/v2\/media?parent=167200"}],"wp:term":[{"taxonomy":"product_brand","embeddable":true,"href":"https:\/\/baldumarket.lt\/lt\/wp-json\/wp\/v2\/product_brand?post=167200"},{"taxonomy":"product_cat","embeddable":true,"href":"https:\/\/baldumarket.lt\/lt\/wp-json\/wp\/v2\/product_cat?post=167200"},{"taxonomy":"product_tag","embeddable":true,"href":"https:\/\/baldumarket.lt\/lt\/wp-json\/wp\/v2\/product_tag?post=167200"}],"curies":[{"name":"wp","href":"https:\/\/api.w.org\/{rel}","templated":true}]}}