{"id":167192,"date":"2025-12-19T16:27:30","date_gmt":"2025-12-19T13:27:30","guid":{"rendered":"https:\/\/baldumarket.lt\/product\/antica-17-szafa-1-drzwiowa-kraft-zloty\/"},"modified":"2026-02-09T11:10:38","modified_gmt":"2026-02-09T08:10:38","slug":"antica-17-szafa-1-drzwiowa-kraft-zloty","status":"publish","type":"product","link":"https:\/\/baldumarket.lt\/lt\/product\/antica-17-szafa-1-drzwiowa-kraft-zloty\/","title":{"rendered":"ANTICA-17 \u2013 1 dur\u0173 spinta Kraft Gold"},"content":{"rendered":"<p>Ie\u0161kote eleganti\u0161ko ir funkcionalaus sprendimo savo interjerui? \u201eJarstol\u201c vien\u0173 dur\u0173 spinta \u201eAntica-17\u201c \u2013 puikus pasirinkimas tiems, kurie nori derinti modern\u0173 dizain\u0105 su kasdieniu prakti\u0161kumu. Apdaila itin stilinga \u201eKraft Gold\u201c spalva ir pagaminta i\u0161 auk\u0161tos kokyb\u0117s laminuotos plok\u0161t\u0117s, ji \u017eavi savo paprastumu ir estetika, suteikdama bet kokiai patalpai unikal\u0173 charakter\u012f. Minimalistinis dizainas puikiai tinka tiek moderniam, tiek klasikiniam interjerui. \u201eAntica-17\u201c ne tik atrodo gra\u017eiai, bet ir turi daugyb\u0119 praktini\u0173 savybi\u0173. \u012erengta pakabinimo sistema suteikia patogi\u0105 viet\u0105 pakabinti m\u0117gstamus drabu\u017eius, taupant verting\u0105 viet\u0105 ir padedant tvarkingai palaikyti garderob\u0105. Be to, dvi erdvios lentynos leid\u017eia susid\u0117ti \u012fvairius aksesuarus ar drabu\u017eius, sukuriant funkcionali\u0105 erdv\u0119, kuri d\u017eiugins ak\u012f. \u0160velniai u\u017esidaran\u010dios durys \u2013 dar vienas \u0161ios spintos privalumas, u\u017etikrinantis i\u0161skirtin\u012f komfort\u0105. D\u0117l \u0161io sprendimo durys u\u017esidaro \u0161velniai ir tyliai, praturtindamos kasdien\u012f bald\u0173 naudojim\u0105 ir sukurdamos jauki\u0105 atmosfer\u0105 j\u016bs\u0173 interjere. Tai puiki spinta tiems, kurie ie\u0161ko ir estetikos, ir komforto.<\/p>","protected":false},"excerpt":{"rendered":"<p>Plotis (cm): 67<br \/>\n\u016agis (cm): 198<br \/>\nGylis (cm): 58<\/p>","protected":false},"featured_media":167193,"comment_status":"open","ping_status":"open","template":"","meta":[],"product_brand":[],"product_cat":[9502,4108,1177],"product_tag":[],"class_list":{"0":"post-167192","1":"product","2":"type-product","3":"status-publish","4":"has-post-thumbnail","6":"product_cat-furniture-system-antica-jarstol-meble","7":"product_cat-jarstol","8":"product_cat-wardrobes","10":"first","11":"instock","12":"purchasable","13":"product-type-simple"},"_links":{"self":[{"href":"https:\/\/baldumarket.lt\/lt\/wp-json\/wp\/v2\/product\/167192","targetHints":{"allow":["GET"]}}],"collection":[{"href":"https:\/\/baldumarket.lt\/lt\/wp-json\/wp\/v2\/product"}],"about":[{"href":"https:\/\/baldumarket.lt\/lt\/wp-json\/wp\/v2\/types\/product"}],"replies":[{"embeddable":true,"href":"https:\/\/baldumarket.lt\/lt\/wp-json\/wp\/v2\/comments?post=167192"}],"wp:featuredmedia":[{"embeddable":true,"href":"https:\/\/baldumarket.lt\/lt\/wp-json\/wp\/v2\/media\/167193"}],"wp:attachment":[{"href":"https:\/\/baldumarket.lt\/lt\/wp-json\/wp\/v2\/media?parent=167192"}],"wp:term":[{"taxonomy":"product_brand","embeddable":true,"href":"https:\/\/baldumarket.lt\/lt\/wp-json\/wp\/v2\/product_brand?post=167192"},{"taxonomy":"product_cat","embeddable":true,"href":"https:\/\/baldumarket.lt\/lt\/wp-json\/wp\/v2\/product_cat?post=167192"},{"taxonomy":"product_tag","embeddable":true,"href":"https:\/\/baldumarket.lt\/lt\/wp-json\/wp\/v2\/product_tag?post=167192"}],"curies":[{"name":"wp","href":"https:\/\/api.w.org\/{rel}","templated":true}]}}